{"id":1862,"date":"2017-03-21T02:26:31","date_gmt":"2017-03-21T02:26:31","guid":{"rendered":"http:\/\/www.papsonline.org\/?page_id=1862\/"},"modified":"2017-03-31T16:45:23","modified_gmt":"2017-03-31T16:45:23","slug":"donativos","status":"publish","type":"page","link":"https:\/\/www.paps.pt\/pt-pt\/donativos\/","title":{"rendered":"Donativos"},"content":{"rendered":"<p><div  class=\"fusion-fullwidth fullwidth-box fusion-parallax-none nonhundred-percent-fullwidth fusion-equal-height-columns\"  style='background-color: rgba(255,255,255,0);background-image: url(\"http:\/\/www.paps.pt\/wp-content\/uploads\/2016\/09\/paps-member-pic.jpg\");background-position: center center;background-repeat: no-repeat;padding-top:60px;padding-right:0px;padding-left:0px;border-top-width:0px;border-bottom-width:0px;border-color:#eae9e9;border-top-style:solid;border-bottom-style:solid;-webkit-background-size:cover;-moz-background-size:cover;-o-background-size:cover;background-size:cover;background-attachment:none;'><div class=\"fusion-builder-row fusion-row \"><div  class=\"fusion-layout-column fusion_builder_column fusion_builder_column_1_1  fusion-one-full fusion-column-first fusion-column-last 1_1\"  style='margin-top:0px;margin-bottom:45px;'>\n\t\t\t<div class=\"fusion-column-wrapper\" style=\"background-position:left top;background-repeat:no-repeat;-webkit-background-size:cover;-moz-background-size:cover;-o-background-size:cover;background-size:cover;\"  data-bg-url=\"\">\n\t\t\t\t<div class=\"fusion-column-content-centered\"><div class=\"fusion-column-content\"><div class=\"fusion-title title fusion-sep-none fusion-title-size-one\" style=\"margin-top:0px;margin-bottom:0px;\"><h1 class=\"title-heading-left\"><h4 class=\"white\" style=\"text-align: center;\">Donativos<\/h4>\n<h1 class=\"white\" style=\"text-align: center;\">Ajude-nos a crescer!<\/h1><\/h1><\/div><\/div><\/div><div class=\"fusion-clearfix\"><\/div>\n\n\t\t\t<\/div>\n\t\t<\/div><\/div><\/div><div  class=\"fusion-fullwidth fullwidth-box hundred-percent-fullwidth\"  style='background-color: rgba(255,255,255,0);background-position: center center;background-repeat: no-repeat;padding-top:0px;padding-right:30px;padding-bottom:0px;padding-left:30px;margin-top: 40px;'><div class=\"fusion-builder-row fusion-row \"><div  class=\"fusion-layout-column fusion_builder_column fusion_builder_column_1_1  fusion-one-full fusion-column-first fusion-column-last fusion-column-no-min-height 1_1\"  style='margin-top:0px;margin-bottom:0px;'>\n\t\t\t<div class=\"fusion-column-wrapper\" style=\"background-position:left top;background-repeat:no-repeat;-webkit-background-size:cover;-moz-background-size:cover;-o-background-size:cover;background-size:cover;\"  data-bg-url=\"\">\n\t\t\t\t<div class=\"fusion-sep-clear\"><\/div><div class=\"fusion-separator fusion-full-width-sep sep-none\" style=\"margin-left: auto;margin-right: auto;margin-top:;\"><\/div><div class=\"fusion-clearfix\"><\/div>\n\n\t\t\t<\/div>\n\t\t<\/div><\/div><\/div><div  class=\"fusion-fullwidth fullwidth-box nonhundred-percent-fullwidth\"  style='background-color: rgba(255,255,255,0);background-position: left top;background-repeat: no-repeat;padding-top:20px;padding-right:0px;padding-bottom:20px;padding-left:0px;border-top-width:0px;border-bottom-width:0px;border-color:#eae9e9;border-top-style:solid;border-bottom-style:solid;'><div class=\"fusion-builder-row fusion-row \"><div  class=\"fusion-layout-column fusion_builder_column fusion_builder_column_1_6  fusion-one-sixth fusion-column-first 1_6\"  style='margin-top:0px;margin-bottom:20px;width:13.3333%; margin-right: 4%;'>\n\t\t\t<div class=\"fusion-column-wrapper\" style=\"background-position:left top;background-repeat:no-repeat;-webkit-background-size:cover;-moz-background-size:cover;-o-background-size:cover;background-size:cover;\"  data-bg-url=\"\">\n\t\t\t\t<div class=\"fusion-clearfix\"><\/div>\n\n\t\t\t<\/div>\n\t\t<\/div><div  class=\"fusion-layout-column fusion_builder_column fusion_builder_column_1_3  fusion-one-third 1_3\"  style='margin-top:0px;margin-bottom:20px;width:30.6666%; margin-right: 4%;'>\n\t\t\t<div class=\"fusion-column-wrapper\" style=\"background-position:left top;background-repeat:no-repeat;-webkit-background-size:cover;-moz-background-size:cover;-o-background-size:cover;background-size:cover;\"  data-bg-url=\"\">\n\t\t\t\t<h1 class=\"margin-top-zero\" style=\"text-align: left;\">Como fazer um donativo?<\/h1>\n<h3>Se quiser fazer um donativo \u00e0 PAPS, use por favor a<br \/>\naplica\u00e7\u00e3o PayPal ou pe\u00e7a-nos informa\u00e7\u00f5es sobre a<br \/>\nnossa conta banc\u00e1ria atrav\u00e9s\u00a0<a href=\"http:\/\/www.paps.pt\/about\/contacts\/\">deste link<\/a>.<\/h3>\n<h1 class=\"margin-top-zero\" style=\"text-align: left;\">Como \u00e9 que o seu donativo<br \/>\nnos ajuda a crescer?<\/h1>\n<h3>Os donativos ser\u00e3o utilizados para apoiar e desenvolver os v\u00e1rios projetos da PAPS, incluindo as iniciativas PAPSpeakers, PAPSummer, F\u00f3rum PAPS, entre outros. Se preferir apoiar especificamente um dos projetos PAPS, pode faz\u00ea-lo indicando a sua prefer\u00eancia no momento da atribui\u00e7\u00e3o do donativo. Para mais informa\u00e7\u00f5es ou quest\u00f5es contacte-nos atrav\u00e9s\u00a0<a href=\"http:\/\/www.paps.pt\/about\/contacts\/\">deste link<\/a>.<\/h3>\n<h3>\nPode tamb\u00e9m contribuir para a PAPS com bens materiais, tais como:<\/h3>\n<h4>\u00b7 Past\u00e9is de Nata<br \/>\n\u00b7 Alheira<br \/>\n\u00b7 Aquela marca de sumo portuguesa em que eles espremem a fruta toda inteira para dentro de um frasquinho<br \/>\n\u00b7 (Bacalhau ja\u0301 temos!)<\/h4>\n<div class=\"fusion-clearfix\"><\/div>\n\n\t\t\t<\/div>\n\t\t<\/div><div  class=\"fusion-layout-column fusion_builder_column fusion_builder_column_1_3  fusion-one-third 1_3\"  style='margin-top:0px;margin-bottom:20px;width:30.6666%; margin-right: 4%;'>\n\t\t\t<div class=\"fusion-column-wrapper\" style=\"background-position:left top;background-repeat:no-repeat;-webkit-background-size:cover;-moz-background-size:cover;-o-background-size:cover;background-size:cover;\"  data-bg-url=\"\">\n\t\t\t\t<h2 class=\"margin-bottom-zero\" style=\"text-align: left;\">PAYPAL<\/h2>\n<h4 class=\"margin-top-zero\" style=\"text-align: left;\">N\u00e3o \u00e9 necess\u00e1rio ter uma conta Paypal.<\/h4>\n<form action=\"https:\/\/www.paypal.com\/cgi-bin\/webscr\" method=\"post\" >\r\n<input type=\"hidden\" name=\"cmd\" value=\"_s-xclick\">\r\n<input type=\"hidden\" name=\"hosted_button_id\" value=\"6557V83LXCE5W\">\r\n<input type=\"image\" src=\"https:\/\/www.paypalobjects.com\/en_US\/i\/btn\/btn_donateCC_LG.gif\" border=\"0\" name=\"submit\" alt=\"PayPal - The safer, easier way to pay online!\">\r\n<img loading=\"lazy\" decoding=\"async\" alt=\"\" border=\"0\" src=\"https:\/\/www.paypalobjects.com\/en_US\/i\/scr\/pixel.gif\" width=\"1\" height=\"1\">\r\n<\/form><h2 style=\"text-align: left; margin-top: 40px !important;\"><\/h2>\n<h2 style=\"text-align: left;\">WIRE\u00a0TRANSFER<\/h2>\n<h4>Se preferir fazer o seu donativo atrav\u00e9s de transfer\u00eancia banc\u00e1ria<br \/>\nuse\u00a0<a href=\"http:\/\/www.paps.pt\/about\/contacts\/\">este link<\/a>\u00a0para pedir informa\u00e7\u00f5es sobre a conta PAPS.<\/h4>\n<div class=\"fusion-clearfix\"><\/div>\n\n\t\t\t<\/div>\n\t\t<\/div><div  class=\"fusion-layout-column fusion_builder_column fusion_builder_column_1_6  fusion-one-sixth fusion-column-last 1_6\"  style='margin-top:0px;margin-bottom:20px;width:13.3333%'>\n\t\t\t<div class=\"fusion-column-wrapper\" style=\"background-position:left top;background-repeat:no-repeat;-webkit-background-size:cover;-moz-background-size:cover;-o-background-size:cover;background-size:cover;\"  data-bg-url=\"\">\n\t\t\t\t<div class=\"fusion-clearfix\"><\/div>\n\n\t\t\t<\/div>\n\t\t<\/div><\/div><\/div><\/p>\n","protected":false},"excerpt":{"rendered":"","protected":false},"author":8,"featured_media":0,"parent":0,"menu_order":0,"comment_status":"closed","ping_status":"closed","template":"100-width.php","meta":{"footnotes":""},"class_list":["post-1862","page","type-page","status-publish","hentry"],"_links":{"self":[{"href":"https:\/\/www.paps.pt\/pt-pt\/wp-json\/wp\/v2\/pages\/1862","targetHints":{"allow":["GET"]}}],"collection":[{"href":"https:\/\/www.paps.pt\/pt-pt\/wp-json\/wp\/v2\/pages"}],"about":[{"href":"https:\/\/www.paps.pt\/pt-pt\/wp-json\/wp\/v2\/types\/page"}],"author":[{"embeddable":true,"href":"https:\/\/www.paps.pt\/pt-pt\/wp-json\/wp\/v2\/users\/8"}],"replies":[{"embeddable":true,"href":"https:\/\/www.paps.pt\/pt-pt\/wp-json\/wp\/v2\/comments?post=1862"}],"version-history":[{"count":5,"href":"https:\/\/www.paps.pt\/pt-pt\/wp-json\/wp\/v2\/pages\/1862\/revisions"}],"predecessor-version":[{"id":1952,"href":"https:\/\/www.paps.pt\/pt-pt\/wp-json\/wp\/v2\/pages\/1862\/revisions\/1952"}],"wp:attachment":[{"href":"https:\/\/www.paps.pt\/pt-pt\/wp-json\/wp\/v2\/media?parent=1862"}],"curies":[{"name":"wp","href":"https:\/\/api.w.org\/{rel}","templated":true}]}}