{"id":1928,"date":"2017-03-30T23:41:07","date_gmt":"2017-03-30T23:41:07","guid":{"rendered":"http:\/\/www.papsonline.org\/?page_id=1928\/"},"modified":"2018-03-04T17:17:00","modified_gmt":"2018-03-04T17:17:00","slug":"paps-forum","status":"publish","type":"page","link":"https:\/\/www.paps.pt\/pt-pt\/paps-forum\/","title":{"rendered":"PAPS Forum"},"content":{"rendered":"<p><div  class=\"fusion-fullwidth fullwidth-box fusion-parallax-none nonhundred-percent-fullwidth fusion-equal-height-columns\"  style='background-color: #c1c1bf;background-image: url(\"http:\/\/www.paps.pt\/wp-content\/uploads\/2017\/02\/paps-lightsbannerx2.jpg\");background-position: center center;background-repeat: no-repeat;padding-top:20px;padding-right:0px;padding-left:0px;border-top-width:0px;border-bottom-width:0px;border-color:#eae9e9;border-top-style:solid;border-bottom-style:solid;-webkit-background-size:cover;-moz-background-size:cover;-o-background-size:cover;background-size:cover;background-attachment:none;'><div class=\"fusion-builder-row fusion-row \"><div  class=\"fusion-layout-column fusion_builder_column fusion_builder_column_1_1  fusion-one-full fusion-column-first fusion-column-last 1_1\"  style='margin-top:0px;margin-bottom:15px;'>\n\t\t\t<div class=\"fusion-column-wrapper\" style=\"background-position:left top;background-repeat:no-repeat;-webkit-background-size:cover;-moz-background-size:cover;-o-background-size:cover;background-size:cover;\"  data-bg-url=\"\">\n\t\t\t\t<div class=\"fusion-column-content-centered\"><div class=\"fusion-column-content\"><div class=\"fusion-title title fusion-sep-none fusion-title-size-one\" style=\"margin-top:0px;margin-bottom:0px;\"><h1 class=\"title-heading-left\"><h1 class=\"white\">F\u00f3rum PAPS<\/h1><\/h1><\/div><\/div><\/div><div class=\"fusion-clearfix\"><\/div>\n\n\t\t\t<\/div>\n\t\t<\/div><\/div><\/div><div  class=\"fusion-fullwidth fullwidth-box nonhundred-percent-fullwidth fusion-equal-height-columns\"  style='background-color: #ebedf0;background-position: left top;background-repeat: no-repeat;padding-top:20px;padding-right:0px;padding-bottom:20px;padding-left:0px;border-top-width:0px;border-bottom-width:0px;border-color:#eae9e9;border-top-style:solid;border-bottom-style:solid;'><div class=\"fusion-builder-row fusion-row \"><div  class=\"fusion-layout-column fusion_builder_column fusion_builder_column_1_1  fusion-one-full fusion-column-first fusion-column-last 1_1\"  style='margin-top:0px;margin-bottom:20px;'>\n\t\t\t<div class=\"fusion-column-wrapper\" style=\"background-position:left top;background-repeat:no-repeat;-webkit-background-size:cover;-moz-background-size:cover;-o-background-size:cover;background-size:cover;\"  data-bg-url=\"\">\n\t\t\t\t<div class=\"fusion-column-content-centered\"><div class=\"fusion-column-content\"><h3>Sobre o F\u00f3rum PAPS<\/h3>\n<h4>O F\u00f3rum PAPS \u00e9 um dos eventos principais da PAPS que re\u00fane anualmente membros sedeados em diferentes \u00e1reas geogr\u00e1ficas na Am\u00e9rica do Norte, personalidades relevantes de diversas \u00e1reas acad\u00e9micas, entidades governamentais, artistas, gestores e empreendedores, com o objetivo de promover debates tem\u00e1ticos e a socializa\u00e7\u00e3o. O sucesso do F\u00f3rum PAPS, ao longo dos anos, deve-se ao interesse demonstrado por membros, oradores e restantes participantes.<\/h4>\n<\/div><\/div><div class=\"fusion-clearfix\"><\/div>\n\n\t\t\t<\/div>\n\t\t<\/div><\/div><\/div><div  class=\"fusion-fullwidth fullwidth-box hundred-percent-fullwidth\"  style='background-color: rgba(255,255,255,0);background-position: center center;background-repeat: no-repeat;padding-top:0px;padding-right:30px;padding-bottom:40px;padding-left:30px;'><div class=\"fusion-builder-row fusion-row \"><div  class=\"fusion-layout-column fusion_builder_column fusion_builder_column_1_1  fusion-one-full fusion-column-first fusion-column-last fusion-column-no-min-height 1_1\"  style='margin-top:0px;margin-bottom:0px;'>\n\t\t\t<div class=\"fusion-column-wrapper\" style=\"background-position:left top;background-repeat:no-repeat;-webkit-background-size:cover;-moz-background-size:cover;-o-background-size:cover;background-size:cover;\"  data-bg-url=\"\">\n\t\t\t\t<div class=\"fusion-section-separator section-separator\" style=\"border-bottom:1px solid #384666;margin-left:-30px;margin-right:-30px;\"><div class=\"divider-candy-arrow bottom\" style=\"top:0px;border-top-color: #384666;\"><\/div><div class=\"divider-candy bottom\" style=\"bottom:-21px;border-bottom:1px solid #384666;border-left:1px solid #384666;\"><\/div><\/div><div class=\"fusion-clearfix\"><\/div>\n\n\t\t\t<\/div>\n\t\t<\/div><\/div><\/div><div  class=\"fusion-fullwidth fullwidth-box nonhundred-percent-fullwidth\"  style='background-color: rgba(255,255,255,0);background-position: center center;background-repeat: no-repeat;padding-top:20px;padding-right:0px;padding-bottom:20px;padding-left:0px;'><div class=\"fusion-builder-row fusion-row \"><div  class=\"fusion-layout-column fusion_builder_column fusion_builder_column_1_4  fusion-one-fourth fusion-column-first 1_4\"  style='margin-top:0px;margin-bottom:1%;width:25%;width:calc(25% - ( ( 1% + 1% + 1% ) * 0.25 ) );margin-right: 1%;'>\n\t\t\t<div class=\"fusion-column-wrapper\" style=\"padding: 70px 0px 70px 0px;background-image: url('http:\/\/www.paps.pt\/wp-content\/uploads\/2017\/01\/paps-boston-yellow.jpg');background-position:center center;background-repeat:no-repeat;-webkit-background-size:cover;-moz-background-size:cover;-o-background-size:cover;background-size:cover;\"  data-bg-url=\"http:\/\/www.paps.pt\/wp-content\/uploads\/2017\/01\/paps-boston-yellow.jpg\">\n\t\t\t\t<div class=\"fusion-column-content-centered\"><div class=\"fusion-column-content\"><h3 class=\"white\" style=\"text-align: center;\">2018<\/h3>\n<h3 class=\"white\" style=\"text-align: center;\">Boston, MA,\u00a0EUA<\/h3>\n<p class=\"white\" style=\"text-align: center;\"><a href=\"http:\/\/www.paps.pt\/pt-pt\/event\/xvii-paps-forum-paps-20-years-sailing-into-the-future-pt\/\">Ver Programa<\/a><\/p>\n<\/div><\/div><div class=\"fusion-clearfix\"><\/div>\n\n\t\t\t<\/div>\n\t\t<\/div><div  class=\"fusion-layout-column fusion_builder_column fusion_builder_column_1_4  fusion-one-fourth 1_4\"  style='margin-top:0px;margin-bottom:1%;width:25%;width:calc(25% - ( ( 1% + 1% + 1% ) * 0.25 ) );margin-right: 1%;'>\n\t\t\t<div class=\"fusion-column-wrapper\" style=\"padding: 70px 0px 70px 0px;background-image: url('http:\/\/www.paps.pt\/wp-content\/uploads\/2016\/09\/paps-newyork-2.jpg');background-position:center center;background-repeat:no-repeat;-webkit-background-size:cover;-moz-background-size:cover;-o-background-size:cover;background-size:cover;\"  data-bg-url=\"http:\/\/www.paps.pt\/wp-content\/uploads\/2016\/09\/paps-newyork-2.jpg\">\n\t\t\t\t<div class=\"fusion-column-content-centered\"><div class=\"fusion-column-content\"><h3 class=\"white\" style=\"text-align: center;\">2016<\/h3>\n<h3 class=\"white\" style=\"text-align: center;\">New York City,\u00a0NY, USA<\/h3>\n<p class=\"white\" style=\"text-align: center;\"><a href=\"\/pt-pt\/paps-forum-2016\">Ver Programa<\/a><\/p>\n<\/div><\/div><div class=\"fusion-clearfix\"><\/div>\n\n\t\t\t<\/div>\n\t\t<\/div><div  class=\"fusion-layout-column fusion_builder_column fusion_builder_column_1_4  fusion-one-fourth 1_4\"  style='margin-top:0px;margin-bottom:1%;width:25%;width:calc(25% - ( ( 1% + 1% + 1% ) * 0.25 ) );margin-right: 1%;'>\n\t\t\t<div class=\"fusion-column-wrapper\" style=\"padding: 70px 0px 70px 0px;background-image: url('http:\/\/www.paps.pt\/wp-content\/uploads\/2017\/01\/paps-washington-2-red.jpg');background-position:center center;background-repeat:no-repeat;-webkit-background-size:cover;-moz-background-size:cover;-o-background-size:cover;background-size:cover;\"  data-bg-url=\"http:\/\/www.paps.pt\/wp-content\/uploads\/2017\/01\/paps-washington-2-red.jpg\">\n\t\t\t\t<div class=\"fusion-column-content-centered\"><div class=\"fusion-column-content\"><h3 class=\"white\" style=\"text-align: center;\">2014<\/h3>\n<h3 class=\"white\" style=\"text-align: center;\">Washington DC, USA<\/h3>\n<p class=\"white\" style=\"text-align: center;\"><a href=\"\/pt-pt\/paps-forum-2014\/\">Ver Programa<\/a><\/p>\n<\/div><\/div><div class=\"fusion-clearfix\"><\/div>\n\n\t\t\t<\/div>\n\t\t<\/div><div  class=\"fusion-layout-column fusion_builder_column fusion_builder_column_1_4  fusion-one-fourth fusion-column-last 1_4\"  style='margin-top:0px;margin-bottom:1%;width:25%;width:calc(25% - ( ( 1% + 1% + 1% ) * 0.25 ) );'>\n\t\t\t<div class=\"fusion-column-wrapper\" style=\"padding: 70px 0px 70px 0px;background-image: url('http:\/\/www.paps.pt\/wp-content\/uploads\/2017\/01\/paps-boston-yellow.jpg');background-position:center center;background-repeat:no-repeat;-webkit-background-size:cover;-moz-background-size:cover;-o-background-size:cover;background-size:cover;\"  data-bg-url=\"http:\/\/www.paps.pt\/wp-content\/uploads\/2017\/01\/paps-boston-yellow.jpg\">\n\t\t\t\t<div class=\"fusion-column-content-centered\"><div class=\"fusion-column-content\"><h3 class=\"white\" style=\"text-align: center;\">2013<\/h3>\n<h3 class=\"white\" style=\"text-align: center;\">Boston, MA, USA<\/h3>\n<p class=\"white\" style=\"text-align: center;\"><a href=\"\/pt-pt\/paps-forum-2013\/\">Ver Programa<\/a><\/p>\n<\/div><\/div><div class=\"fusion-clearfix\"><\/div>\n\n\t\t\t<\/div>\n\t\t<\/div><div  class=\"fusion-layout-column fusion_builder_column fusion_builder_column_1_4  fusion-one-fourth fusion-column-first 1_4\"  style='margin-top:0px;margin-bottom:1%;width:25%;width:calc(25% - ( ( 1% + 1% + 1% ) * 0.25 ) );margin-right: 1%;'>\n\t\t\t<div class=\"fusion-column-wrapper\" style=\"padding: 70px 0px 70px 0px;background-image: url('http:\/\/www.paps.pt\/wp-content\/uploads\/2017\/01\/paps-toronto-blue.jpg');background-position:center center;background-repeat:no-repeat;-webkit-background-size:cover;-moz-background-size:cover;-o-background-size:cover;background-size:cover;\"  data-bg-url=\"http:\/\/www.paps.pt\/wp-content\/uploads\/2017\/01\/paps-toronto-blue.jpg\">\n\t\t\t\t<div class=\"fusion-column-content-centered\"><div class=\"fusion-column-content\"><h3 class=\"white\" style=\"text-align: center;\">2012<\/h3>\n<h3 class=\"white\" style=\"text-align: center;\">Toronto,\u00a0Canada<\/h3>\n<p class=\"white\" style=\"text-align: center;\"><a href=\"\/pt-pt\/paps-forum-2012\">Ver Programa<\/a><\/p>\n<\/div><\/div><div class=\"fusion-clearfix\"><\/div>\n\n\t\t\t<\/div>\n\t\t<\/div><div  class=\"fusion-layout-column fusion_builder_column fusion_builder_column_1_4  fusion-one-fourth 1_4\"  style='margin-top:0px;margin-bottom:1%;width:25%;width:calc(25% - ( ( 1% + 1% + 1% ) * 0.25 ) );margin-right: 1%;'>\n\t\t\t<div class=\"fusion-column-wrapper\" style=\"padding: 70px 0px 70px 0px;background-image: url('http:\/\/www.paps.pt\/wp-content\/uploads\/2017\/01\/paps-newyork-2-blue.jpg');background-position:center center;background-repeat:no-repeat;-webkit-background-size:cover;-moz-background-size:cover;-o-background-size:cover;background-size:cover;\"  data-bg-url=\"http:\/\/www.paps.pt\/wp-content\/uploads\/2017\/01\/paps-newyork-2-blue.jpg\">\n\t\t\t\t<div class=\"fusion-column-content-centered\"><div class=\"fusion-column-content\"><h3 class=\"white\" style=\"text-align: center;\">2011<\/h3>\n<h3 class=\"white\" style=\"text-align: center;\">New York City, NY, USA<\/h3>\n<p class=\"white\" style=\"text-align: center;\"><a href=\"\/pt-pt\/paps-forum-2011\">View Program<\/a><\/p>\n<\/div><\/div><div class=\"fusion-clearfix\"><\/div>\n\n\t\t\t<\/div>\n\t\t<\/div><div  class=\"fusion-layout-column fusion_builder_column fusion_builder_column_1_4  fusion-one-fourth 1_4\"  style='margin-top:0px;margin-bottom:1%;width:25%;width:calc(25% - ( ( 1% + 1% + 1% ) * 0.25 ) );margin-right: 1%;'>\n\t\t\t<div class=\"fusion-column-wrapper\" style=\"padding: 70px 0px 70px 0px;background-image: url('http:\/\/www.paps.pt\/wp-content\/uploads\/2016\/09\/paps-pittsburgh.jpg');background-position:center center;background-repeat:no-repeat;-webkit-background-size:cover;-moz-background-size:cover;-o-background-size:cover;background-size:cover;\"  data-bg-url=\"http:\/\/www.paps.pt\/wp-content\/uploads\/2016\/09\/paps-pittsburgh.jpg\">\n\t\t\t\t<div class=\"fusion-column-content-centered\"><div class=\"fusion-column-content\"><h3 class=\"white\" style=\"text-align: center;\">2010<\/h3>\n<h3 class=\"white\" style=\"text-align: center;\">Pittsburgh,\u00a0PA, USA<\/h3>\n<p class=\"white\" style=\"text-align: center;\"><a href=\"http:\/\/www.paps.pt\/pt-pt\/paps-forum-2010\">Ver Programa<\/a><\/p>\n<\/div><\/div><div class=\"fusion-clearfix\"><\/div>\n\n\t\t\t<\/div>\n\t\t<\/div><div  class=\"fusion-layout-column fusion_builder_column fusion_builder_column_1_4  fusion-one-fourth fusion-column-last 1_4\"  style='margin-top:0px;margin-bottom:1%;width:25%;width:calc(25% - ( ( 1% + 1% + 1% ) * 0.25 ) );'>\n\t\t\t<div class=\"fusion-column-wrapper\" style=\"padding: 70px 0px 70px 0px;background-image: url('http:\/\/www.paps.pt\/wp-content\/uploads\/2016\/09\/paps-losangeles.jpg');background-position:center center;background-repeat:no-repeat;-webkit-background-size:cover;-moz-background-size:cover;-o-background-size:cover;background-size:cover;\"  data-bg-url=\"http:\/\/www.paps.pt\/wp-content\/uploads\/2016\/09\/paps-losangeles.jpg\">\n\t\t\t\t<div class=\"fusion-column-content-centered\"><div class=\"fusion-column-content\"><h3 class=\"white\" style=\"text-align: center;\">2009<\/h3>\n<h3 class=\"white\" style=\"text-align: center;\">Los Angeles, CA, USA<\/h3>\n<p class=\"white\" style=\"text-align: center;\"><a href=\"http:\/\/www.paps.pt\/pt-pt\/paps-forum-x-2009\/\">Ver Programa<\/a><\/p>\n<\/div><\/div><div class=\"fusion-clearfix\"><\/div>\n\n\t\t\t<\/div>\n\t\t<\/div><div  class=\"fusion-layout-column fusion_builder_column fusion_builder_column_1_4  fusion-one-fourth fusion-column-first 1_4\"  style='margin-top:0px;margin-bottom:1%;width:25%;width:calc(25% - ( ( 1% + 1% + 1% ) * 0.25 ) );margin-right: 1%;'>\n\t\t\t<div class=\"fusion-column-wrapper\" style=\"padding: 70px 0px 70px 0px;background-image: url('http:\/\/www.paps.pt\/wp-content\/uploads\/2017\/01\/paps-boston-yellow.jpg');background-position:center center;background-repeat:no-repeat;-webkit-background-size:cover;-moz-background-size:cover;-o-background-size:cover;background-size:cover;\"  data-bg-url=\"http:\/\/www.paps.pt\/wp-content\/uploads\/2017\/01\/paps-boston-yellow.jpg\">\n\t\t\t\t<div class=\"fusion-column-content-centered\"><div class=\"fusion-column-content\"><h3 class=\"white\" style=\"text-align: center;\">2008<\/h3>\n<h3 class=\"white\" style=\"text-align: center;\">Boston, MA, USA<\/h3>\n<p class=\"white\" style=\"text-align: center;\"><a href=\"http:\/\/www.paps.pt\/pt-pt\/paps-forum-2008\">Ver Programa<\/a><\/p>\n<\/div><\/div><div class=\"fusion-clearfix\"><\/div>\n\n\t\t\t<\/div>\n\t\t<\/div><div  class=\"fusion-layout-column fusion_builder_column fusion_builder_column_1_4  fusion-one-fourth 1_4\"  style='margin-top:0px;margin-bottom:1%;width:25%;width:calc(25% - ( ( 1% + 1% + 1% ) * 0.25 ) );margin-right: 1%;'>\n\t\t\t<div class=\"fusion-column-wrapper\" style=\"padding: 70px 0px 70px 0px;background-image: url('http:\/\/www.paps.pt\/wp-content\/uploads\/2016\/09\/paps-newyork-2.jpg');background-position:center center;background-repeat:no-repeat;-webkit-background-size:cover;-moz-background-size:cover;-o-background-size:cover;background-size:cover;\"  data-bg-url=\"http:\/\/www.paps.pt\/wp-content\/uploads\/2016\/09\/paps-newyork-2.jpg\">\n\t\t\t\t<div class=\"fusion-column-content-centered\"><div class=\"fusion-column-content\"><h3 class=\"white\" style=\"text-align: center;\">2007<\/h3>\n<h3 class=\"white\" style=\"text-align: center;\">New York City, NY, USA<\/h3>\n<p class=\"white\" style=\"text-align: center;\"><a href=\"http:\/\/www.paps.pt\/pt-pt\/paps-forum-2007\">Ver Programa<\/a><\/p>\n<\/div><\/div><div class=\"fusion-clearfix\"><\/div>\n\n\t\t\t<\/div>\n\t\t<\/div><div  class=\"fusion-layout-column fusion_builder_column fusion_builder_column_1_4  fusion-one-fourth 1_4\"  style='margin-top:0px;margin-bottom:1%;width:25%;width:calc(25% - ( ( 1% + 1% + 1% ) * 0.25 ) );margin-right: 1%;'>\n\t\t\t<div class=\"fusion-column-wrapper\" style=\"padding: 70px 0px 70px 0px;background-image: url('http:\/\/www.paps.pt\/wp-content\/uploads\/2017\/01\/paps-berkeley-yellow.jpg');background-position:center center;background-repeat:no-repeat;-webkit-background-size:cover;-moz-background-size:cover;-o-background-size:cover;background-size:cover;\"  data-bg-url=\"http:\/\/www.paps.pt\/wp-content\/uploads\/2017\/01\/paps-berkeley-yellow.jpg\">\n\t\t\t\t<div class=\"fusion-column-content-centered\"><div class=\"fusion-column-content\"><h3 class=\"white\" style=\"text-align: center;\">2006<\/h3>\n<h3 class=\"white\" style=\"text-align: center;\">Berkeley, CA, USA<\/h3>\n<p class=\"white\" style=\"text-align: center;\"><a href=\"http:\/\/www.paps.pt\/pt-pt\/paps-forum-2006\">Ver Programa<\/a><\/p>\n<\/div><\/div><div class=\"fusion-clearfix\"><\/div>\n\n\t\t\t<\/div>\n\t\t<\/div><div  class=\"fusion-layout-column fusion_builder_column fusion_builder_column_1_4  fusion-one-fourth fusion-column-last 1_4\"  style='margin-top:0px;margin-bottom:1%;width:25%;width:calc(25% - ( ( 1% + 1% + 1% ) * 0.25 ) );'>\n\t\t\t<div class=\"fusion-column-wrapper\" style=\"padding: 70px 0px 70px 0px;background-image: url('http:\/\/www.paps.pt\/wp-content\/uploads\/2016\/09\/paps-chicago.jpg');background-position:center center;background-repeat:no-repeat;-webkit-background-size:cover;-moz-background-size:cover;-o-background-size:cover;background-size:cover;\"  data-bg-url=\"http:\/\/www.paps.pt\/wp-content\/uploads\/2016\/09\/paps-chicago.jpg\">\n\t\t\t\t<div class=\"fusion-column-content-centered\"><div class=\"fusion-column-content\"><h3 class=\"white\" style=\"text-align: center;\">2005<\/h3>\n<h3 class=\"white\" style=\"text-align: center;\">Chicago, IL, USA<\/h3>\n<p class=\"white\" style=\"text-align: center;\"><a href=\"http:\/\/www.paps.pt\/pt-pt\/paps-forum-2005\">Ver Programa<\/a><\/p>\n<\/div><\/div><div class=\"fusion-clearfix\"><\/div>\n\n\t\t\t<\/div>\n\t\t<\/div><div  class=\"fusion-layout-column fusion_builder_column fusion_builder_column_1_4  fusion-one-fourth fusion-column-first 1_4\"  style='margin-top:0px;margin-bottom:1%;width:25%;width:calc(25% - ( ( 1% + 1% + 1% ) * 0.25 ) );margin-right: 1%;'>\n\t\t\t<div class=\"fusion-column-wrapper\" style=\"padding: 70px 0px 70px 0px;background-image: url('http:\/\/www.paps.pt\/wp-content\/uploads\/2016\/09\/paps-boston.jpg');background-position:center center;background-repeat:no-repeat;-webkit-background-size:cover;-moz-background-size:cover;-o-background-size:cover;background-size:cover;\"  data-bg-url=\"http:\/\/www.paps.pt\/wp-content\/uploads\/2016\/09\/paps-boston.jpg\">\n\t\t\t\t<div class=\"fusion-column-content-centered\"><div class=\"fusion-column-content\"><h3 class=\"white\" style=\"text-align: center;\">2004<\/h3>\n<h3 class=\"white\" style=\"text-align: center;\">Boston, MA, USA<\/h3>\n<p class=\"white\" style=\"text-align: center;\"><a href=\"http:\/\/www.paps.pt\/pt-pt\/paps-forum-2004\">Ver Programa<\/a><\/p>\n<\/div><\/div><div class=\"fusion-clearfix\"><\/div>\n\n\t\t\t<\/div>\n\t\t<\/div><div  class=\"fusion-layout-column fusion_builder_column fusion_builder_column_1_4  fusion-one-fourth 1_4\"  style='margin-top:0px;margin-bottom:1%;width:25%;width:calc(25% - ( ( 1% + 1% + 1% ) * 0.25 ) );margin-right: 1%;'>\n\t\t\t<div class=\"fusion-column-wrapper\" style=\"padding: 70px 0px 70px 0px;background-image: url('http:\/\/www.paps.pt\/wp-content\/uploads\/2017\/01\/paps-newark.jpg');background-position:center center;background-repeat:no-repeat;-webkit-background-size:cover;-moz-background-size:cover;-o-background-size:cover;background-size:cover;\"  data-bg-url=\"http:\/\/www.paps.pt\/wp-content\/uploads\/2017\/01\/paps-newark.jpg\">\n\t\t\t\t<div class=\"fusion-column-content-centered\"><div class=\"fusion-column-content\"><h3 class=\"white\" style=\"text-align: center;\">2003<\/h3>\n<h3 class=\"white\" style=\"text-align: center;\">Newark, NJ, USA<\/h3>\n<p class=\"white\" style=\"text-align: center;\"><a href=\"http:\/\/www.paps.pt\/pt-pt\/paps-forum-2003\">Ver Programa<\/a><\/p>\n<\/div><\/div><div class=\"fusion-clearfix\"><\/div>\n\n\t\t\t<\/div>\n\t\t<\/div><div  class=\"fusion-layout-column fusion_builder_column fusion_builder_column_1_4  fusion-one-fourth 1_4\"  style='margin-top:0px;margin-bottom:1%;width:25%;width:calc(25% - ( ( 1% + 1% + 1% ) * 0.25 ) );margin-right: 1%;'>\n\t\t\t<div class=\"fusion-column-wrapper\" style=\"padding: 70px 0px 70px 0px;background-image: url('http:\/\/www.paps.pt\/wp-content\/uploads\/2017\/01\/paps-chapelhill.jpg');background-position:center center;background-repeat:no-repeat;-webkit-background-size:cover;-moz-background-size:cover;-o-background-size:cover;background-size:cover;\"  data-bg-url=\"http:\/\/www.paps.pt\/wp-content\/uploads\/2017\/01\/paps-chapelhill.jpg\">\n\t\t\t\t<div class=\"fusion-column-content-centered\"><div class=\"fusion-column-content\"><h3 class=\"white\" style=\"text-align: center;\">2002<\/h3>\n<h3 class=\"white\" style=\"text-align: center;\">Chapel Hill, NC, USA<\/h3>\n<p class=\"white\" style=\"text-align: center;\"><a href=\"http:\/\/www.paps.pt\/pt-pt\/paps-forum-2002\">Ver Programa<\/a><\/p>\n<\/div><\/div><div class=\"fusion-clearfix\"><\/div>\n\n\t\t\t<\/div>\n\t\t<\/div><div  class=\"fusion-layout-column fusion_builder_column fusion_builder_column_1_4  fusion-one-fourth fusion-column-last 1_4\"  style='margin-top:0px;margin-bottom:1%;width:25%;width:calc(25% - ( ( 1% + 1% + 1% ) * 0.25 ) );'>\n\t\t\t<div class=\"fusion-column-wrapper\" style=\"padding: 70px 0px 70px 0px;background-image: url('http:\/\/www.paps.pt\/wp-content\/uploads\/2017\/01\/paps-berkeley.jpg');background-position:center center;background-repeat:no-repeat;-webkit-background-size:cover;-moz-background-size:cover;-o-background-size:cover;background-size:cover;\"  data-bg-url=\"http:\/\/www.paps.pt\/wp-content\/uploads\/2017\/01\/paps-berkeley.jpg\">\n\t\t\t\t<div class=\"fusion-column-content-centered\"><div class=\"fusion-column-content\"><h3 class=\"white\" style=\"text-align: center;\">2000<\/h3>\n<h3 class=\"white\" style=\"text-align: center;\">Berkeley, CA, USA<\/h3>\n<p class=\"white\" style=\"text-align: center;\"><a href=\"http:\/\/www.paps.pt\/pt-pt\/paps-forum-2000\">Ver Programa<\/a><\/p>\n<\/div><\/div><div class=\"fusion-clearfix\"><\/div>\n\n\t\t\t<\/div>\n\t\t<\/div><div  class=\"fusion-layout-column fusion_builder_column fusion_builder_column_1_4  fusion-one-fourth fusion-column-first 1_4\"  style='margin-top:0px;margin-bottom:1%;width:25%;width:calc(25% - ( ( 1% ) * 0.25 ) );margin-right: 1%;'>\n\t\t\t<div class=\"fusion-column-wrapper\" style=\"padding: 70px 0px 70px 0px;background-image: url('http:\/\/www.paps.pt\/wp-content\/uploads\/2017\/01\/paps-cambridge.jpg');background-position:center center;background-repeat:no-repeat;-webkit-background-size:cover;-moz-background-size:cover;-o-background-size:cover;background-size:cover;\"  data-bg-url=\"http:\/\/www.paps.pt\/wp-content\/uploads\/2017\/01\/paps-cambridge.jpg\">\n\t\t\t\t<div class=\"fusion-column-content-centered\"><div class=\"fusion-column-content\"><h3 class=\"white\" style=\"text-align: center;\">1998<\/h3>\n<h3 class=\"white\" style=\"text-align: center;\">Cambridge, MA, USA<\/h3>\n<p class=\"white\" style=\"text-align: center;\"><a href=\"http:\/\/paps.pt\/pt-pt\/paps-forum-1998\/\">Ver Programa<\/a><\/p>\n<\/div><\/div><div class=\"fusion-clearfix\"><\/div>\n\n\t\t\t<\/div>\n\t\t<\/div><\/div><\/div><\/p>\n","protected":false},"excerpt":{"rendered":"","protected":false},"author":8,"featured_media":0,"parent":0,"menu_order":0,"comment_status":"closed","ping_status":"closed","template":"100-width.php","meta":{"footnotes":""},"class_list":["post-1928","page","type-page","status-publish","hentry"],"_links":{"self":[{"href":"https:\/\/www.paps.pt\/pt-pt\/wp-json\/wp\/v2\/pages\/1928","targetHints":{"allow":["GET"]}}],"collection":[{"href":"https:\/\/www.paps.pt\/pt-pt\/wp-json\/wp\/v2\/pages"}],"about":[{"href":"https:\/\/www.paps.pt\/pt-pt\/wp-json\/wp\/v2\/types\/page"}],"author":[{"embeddable":true,"href":"https:\/\/www.paps.pt\/pt-pt\/wp-json\/wp\/v2\/users\/8"}],"replies":[{"embeddable":true,"href":"https:\/\/www.paps.pt\/pt-pt\/wp-json\/wp\/v2\/comments?post=1928"}],"version-history":[{"count":5,"href":"https:\/\/www.paps.pt\/pt-pt\/wp-json\/wp\/v2\/pages\/1928\/revisions"}],"predecessor-version":[{"id":2466,"href":"https:\/\/www.paps.pt\/pt-pt\/wp-json\/wp\/v2\/pages\/1928\/revisions\/2466"}],"wp:attachment":[{"href":"https:\/\/www.paps.pt\/pt-pt\/wp-json\/wp\/v2\/media?parent=1928"}],"curies":[{"name":"wp","href":"https:\/\/api.w.org\/{rel}","templated":true}]}}