{"id":1936,"date":"2017-03-30T23:51:42","date_gmt":"2017-03-30T23:51:42","guid":{"rendered":"http:\/\/www.papsonline.org\/?page_id=1936\/"},"modified":"2017-04-12T11:35:26","modified_gmt":"2017-04-12T11:35:26","slug":"contactos","status":"publish","type":"page","link":"https:\/\/www.paps.pt\/pt-pt\/about-2\/contactos\/","title":{"rendered":"Contactos"},"content":{"rendered":"<div  class=\"fusion-fullwidth fullwidth-box nonhundred-percent-fullwidth\"  style='background-color: rgba(255,255,255,0);background-position: left top;background-repeat: no-repeat;padding-top:20px;padding-right:0px;padding-bottom:20px;padding-left:0px;border-top-width:0px;border-bottom-width:0px;border-color:#eae9e9;border-top-style:solid;border-bottom-style:solid;'><div class=\"fusion-builder-row fusion-row \"><div  class=\"fusion-layout-column fusion_builder_column fusion_builder_column_1_2  fusion-one-half fusion-column-first 1_2\"  style='margin-top:0px;margin-bottom:80px;width:48%; margin-right: 4%;'>\n\t\t\t<div class=\"fusion-column-wrapper\" style=\"background-position:left top;background-repeat:no-repeat;-webkit-background-size:cover;-moz-background-size:cover;-o-background-size:cover;background-size:cover;\"  data-bg-url=\"\">\n\t\t\t\t<h1 class=\"margin-top-zero\">Estamos aqui para si!<\/h1>\n<h2 class=\"margin-bottom-zero\">Entre em contacto connosco e envie-nos as suas sugest\u00f5es, coment\u00e1rios ou quest\u00f5es sobre os conte\u00fados do nosso website ou sobre a PAPS.<\/h2>\n<h4 style=\"line-height: 0.8em !important;\">Email: paps@paps.pt<\/h4>\n<h4 style=\"line-height: 0.8em !important;\">Facebook: <a href=\"http:\/\/www.facebook.com\/PortugueseAmericanPostGraduates\" target=\"_blank\">www.facebook.com\/PortugueseAmericanPostGraduates<\/a><\/h4>\n<div class=\"fusion-sep-clear\"><\/div><div class=\"fusion-separator fusion-full-width-sep sep-none\" style=\"margin-left: auto;margin-right: auto;margin-top:50px;\"><\/div><h2>Procura Chapters PAPS regionais?<\/h2>\n<div class=\"fusion-button-wrapper\"><style type=\"text\/css\" scoped=\"scoped\">.fusion-button.button-1 .fusion-button-text, .fusion-button.button-1 i {color:#ffffff;}.fusion-button.button-1 {border-width:0px;border-color:#ffffff;}.fusion-button.button-1 .fusion-button-icon-divider{border-color:#ffffff;}.fusion-button.button-1:hover .fusion-button-text, .fusion-button.button-1:hover i,.fusion-button.button-1:focus .fusion-button-text, .fusion-button.button-1:focus i,.fusion-button.button-1:active .fusion-button-text, .fusion-button.button-1:active{color:#ffffff;}.fusion-button.button-1:hover, .fusion-button.button-1:focus, .fusion-button.button-1:active{border-width:0px;border-color:#ffffff;}.fusion-button.button-1:hover .fusion-button-icon-divider, .fusion-button.button-1:hover .fusion-button-icon-divider, .fusion-button.button-1:active .fusion-button-icon-divider{border-color:#ffffff;}.fusion-button.button-1{width:auto;}<\/style><a class=\"fusion-button button-flat button-round button-large button-default button-1\" target=\"_self\" title=\"Regional Chapters\" href=\"http:\/\/www.paps.pt\/chapters\/\"><span class=\"fusion-button-text\">Regional Chapters<\/span><\/a><\/div><div class=\"fusion-clearfix\"><\/div>\n\n\t\t\t<\/div>\n\t\t<\/div><div  class=\"fusion-layout-column fusion_builder_column fusion_builder_column_1_2  fusion-one-half fusion-column-last 1_2\"  style='margin-top:0px;margin-bottom:20px;width:48%'>\n\t\t\t<div class=\"fusion-column-wrapper\" style=\"background-color:#ebedf0;padding: 20px 20px;background-position:left top;background-repeat:no-repeat;-webkit-background-size:cover;-moz-background-size:cover;-o-background-size:cover;background-size:cover;\"  data-bg-url=\"\">\n\t\t\t\t<h2>Contacte-nos<\/h2>\n\t<div id=\"ninja_forms_form_9_cont\" class=\"ninja-forms-cont\">\n\t\t<div id=\"ninja_forms_form_9_wrap\" class=\"ninja-forms-form-wrap\">\n\t<div id=\"ninja_forms_form_9_response_msg\" style=\"\" class=\"ninja-forms-response-msg \"><\/div>\t<form id=\"ninja_forms_form_9\" enctype=\"multipart\/form-data\" method=\"post\" name=\"\" action=\"https:\/\/www.paps.pt\/wp-admin\/admin-ajax.php?action=ninja_forms_ajax_submit\" class=\"ninja-forms-form\">\n\n\t<input type=\"hidden\" id=\"_wpnonce\" name=\"_wpnonce\" value=\"934d5f4008\" \/><input type=\"hidden\" name=\"_wp_http_referer\" value=\"\/pt-pt\/wp-json\/wp\/v2\/pages\/1936\" \/>\t<input type=\"hidden\" name=\"_ninja_forms_display_submit\" value=\"1\">\n\t<input type=\"hidden\" name=\"_form_id\"  id=\"_form_id\" value=\"9\">\n\t\t<div class=\"hp-wrap\">\n\t\t<label>If you are a human and are seeing this field, please leave it blank.\t\t\t<input type=\"text\" value=\"\" name=\"_DNXXk\">\n\t\t\t<input type=\"hidden\" value=\"_DNXXk\" name=\"_hp_name\">\n\t\t<\/label>\n\t<\/div>\n\t\t<div id=\"ninja_forms_form_9_all_fields_wrap\" class=\"ninja-forms-all-fields-wrap\">\n\t\t\t\t\t\t\t<div class=\"field-wrap text-wrap label-above\"  id=\"ninja_forms_field_12_div_wrap\" data-visible=\"1\">\n\t\t\t\t\t\t\t<input type=\"hidden\" id=\"ninja_forms_field_12_type\" value=\"text\">\n\t\t<label for=\"ninja_forms_field_12\" id=\"ninja_forms_field_12_label\" class=\"\">O Seu Nome \t\t\t\t<\/label>\n\t\t\t<input id=\"ninja_forms_field_12\" data-mask=\"\" data-input-limit=\"\" data-input-limit-type=\"char\" data-input-limit-msg=\"character(s) left\" name=\"ninja_forms_field_12\" type=\"text\" placeholder=\"\" class=\"ninja-forms-field  ninja-forms-req \" value=\"\" rel=\"12\"   \/>\n\t\t<div id=\"ninja_forms_field_12_error\" style=\"display:none;\" class=\"ninja-forms-field-error\">\n\t\t<\/div>\n\t\t\t\t\t\t\t<\/div>\n\t\t\t\t\t\t\t\t\t\t\t\t<div class=\"field-wrap text-wrap label-above\"  id=\"ninja_forms_field_13_div_wrap\" data-visible=\"1\">\n\t\t\t\t\t\t\t<input type=\"hidden\" id=\"ninja_forms_field_13_type\" value=\"text\">\n\t\t<label for=\"ninja_forms_field_13\" id=\"ninja_forms_field_13_label\" class=\"\">O Seu Email \t\t\t\t<\/label>\n\t\t\t<input id=\"ninja_forms_field_13\" data-mask=\"\" data-input-limit=\"\" data-input-limit-type=\"char\" data-input-limit-msg=\"character(s) left\" name=\"ninja_forms_field_13\" type=\"text\" placeholder=\"\" class=\"ninja-forms-field  ninja-forms-req email \" value=\"\" rel=\"13\"   \/>\n\t\t<div id=\"ninja_forms_field_13_error\" style=\"display:none;\" class=\"ninja-forms-field-error\">\n\t\t<\/div>\n\t\t\t\t\t\t\t<\/div>\n\t\t\t\t\t\t\t\t\t\t\t\t<div class=\"field-wrap list-dropdown-wrap label-above\"  id=\"ninja_forms_field_14_div_wrap\" data-visible=\"1\">\n\t\t\t\t\t\t\t<input type=\"hidden\" id=\"ninja_forms_field_14_type\" value=\"list\">\n\t\t<input type=\"hidden\" id=\"ninja_forms_field_14_list_type\" value=\"dropdown\">\n\t\t\t\t<label for=\"ninja_forms_field_14\" id=\"ninja_forms_field_14_label\" class=\"\">Assunto \t\t\t\t<\/label>\n\t\t<select name=\"ninja_forms_field_14\" id=\"ninja_forms_field_14\" class=\"ninja-forms-field  ninja-forms-req\" rel=\"14\">\t\t\t\t\t\t\t\t\t<option value=\"\" selected style=\"\" >Escolha um Assunto<\/option>\n\t\t\t\t\t\t\t\t\t<option value=\"Membros\"  style=\"\" >Membros<\/option>\n\t\t\t\t\t\t\t\t\t<option value=\"Parcerias\"  style=\"\" >Parcerias<\/option>\n\t\t\t\t\t\t\t\t\t<option value=\"Doa\u00e7\u00f5es\"  style=\"\" >Doa\u00e7\u00f5es<\/option>\n\t\t\t\t\t\t\t\t\t<option value=\"Sugest\u00f5es\"  style=\"\" >Sugest\u00f5es<\/option>\n\t\t\t\t\t\t\t\t\t<option value=\"Outro Assunto\"  style=\"\" >Outro Assunto<\/option>\n\t\t\t\t\t\t\t<\/select>\n\t\t\t\t<div id=\"ninja_forms_field_14_error\" style=\"display:none;\" class=\"ninja-forms-field-error\">\n\t\t<\/div>\n\t\t\t\t\t\t\t<\/div>\n\t\t\t\t\t\t\t\t\t\t\t\t<div class=\"field-wrap textarea-wrap label-above\"  id=\"ninja_forms_field_15_div_wrap\" data-visible=\"1\">\n\t\t\t\t\t\t\t<input type=\"hidden\" id=\"ninja_forms_field_15_type\" value=\"textarea\">\n\t\t<label for=\"ninja_forms_field_15\" id=\"ninja_forms_field_15_label\" class=\"\">A Sua Mensagem \t\t\t\t<\/label>\n\t\t\t\t<textarea name=\"ninja_forms_field_15\" id=\"ninja_forms_field_15\" class=\"ninja-forms-field  ninja-forms-req\" rel=\"15\" data-input-limit=\"\" data-input-limit-type=\"char\" data-input-limit-msg=\"character(s) left\"><\/textarea>\n\t\t\t<div id=\"ninja_forms_field_15_error\" style=\"display:none;\" class=\"ninja-forms-field-error\">\n\t\t<\/div>\n\t\t\t\t\t\t\t<\/div>\n\t\t\t\t\t\t\t\t\t\t\t\t<div class=\"field-wrap submit-wrap label-above\"  id=\"ninja_forms_field_16_div_wrap\" data-visible=\"1\">\n\t\t\t\t\t\t\t<input type=\"hidden\" id=\"ninja_forms_field_16_type\" value=\"submit\">\n\t<div id=\"nf_submit_9\">\n\t\t<input type=\"submit\" name=\"_ninja_forms_field_16\" class=\"ninja-forms-field \" id=\"ninja_forms_field_16\" value=\"Enviar\" rel=\"16\" >\n\t<\/div>\n\t<div id=\"nf_processing_9\" style=\"display:none;\">\n\t\t<input type=\"submit\" name=\"_ninja_forms_field_16\" class=\"ninja-forms-field \" id=\"ninja_forms_field_16\" value=\"\u00b7 \u00b7 \u00b7\" rel=\"16\" disabled>\n\t<\/div>\n\t\t<div id=\"ninja_forms_field_16_error\" style=\"display:none;\" class=\"ninja-forms-field-error\">\n\t\t<\/div>\n\t\t\t\t\t\t\t<\/div>\n\t\t\t\t\t\t\t<\/div>\n\t\t<\/form>\n\t\t<\/div>\n\t\t<\/div>\n\t<div class=\"fusion-clearfix\"><\/div>\n\n\t\t\t<\/div>\n\t\t<\/div><\/div><\/div>\n","protected":false},"excerpt":{"rendered":"","protected":false},"author":8,"featured_media":0,"parent":1924,"menu_order":0,"comment_status":"closed","ping_status":"closed","template":"","meta":{"footnotes":""},"class_list":["post-1936","page","type-page","status-publish","hentry"],"_links":{"self":[{"href":"https:\/\/www.paps.pt\/pt-pt\/wp-json\/wp\/v2\/pages\/1936","targetHints":{"allow":["GET"]}}],"collection":[{"href":"https:\/\/www.paps.pt\/pt-pt\/wp-json\/wp\/v2\/pages"}],"about":[{"href":"https:\/\/www.paps.pt\/pt-pt\/wp-json\/wp\/v2\/types\/page"}],"author":[{"embeddable":true,"href":"https:\/\/www.paps.pt\/pt-pt\/wp-json\/wp\/v2\/users\/8"}],"replies":[{"embeddable":true,"href":"https:\/\/www.paps.pt\/pt-pt\/wp-json\/wp\/v2\/comments?post=1936"}],"version-history":[{"count":8,"href":"https:\/\/www.paps.pt\/pt-pt\/wp-json\/wp\/v2\/pages\/1936\/revisions"}],"predecessor-version":[{"id":2211,"href":"https:\/\/www.paps.pt\/pt-pt\/wp-json\/wp\/v2\/pages\/1936\/revisions\/2211"}],"up":[{"embeddable":true,"href":"https:\/\/www.paps.pt\/pt-pt\/wp-json\/wp\/v2\/pages\/1924"}],"wp:attachment":[{"href":"https:\/\/www.paps.pt\/pt-pt\/wp-json\/wp\/v2\/media?parent=1936"}],"curies":[{"name":"wp","href":"https:\/\/api.w.org\/{rel}","templated":true}]}}