{"id":1995,"date":"2017-03-31T22:27:01","date_gmt":"2017-03-31T22:27:01","guid":{"rendered":"http:\/\/www.papsonline.org\/?page_id=1995\/"},"modified":"2017-03-31T22:27:01","modified_gmt":"2017-03-31T22:27:01","slug":"paps-forum-i-1998","status":"publish","type":"page","link":"https:\/\/www.paps.pt\/pt-pt\/paps-forum-i-1998\/","title":{"rendered":"PAPS Forum I (1998)"},"content":{"rendered":"<p><div  class=\"fusion-fullwidth fullwidth-box fusion-parallax-none nonhundred-percent-fullwidth fusion-equal-height-columns\"  style='background-color: #ebedf0;background-image: url(\"http:\/\/www.paps.pt\/wp-content\/uploads\/2017\/01\/paps-cambridge-banner.jpg\");background-position: center center;background-repeat: no-repeat;padding-top:20px;padding-right:0px;padding-left:0px;border-top-width:0px;border-bottom-width:0px;border-color:#eae9e9;border-top-style:solid;border-bottom-style:solid;-webkit-background-size:cover;-moz-background-size:cover;-o-background-size:cover;background-size:cover;background-attachment:none;'><div class=\"fusion-builder-row fusion-row \"><div  class=\"fusion-layout-column fusion_builder_column fusion_builder_column_1_1  fusion-one-full fusion-column-first fusion-column-last 1_1\"  style='margin-top:0px;margin-bottom:15px;'>\n\t\t\t<div class=\"fusion-column-wrapper\" style=\"background-position:left top;background-repeat:no-repeat;-webkit-background-size:cover;-moz-background-size:cover;-o-background-size:cover;background-size:cover;\"  data-bg-url=\"\">\n\t\t\t\t<div class=\"fusion-column-content-centered\"><div class=\"fusion-column-content\"><div class=\"fusion-title title fusion-sep-none fusion-title-size-one\" style=\"margin-top:0px;margin-bottom:0px;\"><h1 class=\"title-heading-left\"><h1 class=\"white\">PAPS FORUM I (1998)<\/h1><\/h1><\/div><\/div><\/div><div class=\"fusion-clearfix\"><\/div>\n\n\t\t\t<\/div>\n\t\t<\/div><\/div><\/div><div  class=\"fusion-fullwidth fullwidth-box nonhundred-percent-fullwidth\"  style='background-color: rgba(255,255,255,0);background-position: left top;background-repeat: no-repeat;padding-top:40px;padding-right:0px;padding-bottom:20px;padding-left:0px;border-top-width:0px;border-bottom-width:0px;border-color:#eae9e9;border-top-style:solid;border-bottom-style:solid;'><div class=\"fusion-builder-row fusion-row \"><div  class=\"fusion-layout-column fusion_builder_column fusion_builder_column_3_4  fusion-three-fourth fusion-column-first 3_4\"  style='margin-top:0px;margin-bottom:20px;width:74%; margin-right: 4%;'>\n\t\t\t<div class=\"fusion-column-wrapper\" style=\"background-position:left top;background-repeat:no-repeat;-webkit-background-size:cover;-moz-background-size:cover;-o-background-size:cover;background-size:cover;\"  data-bg-url=\"\">\n\t\t\t\t<h2>Program<\/h2>\n\n<div class=\"table-1\">\n<table width=\"100%\">\n<tbody>\n<tr>\n<td align=\"left\">9:00<\/td>\n<td align=\"left\">Registration<\/td>\n<\/tr>\n<tr>\n<td align=\"left\">9:45<\/td>\n<td align=\"left\">Welcome by the Executive Committee of PAPS<\/td>\n<\/tr>\n<\/tbody>\n<\/table>\n<\/div>\n<div class=\"fusion-sep-clear\"><\/div><div class=\"fusion-separator fusion-full-width-sep sep-none\" style=\"margin-left: auto;margin-right: auto;margin-top:20px;margin-bottom:0px;\"><\/div><p><strong>Session 1<\/strong><br \/>\n<strong>Government-University-Industry Relationships (Chair: Dr. Teresa Patricio, Vice-President ICCTI)<\/strong><\/p>\n\n<div class=\"table-1\">\n<table width=\"100%\">\n<tbody>\n<tr>\n<td align=\"left\">10:00am<\/td>\n<td align=\"left\">Dr. Rui Machete -President of the Executive Committee of FLAD<\/td>\n<\/tr>\n<tr>\n<td align=\"left\">10:20am<\/td>\n<td align=\"left\">Dr. Mariano Gago &#8211; Portuguese Minister of Science and Technology<\/td>\n<\/tr>\n<tr>\n<td align=\"left\">10:40am<\/td>\n<td align=\"left\">Dr. Ernest Moniz -U.S. Undersecretary of Energy of the Clinton Administration<\/td>\n<\/tr>\n<tr>\n<td align=\"left\">11:00am<\/td>\n<td align=\"left\">Coffee\u00a0Break<\/td>\n<\/tr>\n<tr>\n<td align=\"left\">11:20am<\/td>\n<td align=\"left\">Prof. David Hart &#8211; John F. Kennedy School of Government, Harvard University<\/td>\n<\/tr>\n<tr>\n<td align=\"left\">11:40am<\/td>\n<td align=\"left\">Dr. Charles Vest &#8211; President of MIT<\/td>\n<\/tr>\n<tr>\n<td align=\"left\">12:00pm<\/td>\n<td align=\"left\">Panel\u00a0Discussion<\/td>\n<\/tr>\n<tr>\n<td align=\"left\">12:45pm<\/td>\n<td align=\"left\">Lunch Break &#8211; Sloan Faculty Club at MIT<br \/>\nRemarks by the Portuguese Ambassador in the USA<\/td>\n<\/tr>\n<\/tbody>\n<\/table>\n<\/div>\n<div class=\"fusion-sep-clear\"><\/div><div class=\"fusion-separator fusion-full-width-sep sep-none\" style=\"margin-left: auto;margin-right: auto;margin-top:20px;margin-bottom:0px;\"><\/div><p><strong>Session 2<br \/>\nUniversity\/Industry Collaborations: American and Portuguese Experiences (Chair: Representative of ABFLAD)<\/strong><\/p>\n\n<div class=\"table-1\">\n<table width=\"100%\">\n<tbody>\n<tr>\n<td align=\"left\">14:00<\/td>\n<td align=\"left\">Prof. Henry Etzkowitz &#8211; Science Policy Institute, State University of New York<\/td>\n<\/tr>\n<tr>\n<td align=\"left\">14:20<\/td>\n<td align=\"left\">Prof. Andrew Lippman &#8211; Associate Director, MIT Media Lab<\/td>\n<\/tr>\n<tr>\n<td align=\"left\">14:40<\/td>\n<td align=\"left\">Prof. Jose Tribolet &#8211; President, INESC, Lisbon<\/td>\n<\/tr>\n<tr>\n<td align=\"left\">15:00<\/td>\n<td align=\"left\">Coffee\u00a0Break<\/td>\n<\/tr>\n<tr>\n<td align=\"left\">15:20<\/td>\n<td align=\"left\">Prof. Daniel Roos &#8211; Associate Dean for Engineering Systems, MIT<\/td>\n<\/tr>\n<tr>\n<td align=\"left\">15:40<\/td>\n<td align=\"left\">Dr. Jose Salcedo &#8211; Director of Research, Efacec<\/td>\n<\/tr>\n<tr>\n<td align=\"left\">16:00<\/td>\n<td align=\"left\">Prof. Manuel Heitor &#8211; Deputy President, Instituto Superior Tecnico<\/td>\n<\/tr>\n<tr>\n<td align=\"left\">16:20<\/td>\n<td align=\"left\">Panel\u00a0Discussion<\/td>\n<\/tr>\n<tr>\n<td align=\"left\">17:00<\/td>\n<td align=\"left\">Closing Remarks by PAPS<\/td>\n<\/tr>\n<\/tbody>\n<\/table>\n<\/div>\n<div class=\"fusion-clearfix\"><\/div>\n\n\t\t\t<\/div>\n\t\t<\/div><div  class=\"fusion-layout-column fusion_builder_column fusion_builder_column_1_4  fusion-one-fourth fusion-column-last 1_4\"  style='margin-top:0px;margin-bottom:20px;width:22%'>\n\t\t\t<div class=\"fusion-column-wrapper\" style=\"background-color:#ebedf0;padding: 15px 25px;background-position:left top;background-repeat:no-repeat;-webkit-background-size:cover;-moz-background-size:cover;-o-background-size:cover;background-size:cover;\"  data-bg-url=\"\">\n\t\t\t\t<h2 style=\"text-align: left;\">Details<\/h2>\n<p style=\"text-align: left;\"><strong>Date<br \/>\n<\/strong>October 24, 1998<\/p>\n<p style=\"text-align: left;\"><strong>Title<br \/>\n<\/strong>Investing in the Future: Industry\/University Collaborations<\/p>\n<p style=\"text-align: left;\"><strong>City<\/strong><br \/>\nCambridge MA, USA<\/p>\n<p style=\"text-align: left;\"><strong>Venue<br \/>\n<\/strong>Sloan School of Management, Massachusetts Institute of Technology<\/p>\n<p style=\"text-align: left;\"><strong>Website<br \/>\n<\/strong>n\/a<\/p>\n<h2 style=\"text-align: left;\">Editions<\/h2>\n<div class=\"fusion-widget-area fusion-widget-area-1 fusion-content-widget-area\"><div id=\"nav_menu-5\" class=\"widget widget_nav_menu\"><div class=\"menu-arquivo-de-eventos-container\"><ul id=\"menu-arquivo-de-eventos\" class=\"menu\"><li id=\"menu-item-2281\" class=\"menu-item menu-item-type-post_type menu-item-object-page menu-item-2281\"><a href=\"https:\/\/www.paps.pt\/pt-pt\/paps-forum\/\">PAPS Forum<\/a><\/li>\n<li id=\"menu-item-2283\" class=\"menu-item menu-item-type-post_type menu-item-object-page menu-item-2283\"><a href=\"https:\/\/www.paps.pt\/pt-pt\/papspeakers\/\">PAPSpeakers<\/a><\/li>\n<li id=\"menu-item-2282\" class=\"menu-item menu-item-type-post_type menu-item-object-page menu-item-2282\"><a href=\"https:\/\/www.paps.pt\/pt-pt\/paps-meets\/\">PAPS Meets<\/a><\/li>\n<li id=\"menu-item-2280\" class=\"menu-item menu-item-type-post_type menu-item-object-page menu-item-2280\"><a href=\"https:\/\/www.paps.pt\/pt-pt\/grape\/\">GraPE<\/a><\/li>\n<\/ul><\/div><\/div><div class=\"fusion-additional-widget-content\"><\/div><\/div><div class=\"fusion-clearfix\"><\/div>\n\n\t\t\t<\/div>\n\t\t<\/div><\/div><\/div><div id=\"sponsors\"><div  class=\"fusion-fullwidth fullwidth-box nonhundred-percent-fullwidth\"  style='background-color: rgba(255,255,255,0);background-position: left top;background-repeat: no-repeat;padding-top:60px;padding-right:0px;padding-bottom:20px;padding-left:0px;border-top-width:0px;border-bottom-width:0px;border-color:#eae9e9;border-top-style:solid;border-bottom-style:solid;'><div class=\"fusion-builder-row fusion-row \"><div  class=\"fusion-layout-column fusion_builder_column fusion_builder_column_1_1  fusion-one-full fusion-column-first fusion-column-last 1_1\"  style='margin-top:0px;margin-bottom:20px;'>\n\t\t\t<div class=\"fusion-column-wrapper\" style=\"background-position:left top;background-repeat:no-repeat;-webkit-background-size:cover;-moz-background-size:cover;-o-background-size:cover;background-size:cover;\"  data-bg-url=\"\">\n\t\t\t\t<h2>Sponsors<\/h2>\n<p>\u2013 Funda\u00e7\u00e3o Luso-Americana<br \/>\n\u2013\u00a0Instituto de Coopera\u00e7\u00e3o Cient\u00edfica e Tecnol\u00f3gica Internacional<\/p>\n<div class=\"fusion-clearfix\"><\/div>\n\n\t\t\t<\/div>\n\t\t<\/div><\/div><\/div><\/div><\/p>\n","protected":false},"excerpt":{"rendered":"","protected":false},"author":8,"featured_media":0,"parent":0,"menu_order":0,"comment_status":"closed","ping_status":"closed","template":"100-width.php","meta":{"footnotes":""},"class_list":["post-1995","page","type-page","status-publish","hentry"],"_links":{"self":[{"href":"https:\/\/www.paps.pt\/pt-pt\/wp-json\/wp\/v2\/pages\/1995","targetHints":{"allow":["GET"]}}],"collection":[{"href":"https:\/\/www.paps.pt\/pt-pt\/wp-json\/wp\/v2\/pages"}],"about":[{"href":"https:\/\/www.paps.pt\/pt-pt\/wp-json\/wp\/v2\/types\/page"}],"author":[{"embeddable":true,"href":"https:\/\/www.paps.pt\/pt-pt\/wp-json\/wp\/v2\/users\/8"}],"replies":[{"embeddable":true,"href":"https:\/\/www.paps.pt\/pt-pt\/wp-json\/wp\/v2\/comments?post=1995"}],"version-history":[{"count":1,"href":"https:\/\/www.paps.pt\/pt-pt\/wp-json\/wp\/v2\/pages\/1995\/revisions"}],"predecessor-version":[{"id":1996,"href":"https:\/\/www.paps.pt\/pt-pt\/wp-json\/wp\/v2\/pages\/1995\/revisions\/1996"}],"wp:attachment":[{"href":"https:\/\/www.paps.pt\/pt-pt\/wp-json\/wp\/v2\/media?parent=1995"}],"curies":[{"name":"wp","href":"https:\/\/api.w.org\/{rel}","templated":true}]}}