{"id":1999,"date":"2017-03-31T22:28:24","date_gmt":"2017-03-31T22:28:24","guid":{"rendered":"http:\/\/www.papsonline.org\/?page_id=1999\/"},"modified":"2017-03-31T22:28:24","modified_gmt":"2017-03-31T22:28:24","slug":"paps-forum-iii-2002","status":"publish","type":"page","link":"https:\/\/www.paps.pt\/pt-pt\/paps-forum-iii-2002\/","title":{"rendered":"PAPS Forum III (2002)"},"content":{"rendered":"<p><div  class=\"fusion-fullwidth fullwidth-box fusion-parallax-none nonhundred-percent-fullwidth fusion-equal-height-columns\"  style='background-color: #ebedf0;background-image: url(\"http:\/\/www.paps.pt\/wp-content\/uploads\/2017\/01\/paps-chapelhill-banner.jpg\");background-position: center center;background-repeat: no-repeat;padding-top:20px;padding-right:0px;padding-left:0px;border-top-width:0px;border-bottom-width:0px;border-color:#eae9e9;border-top-style:solid;border-bottom-style:solid;-webkit-background-size:cover;-moz-background-size:cover;-o-background-size:cover;background-size:cover;background-attachment:none;'><div class=\"fusion-builder-row fusion-row \"><div  class=\"fusion-layout-column fusion_builder_column fusion_builder_column_1_1  fusion-one-full fusion-column-first fusion-column-last 1_1\"  style='margin-top:0px;margin-bottom:15px;'>\n\t\t\t<div class=\"fusion-column-wrapper\" style=\"background-position:left top;background-repeat:no-repeat;-webkit-background-size:cover;-moz-background-size:cover;-o-background-size:cover;background-size:cover;\"  data-bg-url=\"\">\n\t\t\t\t<div class=\"fusion-column-content-centered\"><div class=\"fusion-column-content\"><div class=\"fusion-title title fusion-sep-none fusion-title-size-one\" style=\"margin-top:0px;margin-bottom:0px;\"><h1 class=\"title-heading-left\"><h1 class=\"white\">PAPS FORUM III (2002)<\/h1><\/h1><\/div><\/div><\/div><div class=\"fusion-clearfix\"><\/div>\n\n\t\t\t<\/div>\n\t\t<\/div><\/div><\/div><div  class=\"fusion-fullwidth fullwidth-box nonhundred-percent-fullwidth\"  style='background-color: rgba(255,255,255,0);background-position: left top;background-repeat: no-repeat;padding-top:40px;padding-right:0px;padding-bottom:20px;padding-left:0px;border-top-width:0px;border-bottom-width:0px;border-color:#eae9e9;border-top-style:solid;border-bottom-style:solid;'><div class=\"fusion-builder-row fusion-row \"><div  class=\"fusion-layout-column fusion_builder_column fusion_builder_column_3_4  fusion-three-fourth fusion-column-first 3_4\"  style='margin-top:0px;margin-bottom:20px;width:74%; margin-right: 4%;'>\n\t\t\t<div class=\"fusion-column-wrapper\" style=\"background-position:left top;background-repeat:no-repeat;-webkit-background-size:cover;-moz-background-size:cover;-o-background-size:cover;background-size:cover;\"  data-bg-url=\"\">\n\t\t\t\t<h2>Program<\/h2>\n<h2>January 18<\/h2>\n\n<div class=\"table-1\">\n<table width=\"100%\">\n<tbody>\n<tr>\n<td align=\"left\">8:00pm<\/td>\n<td align=\"left\">\n<p class=\"p1\">Welcome Reception (Johnston Center for Undergraduate Excellence, Graham Memorial Hall, University of North Carolina at Chapel Hill)<\/p>\n<\/td>\n<\/tr>\n<\/tbody>\n<\/table>\n<\/div>\n<div class=\"fusion-sep-clear\"><\/div><div class=\"fusion-separator fusion-full-width-sep sep-none\" style=\"margin-left: auto;margin-right: auto;margin-top:20px;margin-bottom:0px;\"><\/div><h2>January 19<br \/>\nUniversity of North Carolina at Chapel Hill<\/h2>\n\n<div class=\"table-1\">\n<table width=\"100%\">\n<tbody>\n<tr>\n<td align=\"left\">9:00 &#8211; 10:30am<\/td>\n<td align=\"left\">\n<p class=\"p1\"><strong>Plenary Opening Session<\/strong> (Kenan-Flagler Business School, McColl Bldg, room 2500)<br \/>\n&#8211; Introductory remarks: Pedro Oliveira, PAPS Executive Committee<br \/>\n<strong>Welcome remarks:<\/strong><br \/>\n\u2212 Betsy Brown, Associate Vice President for Academic Affairs, Office of the President, The University of North Carolina<br \/>\n\u2212 Pedro Lourtie , Portuguese Deputy Minister for Higher Education<br \/>\n<strong>Keynote speakers:<\/strong><br \/>\n\u2212 Robert Shelton, Provost and Executive Vice Chancellor, University of North Carolina at Chapel Hill<br \/>\n\u2212 Luis T. Magalh\u00e3es, President, Portuguese Science and Technology Foundation (FCT); Full Professor, IST<br \/>\n<strong>Remarks:<\/strong> Jo\u00e3o da Rocha P\u00e1ris, Portugal Ambassador to the US<br \/>\n<strong>Chairperson:<\/strong> Paulo Ferreira, Assistant Professor, University of Texas at Austin; Former President of PAPS<\/p>\n<\/td>\n<\/tr>\n<tr>\n<td align=\"left\">10:30 &#8211; 10:45am<\/td>\n<td align=\"left\">Coffee break<\/td>\n<\/tr>\n<tr>\n<td align=\"left\">10:45am &#8211; 12:30pm<\/td>\n<td align=\"left\"><strong><strong><strong><strong><strong><strong><strong>Plenary Session 2:\u00a0<\/strong><\/strong><\/strong><\/strong><\/strong><\/strong><\/strong>CORPORATE AND UNIVERSITY R&amp;D AS A DRIVING FORCE FOR DEVELOPMENT(Kenan-Flagler Business School, McColl Bldg, room 2500<br \/>\n<b>Keynote speakers:<br \/>\n<\/b>\u2212 Marye Anne Fox, Chancellor and Professor, North Carolina State University<br \/>\n\u2212 Ed Carney, Vice-President of Engineering, Cisco&#8217;s NSITE Lab; Site Executive, Cisco&#8217;s Research Triangle Park<br \/>\n\u2212 Teresa Patr\u00edcio, Vice-President, Institute for International Scientific and<br \/>\n<b>Technological Co-operation (ICCTI)<br \/>\n<\/b>\u2212 Doug Breeden, Dean, Fuqua School of Business, Duke University (&#8211;cancelled)<br \/>\n<b>Moderator:<br \/>\n<\/b>Eduardo Beira, Professor, University of Minho; Invited Professor, Portuguese Catholic University (Oporto)<\/td>\n<\/tr>\n<tr>\n<td align=\"left\">12:30 &#8211; 2:00pm<\/td>\n<td align=\"left\">Lunch<br \/>\n(Kenan Center Dining Room)<\/td>\n<\/tr>\n<tr>\n<td align=\"left\">2:00\u00a0&#8211;\u00a03:45pm<\/td>\n<td align=\"left\">Plenary Session 3: CHALLENGES FOR THE PORTUGUESE UNIVERSITY (Kenan-Flagler Business School, McColl Bldg, room 2500)<br \/>\n<b>Keynote speakers:<br \/>\n<\/b>\u2212 Eduardo Mar\u00e7al Grilo, Administrator, Calouste Gulbenkian Foundation; Former<br \/>\n<b>Minister of Education of Portugal<br \/>\n<\/b>\u2212 Gilbert W. Merkx, Vice Provost for International Affairs, Duke University (-cancelled)<br \/>\n\u2212 Manuel V. Heitor, Director, Center for Innovation, Technology and Policy Research; Full Professor, IST<br \/>\n<b>Moderator:<br \/>\n<\/b>\u2212 Francisco Veloso, Assistant Professor, Carnegie Mellon University; Assistant Professor, Portuguese Catholic University (Lisbon)<\/td>\n<\/tr>\n<tr>\n<td align=\"left\">3:45 &#8211; 4:00pm<\/td>\n<td align=\"left\">Coffee break<\/td>\n<\/tr>\n<tr>\n<td align=\"left\">4:00 &#8211; 6:00pm<\/td>\n<td align=\"left\">Plenary Session 4: POST-GRADUATES IN THE PORTUGUESE BUSINESS AND ACADEMIC ENVIRONMENTS<br \/>\n(Kenan-Flagler Business School, McColl Bldg, room 2500)<br \/>\n<b>Keynote speakers:<br \/>\n<\/b><b>\u2212<\/b> Pedro Lourtie , Portuguese Deputy Minister for Higher Education<br \/>\n\u2212 Tony Waldrop, Vice Chancellor of Research and Graduate Studies, University of<br \/>\n<b>North Carolina at Chapel Hill (&#8211;cancelled)<br \/>\n<\/b>\u2212 Lu\u00eds Sousa Lobo, Rector of the Universidade Nova de Lisboa; Vice President, Portuguese National Rectors Conference (CRUP)<br \/>\n\u2212 Lu\u00eds Portela, Chairman of the Board of Directors, BIAL Group<br \/>\n<b>Moderator:<br \/>\n<\/b>\u2212 Miguel S. Lobo, Assistant Professor, Fuqua School of Business &#8211; Duke University<\/td>\n<\/tr>\n<tr>\n<td align=\"left\">7:00pm<\/td>\n<td align=\"left\">Dinner at \u201cThe Carolina Inn\u201d (211 Pittsboro Street, Chapel Hill)<\/td>\n<\/tr>\n<\/tbody>\n<\/table>\n<\/div>\n<div class=\"fusion-sep-clear\"><\/div><div class=\"fusion-separator fusion-full-width-sep sep-none\" style=\"margin-left: auto;margin-right: auto;margin-top:20px;margin-bottom:0px;\"><\/div><h2>January 20<br \/>\nDuke University<\/h2>\n\n<div class=\"table-1\">\n<table width=\"100%\">\n<tbody>\n<tr>\n<td align=\"left\">9:30 &#8211; 10:30am<\/td>\n<td align=\"left\"><strong>Plenary Session 5<\/strong><br \/>\n(West Union Bldg, Faculty Commons &#8211; by the Duke University Chapel)<br \/>\nAn Overview of PAPS activities, PAPS Executive Committee<\/td>\n<\/tr>\n<tr>\n<td align=\"left\">10:45 &#8211; 12:15am<\/td>\n<td align=\"left\"><strong>Parallel sessions<\/strong><br \/>\n(West Union Bldg, Faculty Commons &#8211; by the Duke University Chapel)<br \/>\nPanel 1: Returning to Portugal: challenges and opportunities<br \/>\n<strong>Coordination: <\/strong>Pedro Concei\u00e7\u00e3o, United Nations Development Program and IST<br \/>\nPanel 2: New guidelines for teaching and learning at Portuguese universities<br \/>\n<strong>Coordination:<\/strong> Jo\u00e3o Pereira, ISCTE and UNC Chapel Hill<br \/>\nPanel 3: Fostering Entrepreneurship in Portugal: Challenges and Projects<br \/>\n<strong>Coordination:<\/strong> Telmo Valido, Sloan School of Management, MIT<\/td>\n<\/tr>\n<tr>\n<td align=\"left\">12:30 &#8211; 2:00pm<\/td>\n<td align=\"left\"><strong>Plenary Closing Session<\/strong><br \/>\n(West Union Bldg, Faculty Commons &#8211; by the Duke University Chapel)<br \/>\nPresentation by each panel<br \/>\n<strong>Remarks: <\/strong>Paulo Zagalo e Melo, Executive Director, Fulbright Commission<\/td>\n<\/tr>\n<\/tbody>\n<\/table>\n<\/div>\n<div class=\"fusion-clearfix\"><\/div>\n\n\t\t\t<\/div>\n\t\t<\/div><div  class=\"fusion-layout-column fusion_builder_column fusion_builder_column_1_4  fusion-one-fourth fusion-column-last 1_4\"  style='margin-top:0px;margin-bottom:20px;width:22%'>\n\t\t\t<div class=\"fusion-column-wrapper\" style=\"background-color:#ebedf0;padding: 15px 25px;background-position:left top;background-repeat:no-repeat;-webkit-background-size:cover;-moz-background-size:cover;-o-background-size:cover;background-size:cover;\"  data-bg-url=\"\">\n\t\t\t\t<h2 style=\"text-align: left;\">Details<\/h2>\n<p style=\"text-align: left;\"><strong>Date<br \/>\n<\/strong>January 18th to 20th, 2002<\/p>\n<p style=\"text-align: left;\"><strong>Title<br \/>\n<\/strong>On the Contribution of the Portuguese Post-Graduate Community for the Development of Portugal<\/p>\n<p style=\"text-align: left;\"><strong>City<\/strong><br \/>\nChapel Hill, NC, USA<\/p>\n<p style=\"text-align: left;\"><strong>Venues<br \/>\n<\/strong>\u2013 Kenan-Flagler Business School, University of North Carolina at Chapel Hill, NC, USA<br \/>\n\u2013 West Union Building, Faculty Commons, Duke University Chapel, NC, USA<\/p>\n<p style=\"text-align: left;\"><strong>Website<br \/>\n<\/strong>n\/a<\/p>\n<h2 style=\"text-align: left;\">Editions<\/h2>\n<div class=\"fusion-widget-area fusion-widget-area-1 fusion-content-widget-area\"><div id=\"nav_menu-5\" class=\"widget widget_nav_menu\"><div class=\"menu-arquivo-de-eventos-container\"><ul id=\"menu-arquivo-de-eventos\" class=\"menu\"><li id=\"menu-item-2281\" class=\"menu-item menu-item-type-post_type menu-item-object-page menu-item-2281\"><a href=\"https:\/\/www.paps.pt\/pt-pt\/paps-forum\/\">PAPS Forum<\/a><\/li>\n<li id=\"menu-item-2283\" class=\"menu-item menu-item-type-post_type menu-item-object-page menu-item-2283\"><a href=\"https:\/\/www.paps.pt\/pt-pt\/papspeakers\/\">PAPSpeakers<\/a><\/li>\n<li id=\"menu-item-2282\" class=\"menu-item menu-item-type-post_type menu-item-object-page menu-item-2282\"><a href=\"https:\/\/www.paps.pt\/pt-pt\/paps-meets\/\">PAPS Meets<\/a><\/li>\n<li id=\"menu-item-2280\" class=\"menu-item menu-item-type-post_type menu-item-object-page menu-item-2280\"><a href=\"https:\/\/www.paps.pt\/pt-pt\/grape\/\">GraPE<\/a><\/li>\n<\/ul><\/div><\/div><div class=\"fusion-additional-widget-content\"><\/div><\/div><div class=\"fusion-clearfix\"><\/div>\n\n\t\t\t<\/div>\n\t\t<\/div><\/div><\/div><div id=\"sponsors\"><div  class=\"fusion-fullwidth fullwidth-box nonhundred-percent-fullwidth\"  style='background-color: rgba(255,255,255,0);background-position: left top;background-repeat: no-repeat;padding-top:60px;padding-right:0px;padding-bottom:20px;padding-left:0px;border-top-width:0px;border-bottom-width:0px;border-color:#eae9e9;border-top-style:solid;border-bottom-style:solid;'><div class=\"fusion-builder-row fusion-row \"><div  class=\"fusion-layout-column fusion_builder_column fusion_builder_column_1_1  fusion-one-full fusion-column-first fusion-column-last 1_1\"  style='margin-top:0px;margin-bottom:20px;'>\n\t\t\t<div class=\"fusion-column-wrapper\" style=\"background-position:left top;background-repeat:no-repeat;-webkit-background-size:cover;-moz-background-size:cover;-o-background-size:cover;background-size:cover;\"  data-bg-url=\"\">\n\t\t\t\t<h2>Sponsors<\/h2>\n<p>\u2013 Funda\u00e7\u00e3o Luso-Americana<br \/>\n\u2013\u00a0Instituto de Coopera\u00e7\u00e3o Cient\u00edfica e Tecnol\u00f3gica Internacional<br \/>\n\u2013 Funda\u00e7\u00e3o para Ci\u00eancia e Tecnologia<br \/>\n\u2013 ICCTI<br \/>\n\u2013 The University of North Carolina at Chapel Hill<br \/>\n\u2013 Duke University<br \/>\n\u2013 Bial<br \/>\n\u2013 Frank Awkins Kenan Institute of Private Enterprise<\/p>\n<div class=\"fusion-clearfix\"><\/div>\n\n\t\t\t<\/div>\n\t\t<\/div><\/div><\/div><\/div><\/p>\n","protected":false},"excerpt":{"rendered":"","protected":false},"author":8,"featured_media":0,"parent":0,"menu_order":0,"comment_status":"closed","ping_status":"closed","template":"100-width.php","meta":{"footnotes":""},"class_list":["post-1999","page","type-page","status-publish","hentry"],"_links":{"self":[{"href":"https:\/\/www.paps.pt\/pt-pt\/wp-json\/wp\/v2\/pages\/1999","targetHints":{"allow":["GET"]}}],"collection":[{"href":"https:\/\/www.paps.pt\/pt-pt\/wp-json\/wp\/v2\/pages"}],"about":[{"href":"https:\/\/www.paps.pt\/pt-pt\/wp-json\/wp\/v2\/types\/page"}],"author":[{"embeddable":true,"href":"https:\/\/www.paps.pt\/pt-pt\/wp-json\/wp\/v2\/users\/8"}],"replies":[{"embeddable":true,"href":"https:\/\/www.paps.pt\/pt-pt\/wp-json\/wp\/v2\/comments?post=1999"}],"version-history":[{"count":1,"href":"https:\/\/www.paps.pt\/pt-pt\/wp-json\/wp\/v2\/pages\/1999\/revisions"}],"predecessor-version":[{"id":2000,"href":"https:\/\/www.paps.pt\/pt-pt\/wp-json\/wp\/v2\/pages\/1999\/revisions\/2000"}],"wp:attachment":[{"href":"https:\/\/www.paps.pt\/pt-pt\/wp-json\/wp\/v2\/media?parent=1999"}],"curies":[{"name":"wp","href":"https:\/\/api.w.org\/{rel}","templated":true}]}}