{"id":2001,"date":"2017-03-31T22:29:17","date_gmt":"2017-03-31T22:29:17","guid":{"rendered":"http:\/\/www.papsonline.org\/?page_id=2001\/"},"modified":"2017-03-31T22:29:17","modified_gmt":"2017-03-31T22:29:17","slug":"paps-forum-iv-2003","status":"publish","type":"page","link":"https:\/\/www.paps.pt\/pt-pt\/paps-forum-iv-2003\/","title":{"rendered":"PAPS Forum IV (2003)"},"content":{"rendered":"<p><div  class=\"fusion-fullwidth fullwidth-box fusion-parallax-none nonhundred-percent-fullwidth fusion-equal-height-columns\"  style='background-color: #ebedf0;background-image: url(\"http:\/\/www.paps.pt\/wp-content\/uploads\/2017\/01\/paps-newark-banner.jpg\");background-position: center center;background-repeat: no-repeat;padding-top:20px;padding-right:0px;padding-left:0px;border-top-width:0px;border-bottom-width:0px;border-color:#eae9e9;border-top-style:solid;border-bottom-style:solid;-webkit-background-size:cover;-moz-background-size:cover;-o-background-size:cover;background-size:cover;background-attachment:none;'><div class=\"fusion-builder-row fusion-row \"><div  class=\"fusion-layout-column fusion_builder_column fusion_builder_column_1_1  fusion-one-full fusion-column-first fusion-column-last 1_1\"  style='margin-top:0px;margin-bottom:15px;'>\n\t\t\t<div class=\"fusion-column-wrapper\" style=\"background-position:left top;background-repeat:no-repeat;-webkit-background-size:cover;-moz-background-size:cover;-o-background-size:cover;background-size:cover;\"  data-bg-url=\"\">\n\t\t\t\t<div class=\"fusion-column-content-centered\"><div class=\"fusion-column-content\"><div class=\"fusion-title title fusion-sep-none fusion-title-size-one\" style=\"margin-top:0px;margin-bottom:0px;\"><h1 class=\"title-heading-left\"><h1 class=\"white\">PAPS FORUM IV (2003)<\/h1><\/h1><\/div><\/div><\/div><div class=\"fusion-clearfix\"><\/div>\n\n\t\t\t<\/div>\n\t\t<\/div><\/div><\/div><div  class=\"fusion-fullwidth fullwidth-box nonhundred-percent-fullwidth\"  style='background-color: rgba(255,255,255,0);background-position: left top;background-repeat: no-repeat;padding-top:40px;padding-right:0px;padding-bottom:20px;padding-left:0px;border-top-width:0px;border-bottom-width:0px;border-color:#eae9e9;border-top-style:solid;border-bottom-style:solid;'><div class=\"fusion-builder-row fusion-row \"><div  class=\"fusion-layout-column fusion_builder_column fusion_builder_column_3_4  fusion-three-fourth fusion-column-first 3_4\"  style='margin-top:0px;margin-bottom:20px;width:74%; margin-right: 4%;'>\n\t\t\t<div class=\"fusion-column-wrapper\" style=\"background-position:left top;background-repeat:no-repeat;-webkit-background-size:cover;-moz-background-size:cover;-o-background-size:cover;background-size:cover;\"  data-bg-url=\"\">\n\t\t\t\t<h2>Program<\/h2>\n<h2>January 31, 2003<\/h2>\n\n<div class=\"table-1\">\n<table width=\"100%\">\n<tbody>\n<tr>\n<td align=\"left\">4:30pm<\/td>\n<td align=\"left\">Registration<\/td>\n<\/tr>\n<tr>\n<td align=\"left\">5:30 &#8211; 7:30pm<\/td>\n<td align=\"left\">Plenary Opening Session<br \/>\n<strong>ENTREPRENEURSHIP ACROSS THE GLOBE: TRENDS AND CHALLENGES<\/strong><br \/>\n<strong>Opening remarks, PAPS Executive Committee<\/strong><br \/>\n\u2013 Richard Locke, Alvin J. Sitemam Professor of Entrepreneurship and Political Science, MIT<br \/>\n\u2013 Miguel Beleza, Consultant, Board of Directors, BCP; Former Portuguese Minister for Finance<br \/>\n<b>Moderators: <\/b>Vasco Varela, Director, Taguspark<\/td>\n<\/tr>\n<tr>\n<td align=\"left\">8:00pm<\/td>\n<td align=\"left\">Welcome Reception<\/td>\n<\/tr>\n<\/tbody>\n<\/table>\n<\/div>\n<div class=\"fusion-sep-clear\"><\/div><div class=\"fusion-separator fusion-full-width-sep sep-none\" style=\"margin-left: auto;margin-right: auto;margin-top:20px;margin-bottom:0px;\"><\/div><h2>February 1, 2003<\/h2>\n\n<div class=\"table-1\">\n<table width=\"100%\">\n<tbody>\n<tr>\n<td align=\"left\">9:00\u00a0&#8211;\u00a011:00am<\/td>\n<td align=\"left\">Session\u00a02<br \/>\n<strong>ENTREPRENEURSHIP IN PORTUGAL: ASSESSING OPPORTUNITIES AND BARRIERS<\/strong><br \/>\n\u2013\u00a0Fernando Branco,Director, FCEE &#8211; Portuguese Catholic University<br \/>\n\u2013 Ant\u00f3nio Coutinho, Director, Laboratoire Europ\u00e9en Associ\u00e9 &#8220;Tol\u00e9rance Naturelle&#8221; and IGC; Research Director, CNRS<br \/>\n\u2013 Diogo Vasconcelos, Coordinator of the National Mission for Innovation and Knowledge<br \/>\n\u2013 Jo\u00e3o Silveira Lobo, President, Portuguese Agency for Innovation<br \/>\n<b>Moderators:<br \/>\n<\/b>Manuel Heitor, Director, Center for Innovation, Technology and Policy Research,<br \/>\nSean Glass, co-founder, Yale Entrepreneurial Society; co-founder, Higher One<\/td>\n<\/tr>\n<tr>\n<td align=\"left\">11:00\u00a0&#8211;\u00a011:15am<\/td>\n<td align=\"left\">Coffee break<\/td>\n<\/tr>\n<tr>\n<td align=\"left\">11:15am &#8211;\u00a012:30pm<\/td>\n<td align=\"left\">Session\u00a03<br \/>\n<strong>PRACTICE: CASES AND EXPERIENCIES OF PORTUGUESE ENTREPRENEURS<\/strong><br \/>\n\u2013\u00a0Jo\u00e3o Ribeiro da Costa, co-founder Chiron<br \/>\n\u2013 Lu\u00eds Pereira Nunes, co-founder and CEO, Revolta<br \/>\n\u2013 Pedro Lobo, co-founder and Manager, Innovagency<br \/>\n\u2013 Pedro Pisarra, co-founder and CEO, Biotecnol<br \/>\n\u2022 Jo\u00e3o Carreira, co-founder and CEO, Critical Software<br \/>\n<b>Moderators: <\/b>Miguel Lobo, Assistant Professor, Duke University<\/td>\n<\/tr>\n<tr>\n<td align=\"left\">12:30pm\u00a0&#8211;\u00a01:30pm<\/td>\n<td align=\"left\">Lunch<\/td>\n<\/tr>\n<tr>\n<td align=\"left\">1:30pm\u00a0&#8211;\u00a04:30pm<\/td>\n<td align=\"left\">E-FAIR (ENTREPRENEURIAL FAIR)<\/td>\n<\/tr>\n<tr>\n<td align=\"left\">2:00pm &#8211; 4:00pm<\/td>\n<td align=\"left\"><strong>WORKSHOP 1: \u201cENTREPRENEURSHIP IN IT\u201d<\/strong><br \/>\n(in parallel to the E-FAIR and workshop 2)<br \/>\nThis workshop will discuss questions entrepreneurs face when putting together their projects.<br \/>\nTopics will include (but not restricted to) business plans, legal, patenting, marketing as well as the financial issues that must be addressed prior to launching a new venture.<br \/>\n<b>Coordination: <\/b>Miguel Lobo, Assistant Professor, Duke University<br \/>\n<b>Participants: <\/b>Jo\u00e3o Ribeiro da Costa, co-founder Chiron<br \/>\nPedro Lobo, co-founder and Manager, Innovagency<br \/>\nJo\u00e3o Carreira, co-founder and CEO, Critical Software<\/td>\n<\/tr>\n<tr>\n<td align=\"left\">2:00pm\u00a0&#8211;\u00a04:00pm<\/td>\n<td align=\"left\"><strong>WORKSHOP 2: \u201cENTREPRENEURSHIP IN BIOTECHNOLOGY\u201d<\/strong><br \/>\n(in parallel to the E-FAIR and workshop 1)<br \/>\nThis workshop will discuss the current state of entrepreneurship in Biotechnology in Portugal as well as the challenges and opportunities Portuguese entrepreneurs face when launching a new venture in this field and associated industries.<br \/>\n<b>Coordination: <\/b>Nuno Arantes e Oliveira, Associate Researcher, IN+ Center for Innovation,<br \/>\nTechnology and Policy Research of IST; Tiago Outeiro, Doctoral Candidate, MIT<br \/>\n<b>Participants: <\/b>Ant\u00f3nio Coutinho, Director, Laboratoire Europ\u00e9en Associ\u00e9 &#8220;Tol\u00e9rance Naturelle&#8221; and IGC; Research Director, CNRS<br \/>\nPedro Pisarra, co-founder and CEO, Biotecnol<br \/>\nLu\u00eds Pereira Nunes, co-founder and CEO, Revolta<br \/>\nPedro A. Caetano, Regulatory Affairs Manager, Procter &amp; Gamble<br \/>\nLuis Rocha, Technical Staff Member, Los Alamos National Laboratory<\/td>\n<\/tr>\n<tr>\n<td align=\"left\">4:30pm &#8211; 6:15pm<\/td>\n<td align=\"left\">Session\u00a04<br \/>\n<strong>ENTREPRENEURSHIP IN PARTNERSHIP: OPPORTUNITIES FOR BUSINESS ACROSS THE ATLANTIC<\/strong><br \/>\n\u2013\u00a0Pedro Catarino Portugal Ambassador to the United States; Administrator, Ag\u00eancia Portuguesa de Investimentos<br \/>\n\u2013 Miguel Calado, Executive Vice President and President, International, Dean Foods<br \/>\n\u2013 Will Purdy, Public Affairs Counselor, Portugal &#8211; U.S. Chamber of Commerce<br \/>\n\u2013 Eduardo Souto Moura, Trade Commissioner and Managing Director, ICEP Portugal Offices in The United States of America<br \/>\n<b>Moderators: <\/b>Larry Mendes, Director, PALCUS, Portuguese-American Leadership Council of the US; Rui Machete* \/ Charles Buchanan*, Chairman \/ Director, Luso-American Development Foundation;<br \/>\n* to be confirmed<\/td>\n<\/tr>\n<tr>\n<td align=\"left\">6:30pm\u00a0&#8211;\u00a07:00pm<\/td>\n<td align=\"left\">Plenary Closing Session 5<br \/>\n\u2013 Overview of workshop 1<br \/>\n\u2013 Overview of workshop 2<br \/>\n\u2013 <strong>Remarks<\/strong>: Paulo Zagalo e Melo, Executive Director, Fulbright Commission<br \/>\n\u2013 <strong>Remarks:<\/strong>\u00a0PAPS Executive Committee<\/td>\n<\/tr>\n<tr>\n<td align=\"left\">8:00pm<\/td>\n<td align=\"left\"><b>Dinner<br \/>\n<\/b><b>Remarks: <\/b>Pedro Catarino, Portugal Ambassador to the United States; Administrator, Ag\u00eancia Portuguesa de Investimentos<br \/>\n<b>Keynote speaker: <\/b>Manuel Fernandes Thomaz, Secretary of State for Science and Technology<b><br \/>\n<\/b><strong>Chair:<\/strong> Pedro Belo, Chairman and CEO, BPA Bank<\/td>\n<\/tr>\n<\/tbody>\n<\/table>\n<\/div>\n<div class=\"fusion-sep-clear\"><\/div><div class=\"fusion-separator fusion-full-width-sep sep-none\" style=\"margin-left: auto;margin-right: auto;margin-top:20px;margin-bottom:0px;\"><\/div><div class=\"fusion-clearfix\"><\/div>\n\n\t\t\t<\/div>\n\t\t<\/div><div  class=\"fusion-layout-column fusion_builder_column fusion_builder_column_1_4  fusion-one-fourth fusion-column-last 1_4\"  style='margin-top:0px;margin-bottom:20px;width:22%'>\n\t\t\t<div class=\"fusion-column-wrapper\" style=\"background-color:#ebedf0;padding: 15px 25px;background-position:left top;background-repeat:no-repeat;-webkit-background-size:cover;-moz-background-size:cover;-o-background-size:cover;background-size:cover;\"  data-bg-url=\"\">\n\t\t\t\t<h2 style=\"text-align: left;\">Details<\/h2>\n<p style=\"text-align: left;\"><strong>Date<br \/>\n<\/strong>January 31 and February 01, 2003<\/p>\n<p style=\"text-align: left;\"><strong>Title<br \/>\n<\/strong>Dare to be an Entrepreneur: Venturing Ideas Across the Atlantic<\/p>\n<p style=\"text-align: left;\"><strong>City<\/strong><br \/>\nNewark NJ, USA<\/p>\n<p style=\"text-align: left;\"><strong>Venue<br \/>\n<\/strong>New Jersey Performing Arts Center, Newark, NJ, USA<\/p>\n<p style=\"text-align: left;\"><strong>Website<br \/>\n<\/strong>n\/a<\/p>\n<h2 style=\"text-align: left;\">Editions<\/h2>\n<div class=\"fusion-widget-area fusion-widget-area-1 fusion-content-widget-area\"><div id=\"nav_menu-5\" class=\"widget widget_nav_menu\"><div class=\"menu-arquivo-de-eventos-container\"><ul id=\"menu-arquivo-de-eventos\" class=\"menu\"><li id=\"menu-item-2281\" class=\"menu-item menu-item-type-post_type menu-item-object-page menu-item-2281\"><a href=\"https:\/\/www.paps.pt\/pt-pt\/paps-forum\/\">PAPS Forum<\/a><\/li>\n<li id=\"menu-item-2283\" class=\"menu-item menu-item-type-post_type menu-item-object-page menu-item-2283\"><a href=\"https:\/\/www.paps.pt\/pt-pt\/papspeakers\/\">PAPSpeakers<\/a><\/li>\n<li id=\"menu-item-2282\" class=\"menu-item menu-item-type-post_type menu-item-object-page menu-item-2282\"><a href=\"https:\/\/www.paps.pt\/pt-pt\/paps-meets\/\">PAPS Meets<\/a><\/li>\n<li id=\"menu-item-2280\" class=\"menu-item menu-item-type-post_type menu-item-object-page menu-item-2280\"><a href=\"https:\/\/www.paps.pt\/pt-pt\/grape\/\">GraPE<\/a><\/li>\n<\/ul><\/div><\/div><div class=\"fusion-additional-widget-content\"><\/div><\/div><div class=\"fusion-clearfix\"><\/div>\n\n\t\t\t<\/div>\n\t\t<\/div><\/div><\/div><div id=\"sponsors\"><div  class=\"fusion-fullwidth fullwidth-box nonhundred-percent-fullwidth\"  style='background-color: rgba(255,255,255,0);background-position: left top;background-repeat: no-repeat;padding-top:60px;padding-right:0px;padding-bottom:20px;padding-left:0px;border-top-width:0px;border-bottom-width:0px;border-color:#eae9e9;border-top-style:solid;border-bottom-style:solid;'><div class=\"fusion-builder-row fusion-row \"><div  class=\"fusion-layout-column fusion_builder_column fusion_builder_column_1_1  fusion-one-full fusion-column-first fusion-column-last 1_1\"  style='margin-top:0px;margin-bottom:20px;'>\n\t\t\t<div class=\"fusion-column-wrapper\" style=\"background-position:left top;background-repeat:no-repeat;-webkit-background-size:cover;-moz-background-size:cover;-o-background-size:cover;background-size:cover;\"  data-bg-url=\"\">\n\t\t\t\t<h2>Sponsors<\/h2>\n<p>\u2013 Funda\u00e7\u00e3o Luso-Americana<br \/>\n\u2013 Funda\u00e7\u00e3o Calouste Gulbenkian<br \/>\n\u2013 Funda\u00e7\u00e3o para a Ci\u00eancia e Tecnologia<br \/>\n\u2013 BPA Bank<\/p>\n<div class=\"fusion-clearfix\"><\/div>\n\n\t\t\t<\/div>\n\t\t<\/div><\/div><\/div><\/div><\/p>\n","protected":false},"excerpt":{"rendered":"","protected":false},"author":8,"featured_media":0,"parent":0,"menu_order":0,"comment_status":"closed","ping_status":"closed","template":"100-width.php","meta":{"footnotes":""},"class_list":["post-2001","page","type-page","status-publish","hentry"],"_links":{"self":[{"href":"https:\/\/www.paps.pt\/pt-pt\/wp-json\/wp\/v2\/pages\/2001","targetHints":{"allow":["GET"]}}],"collection":[{"href":"https:\/\/www.paps.pt\/pt-pt\/wp-json\/wp\/v2\/pages"}],"about":[{"href":"https:\/\/www.paps.pt\/pt-pt\/wp-json\/wp\/v2\/types\/page"}],"author":[{"embeddable":true,"href":"https:\/\/www.paps.pt\/pt-pt\/wp-json\/wp\/v2\/users\/8"}],"replies":[{"embeddable":true,"href":"https:\/\/www.paps.pt\/pt-pt\/wp-json\/wp\/v2\/comments?post=2001"}],"version-history":[{"count":1,"href":"https:\/\/www.paps.pt\/pt-pt\/wp-json\/wp\/v2\/pages\/2001\/revisions"}],"predecessor-version":[{"id":2002,"href":"https:\/\/www.paps.pt\/pt-pt\/wp-json\/wp\/v2\/pages\/2001\/revisions\/2002"}],"wp:attachment":[{"href":"https:\/\/www.paps.pt\/pt-pt\/wp-json\/wp\/v2\/media?parent=2001"}],"curies":[{"name":"wp","href":"https:\/\/api.w.org\/{rel}","templated":true}]}}