{"id":2005,"date":"2017-03-31T22:30:38","date_gmt":"2017-03-31T22:30:38","guid":{"rendered":"http:\/\/www.papsonline.org\/?page_id=2005\/"},"modified":"2017-03-31T22:30:38","modified_gmt":"2017-03-31T22:30:38","slug":"paps-forum-v-2004","status":"publish","type":"page","link":"https:\/\/www.paps.pt\/pt-pt\/paps-forum-v-2004\/","title":{"rendered":"PAPS Forum V (2004)"},"content":{"rendered":"<p><div  class=\"fusion-fullwidth fullwidth-box fusion-parallax-none nonhundred-percent-fullwidth fusion-equal-height-columns\"  style='background-color: #ebedf0;background-image: url(\"http:\/\/www.paps.pt\/wp-content\/uploads\/2016\/09\/paps-boston-banner.jpg\");background-position: center center;background-repeat: no-repeat;padding-top:20px;padding-right:0px;padding-left:0px;border-top-width:0px;border-bottom-width:0px;border-color:#eae9e9;border-top-style:solid;border-bottom-style:solid;-webkit-background-size:cover;-moz-background-size:cover;-o-background-size:cover;background-size:cover;background-attachment:none;'><div class=\"fusion-builder-row fusion-row \"><div  class=\"fusion-layout-column fusion_builder_column fusion_builder_column_1_1  fusion-one-full fusion-column-first fusion-column-last 1_1\"  style='margin-top:0px;margin-bottom:15px;'>\n\t\t\t<div class=\"fusion-column-wrapper\" style=\"background-position:left top;background-repeat:no-repeat;-webkit-background-size:cover;-moz-background-size:cover;-o-background-size:cover;background-size:cover;\"  data-bg-url=\"\">\n\t\t\t\t<div class=\"fusion-column-content-centered\"><div class=\"fusion-column-content\"><div class=\"fusion-title title fusion-sep-none fusion-title-size-one\" style=\"margin-top:0px;margin-bottom:0px;\"><h1 class=\"title-heading-left\"><h1 class=\"white\">PAPS FORUM V (2004)<\/h1><\/h1><\/div><\/div><\/div><div class=\"fusion-clearfix\"><\/div>\n\n\t\t\t<\/div>\n\t\t<\/div><\/div><\/div><div  class=\"fusion-fullwidth fullwidth-box nonhundred-percent-fullwidth\"  style='background-color: rgba(255,255,255,0);background-position: left top;background-repeat: no-repeat;padding-top:40px;padding-right:0px;padding-bottom:20px;padding-left:0px;border-top-width:0px;border-bottom-width:0px;border-color:#eae9e9;border-top-style:solid;border-bottom-style:solid;'><div class=\"fusion-builder-row fusion-row \"><div  class=\"fusion-layout-column fusion_builder_column fusion_builder_column_3_4  fusion-three-fourth fusion-column-first 3_4\"  style='margin-top:0px;margin-bottom:20px;width:74%; margin-right: 4%;'>\n\t\t\t<div class=\"fusion-column-wrapper\" style=\"background-position:left top;background-repeat:no-repeat;-webkit-background-size:cover;-moz-background-size:cover;-o-background-size:cover;background-size:cover;\"  data-bg-url=\"\">\n\t\t\t\t<h2>Program<\/h2>\n<h2>January 17, 2004<\/h2>\n\n<div class=\"table-1\">\n<table width=\"100%\">\n<tbody>\n<tr>\n<td align=\"left\">2:00pm<\/td>\n<td align=\"left\">Registration and Coffee<\/td>\n<\/tr>\n<tr>\n<td align=\"left\">2:30\u00a0&#8211;\u00a03:00pm<\/td>\n<td align=\"left\"><b>Opening Session<br \/>\n<\/b>\u2013 Opening remarks, PAPS Executive Committee<br \/>\n\u2013 David Blackbourn, Acting Director, Minda de Gunzburg Center for European Studies, Harvard University<\/td>\n<\/tr>\n<tr>\n<td align=\"left\">3:00\u00a0&#8211;\u00a05:00pm<\/td>\n<td align=\"left\">Plenary Session 1<br \/>\n<strong>THE ROLE OF RESEARCH AND DEVELOPMENT IN PORTUGUESE INNOVATION<\/strong><br \/>\n\u2013\u00a0Ant\u00f3nio C\u00e2mara, CEO, Ydreams Inform\u00e1tica, and Professor, FCT \u2013 UNL<br \/>\n\u2013 Jo\u00e3o Paulo Oliveira, COO, Vulcano<br \/>\n\u2013 Rui Guimar\u00e3es, COTEC<br \/>\n<b>Moderator: <\/b>Jos\u00e9 Principe,Distinguished Professor of Electrical and Biomedical Engineering at the University of Florida<\/td>\n<\/tr>\n<tr>\n<td align=\"left\">5:00\u00a0&#8211;\u00a05:30pm<\/td>\n<td align=\"left\">Coffee Break<\/td>\n<\/tr>\n<tr>\n<td align=\"left\">5:30\u00a0&#8211;\u00a07:30pm<\/td>\n<td align=\"left\">Plenary Session 2<b><br \/>\n<\/b><strong>INNOVATION AND TECHNOLOGY: FROM IDEA TO MARKET<\/strong><br \/>\n\u2013\u00a0Ant\u00f3nio Moreira, Executive Vice-Presidente, SPI USA, Inc.<br \/>\n\u2013 M\u00e1rio Pinto, CEO, Change Partners<br \/>\n\u2013 Paulo Pereira da Silva, CEO, Renova<br \/>\n<b>Moderator: <\/b>Telmo Valido, PAPS president<\/td>\n<\/tr>\n<tr>\n<td align=\"left\">8:30pm<\/td>\n<td align=\"left\">Dinner<b><br \/>\n<\/b><strong>Keynote Speaker<\/strong><br \/>\n\u2022 Paulo Ferreira, PAPS Founder<\/td>\n<\/tr>\n<\/tbody>\n<\/table>\n<\/div>\n<div class=\"fusion-sep-clear\"><\/div><div class=\"fusion-separator fusion-full-width-sep sep-none\" style=\"margin-left: auto;margin-right: auto;margin-top:20px;margin-bottom:0px;\"><\/div><h2>January 18, 2004<\/h2>\n\n<div class=\"table-1\">\n<table width=\"100%\">\n<tbody>\n<tr>\n<td align=\"left\">9:00 &#8211; 10:00am<\/td>\n<td align=\"left\">Breakfast<\/td>\n<\/tr>\n<tr>\n<td align=\"left\">10:00am\u00a0&#8211;\u00a012:00pm<\/td>\n<td align=\"left\">\n<p class=\"p1\"><b>Plenary Session 3<br \/>\n<\/b>THE POWER OF VISION AND LEADERSHIP<br \/>\n\u2022 Jo\u00e3o Talone, CEO, EDP<br \/>\n\u2022 Carlos Rodrigues, President, Banco BIG<br \/>\n<b>Chair: <\/b>Paulo Ferreira, PAPS Founder<\/p>\n<\/td>\n<\/tr>\n<tr>\n<td align=\"left\">12:00\u00a0&#8211;\u00a012:30pm<\/td>\n<td align=\"left\">Closing Remarks, PAPS Executive Committee<\/td>\n<\/tr>\n<\/tbody>\n<\/table>\n<\/div>\n<div class=\"fusion-sep-clear\"><\/div><div class=\"fusion-separator fusion-full-width-sep sep-none\" style=\"margin-left: auto;margin-right: auto;margin-top:20px;margin-bottom:0px;\"><\/div><div class=\"fusion-clearfix\"><\/div>\n\n\t\t\t<\/div>\n\t\t<\/div><div  class=\"fusion-layout-column fusion_builder_column fusion_builder_column_1_4  fusion-one-fourth fusion-column-last 1_4\"  style='margin-top:0px;margin-bottom:20px;width:22%'>\n\t\t\t<div class=\"fusion-column-wrapper\" style=\"background-color:#ebedf0;padding: 15px 25px;background-position:left top;background-repeat:no-repeat;-webkit-background-size:cover;-moz-background-size:cover;-o-background-size:cover;background-size:cover;\"  data-bg-url=\"\">\n\t\t\t\t<h2 style=\"text-align: left;\">Details<\/h2>\n<p style=\"text-align: left;\"><strong>Date<br \/>\n<\/strong>January 17th and 18th, 2004<\/p>\n<p style=\"text-align: left;\"><strong>Title<br \/>\n<\/strong>Innovation and Leadership: can Portugal attract and develop innovative leaders leaders in the XXI century?<\/p>\n<p style=\"text-align: left;\"><strong>City<\/strong><br \/>\nBoston, MA, USA<\/p>\n<p style=\"text-align: left;\"><strong>Venue<br \/>\n<\/strong>No info.<\/p>\n<p style=\"text-align: left;\"><strong>Website<br \/>\n<\/strong>n\/a<\/p>\n<h2 style=\"text-align: left;\">Editions<\/h2>\n<div class=\"fusion-widget-area fusion-widget-area-1 fusion-content-widget-area\"><div id=\"nav_menu-5\" class=\"widget widget_nav_menu\"><div class=\"menu-arquivo-de-eventos-container\"><ul id=\"menu-arquivo-de-eventos\" class=\"menu\"><li id=\"menu-item-2281\" class=\"menu-item menu-item-type-post_type menu-item-object-page menu-item-2281\"><a href=\"https:\/\/www.paps.pt\/pt-pt\/paps-forum\/\">PAPS Forum<\/a><\/li>\n<li id=\"menu-item-2283\" class=\"menu-item menu-item-type-post_type menu-item-object-page menu-item-2283\"><a href=\"https:\/\/www.paps.pt\/pt-pt\/papspeakers\/\">PAPSpeakers<\/a><\/li>\n<li id=\"menu-item-2282\" class=\"menu-item menu-item-type-post_type menu-item-object-page menu-item-2282\"><a href=\"https:\/\/www.paps.pt\/pt-pt\/paps-meets\/\">PAPS Meets<\/a><\/li>\n<li id=\"menu-item-2280\" class=\"menu-item menu-item-type-post_type menu-item-object-page menu-item-2280\"><a href=\"https:\/\/www.paps.pt\/pt-pt\/grape\/\">GraPE<\/a><\/li>\n<\/ul><\/div><\/div><div class=\"fusion-additional-widget-content\"><\/div><\/div><div class=\"fusion-clearfix\"><\/div>\n\n\t\t\t<\/div>\n\t\t<\/div><\/div><\/div><div id=\"sponsors\"><div  class=\"fusion-fullwidth fullwidth-box nonhundred-percent-fullwidth\"  style='background-color: rgba(255,255,255,0);background-position: left top;background-repeat: no-repeat;padding-top:60px;padding-right:0px;padding-bottom:20px;padding-left:0px;border-top-width:0px;border-bottom-width:0px;border-color:#eae9e9;border-top-style:solid;border-bottom-style:solid;'><div class=\"fusion-builder-row fusion-row \"><div  class=\"fusion-layout-column fusion_builder_column fusion_builder_column_1_1  fusion-one-full fusion-column-first fusion-column-last 1_1\"  style='margin-top:0px;margin-bottom:20px;'>\n\t\t\t<div class=\"fusion-column-wrapper\" style=\"background-position:left top;background-repeat:no-repeat;-webkit-background-size:cover;-moz-background-size:cover;-o-background-size:cover;background-size:cover;\"  data-bg-url=\"\">\n\t\t\t\t<h2>Sponsors<\/h2>\n<p>\u2013 Funda\u00e7\u00e3o Luso-Americana<br \/>\n\u2013\u00a0BPA Bank<br \/>\n\u2013 Funda\u00e7\u00e3o Calouste Gulbenkian<br \/>\n\u2013 Funda\u00e7\u00e3o para a Ci\u00eancia e Tecnologia<\/p>\n<div class=\"fusion-clearfix\"><\/div>\n\n\t\t\t<\/div>\n\t\t<\/div><\/div><\/div><\/div><\/p>\n","protected":false},"excerpt":{"rendered":"","protected":false},"author":8,"featured_media":0,"parent":0,"menu_order":0,"comment_status":"closed","ping_status":"closed","template":"100-width.php","meta":{"footnotes":""},"class_list":["post-2005","page","type-page","status-publish","hentry"],"_links":{"self":[{"href":"https:\/\/www.paps.pt\/pt-pt\/wp-json\/wp\/v2\/pages\/2005","targetHints":{"allow":["GET"]}}],"collection":[{"href":"https:\/\/www.paps.pt\/pt-pt\/wp-json\/wp\/v2\/pages"}],"about":[{"href":"https:\/\/www.paps.pt\/pt-pt\/wp-json\/wp\/v2\/types\/page"}],"author":[{"embeddable":true,"href":"https:\/\/www.paps.pt\/pt-pt\/wp-json\/wp\/v2\/users\/8"}],"replies":[{"embeddable":true,"href":"https:\/\/www.paps.pt\/pt-pt\/wp-json\/wp\/v2\/comments?post=2005"}],"version-history":[{"count":1,"href":"https:\/\/www.paps.pt\/pt-pt\/wp-json\/wp\/v2\/pages\/2005\/revisions"}],"predecessor-version":[{"id":2006,"href":"https:\/\/www.paps.pt\/pt-pt\/wp-json\/wp\/v2\/pages\/2005\/revisions\/2006"}],"wp:attachment":[{"href":"https:\/\/www.paps.pt\/pt-pt\/wp-json\/wp\/v2\/media?parent=2005"}],"curies":[{"name":"wp","href":"https:\/\/api.w.org\/{rel}","templated":true}]}}