{"id":2011,"date":"2017-03-31T22:32:41","date_gmt":"2017-03-31T22:32:41","guid":{"rendered":"http:\/\/www.papsonline.org\/?page_id=2011\/"},"modified":"2017-03-31T22:32:41","modified_gmt":"2017-03-31T22:32:41","slug":"paps-forum-viii-2007","status":"publish","type":"page","link":"https:\/\/www.paps.pt\/pt-pt\/paps-forum-viii-2007\/","title":{"rendered":"PAPS Forum VIII (2007)"},"content":{"rendered":"<p><div  class=\"fusion-fullwidth fullwidth-box fusion-parallax-none nonhundred-percent-fullwidth fusion-equal-height-columns\"  style='background-color: #ebedf0;background-image: url(\"http:\/\/www.paps.pt\/wp-content\/uploads\/2017\/01\/paps-nyc-green-banner.jpg\");background-position: center center;background-repeat: no-repeat;padding-top:20px;padding-right:0px;padding-left:0px;border-top-width:0px;border-bottom-width:0px;border-color:#eae9e9;border-top-style:solid;border-bottom-style:solid;-webkit-background-size:cover;-moz-background-size:cover;-o-background-size:cover;background-size:cover;background-attachment:none;'><div class=\"fusion-builder-row fusion-row \"><div  class=\"fusion-layout-column fusion_builder_column fusion_builder_column_1_1  fusion-one-full fusion-column-first fusion-column-last 1_1\"  style='margin-top:0px;margin-bottom:15px;'>\n\t\t\t<div class=\"fusion-column-wrapper\" style=\"background-position:left top;background-repeat:no-repeat;-webkit-background-size:cover;-moz-background-size:cover;-o-background-size:cover;background-size:cover;\"  data-bg-url=\"\">\n\t\t\t\t<div class=\"fusion-column-content-centered\"><div class=\"fusion-column-content\"><div class=\"fusion-title title fusion-sep-none fusion-title-size-one\" style=\"margin-top:0px;margin-bottom:0px;\"><h1 class=\"title-heading-left\"><h1 class=\"white\">PAPS FORUM VIII (2007)<\/h1><\/h1><\/div><\/div><\/div><div class=\"fusion-clearfix\"><\/div>\n\n\t\t\t<\/div>\n\t\t<\/div><\/div><\/div><div  class=\"fusion-fullwidth fullwidth-box nonhundred-percent-fullwidth\"  style='background-color: rgba(255,255,255,0);background-position: left top;background-repeat: no-repeat;padding-top:40px;padding-right:0px;padding-bottom:20px;padding-left:0px;border-top-width:0px;border-bottom-width:0px;border-color:#eae9e9;border-top-style:solid;border-bottom-style:solid;'><div class=\"fusion-builder-row fusion-row \"><div  class=\"fusion-layout-column fusion_builder_column fusion_builder_column_3_4  fusion-three-fourth fusion-column-first 3_4\"  style='margin-top:0px;margin-bottom:20px;width:74%; margin-right: 4%;'>\n\t\t\t<div class=\"fusion-column-wrapper\" style=\"background-position:left top;background-repeat:no-repeat;-webkit-background-size:cover;-moz-background-size:cover;-o-background-size:cover;background-size:cover;\"  data-bg-url=\"\">\n\t\t\t\t<h2>Program<\/h2>\n<h2>March 24, 2007<\/h2>\n\n<div class=\"table-1\">\n<table width=\"100%\">\n<tbody>\n<tr>\n<td align=\"left\">8:30am<\/td>\n<td align=\"left\">Registration\/Breakfast<\/td>\n<\/tr>\n<tr>\n<td align=\"left\">9:30am<\/td>\n<td align=\"left\"><strong>Welcoming Remarks<\/strong><br \/>\nDuarte Barra, President of PAPS<br \/>\nJo\u00e3o de Vall\u00eara, Portuguese Ambassador in the USA<\/td>\n<\/tr>\n<tr>\n<td align=\"left\">9:45am<\/td>\n<td align=\"left\"><strong>Opening session<\/strong><br \/>\nAlexandre Quintanilha, Chair, Council of Associated Labs<\/td>\n<\/tr>\n<tr>\n<td align=\"left\">10:30am<\/td>\n<td align=\"left\">Coffee Break<\/td>\n<\/tr>\n<tr>\n<td align=\"left\">11:00am<\/td>\n<td align=\"left\"><strong>Session 2: Science &amp; Technology<br \/>\n<\/strong>Alexandre Quintanilha, Chair, Council of Associated Labs<br \/>\nJo\u00e3o Sentieiro, President, Foundation for Science and Technology<br \/>\nJos\u00e9 Moura, Professor, Carnegie-Mellon University<br \/>\nTiago Outeiro, Vice-President, International Forum of Portuguese Researchers<br \/>\n<strong>Moderator:<\/strong> F\u00e1tima Campos Ferreira, Journalist, RTP<strong><br \/>\n<\/strong><\/td>\n<\/tr>\n<tr>\n<td align=\"left\">12:30pm<\/td>\n<td align=\"left\">Lunch<\/td>\n<\/tr>\n<tr>\n<td align=\"left\">2:00pm<\/td>\n<td align=\"left\"><strong>Breakout sessions:<\/strong><br \/>\n<strong>Session 3a<\/strong><br \/>\nLife Sciences Interest Group: From North to South, where to go?<br \/>\nCareer opportunities in Portugal<br \/>\nCarlos Faro, Professor, Biocant Park, University of Coimbra<br \/>\nCl\u00e1udio Sunkel, Professor, Institute for Molecular and Cellular Biology, University of Porto<br \/>\nGuy Villax, CEO and Member of the Board of HOVIONE<br \/>\n<strong>Moderator:<\/strong> Pedro Castelo Branco, Director, PAPS Life Sciences Interest Group<br \/>\n<strong>Session 3b<\/strong><br \/>\nMBA Interest Group: Private Equity &amp; Venture Capital<br \/>\nFunding New Ideas \u2013 The Birth of an Industry in Portugal<br \/>\nCurrent status of Private Equity\/Venture Capital in Portugal, Opportunities for growth and development<br \/>\nJo\u00e3o Arantes e Oliveira, CEO, ES Capital<br \/>\nJo\u00e3o Carreira, CEO, Critical Links<br \/>\nJo\u00e3o Trigo da Roza, President, Portuguese Association of Business Angels<br \/>\nStephan Morais, CEO, Tema Innovation; Design<br \/>\n<strong>Moderator:<\/strong> Jo\u00e3o Rodrigo Santos, \u201906 MBA, Harvard Business School<\/td>\n<\/tr>\n<tr>\n<td align=\"left\">4:00pm<\/td>\n<td align=\"left\">Coffee Break<\/td>\n<\/tr>\n<tr>\n<td align=\"left\">5:00pm<\/td>\n<td align=\"left\"><strong>Session IV: Innovation &amp; Entrepreneurship<\/strong><br \/>\nJo\u00e3o Paulo Girbal, General Manager, Mobile &amp; Embedded Devices, Microsoft Corporation<br \/>\nJorge Guimar\u00e3es, CEO, Alert Life Sciences Computing<br \/>\nLu\u00eds Cabral, Professor, New York University<br \/>\n<strong>Moderator:<\/strong> Jaime Fidalgo, Journalist, P\u00fablico<\/td>\n<\/tr>\n<tr>\n<td align=\"left\">7:00pm<\/td>\n<td align=\"left\"><strong>Dinner<\/strong><br \/>\n<strong>Keynote speaker:<\/strong> Ant\u00f3nio Coutinho, Professor and Director, Gulbenkian Science Institute<\/td>\n<\/tr>\n<\/tbody>\n<\/table>\n<\/div>\n<div class=\"fusion-sep-clear\"><\/div><div class=\"fusion-separator fusion-full-width-sep sep-none\" style=\"margin-left: auto;margin-right: auto;margin-top:20px;margin-bottom:0px;\"><\/div><h2>March 25, 2007<\/h2>\n\n<div class=\"table-1\">\n<table width=\"100%\">\n<tbody>\n<tr>\n<td align=\"left\">8:30am<\/td>\n<td align=\"left\">PAPS General Meeting \/ Election of the New PAPS Management<\/td>\n<\/tr>\n<tr>\n<td align=\"left\">10:30am<\/td>\n<td align=\"left\">Coffee Break<\/td>\n<\/tr>\n<tr>\n<td align=\"left\">11:00am<\/td>\n<td align=\"left\"><strong>Session 5 \u2013 Roundtable to discuss a draft document with main conclusions<\/strong><br \/>\n<strong>Moderator:<\/strong> Telmo Valido, Director, PAPS Portugal<\/td>\n<\/tr>\n<tr>\n<td align=\"left\">12:30pm<\/td>\n<td align=\"left\">Closing Remarks<\/td>\n<\/tr>\n<\/tbody>\n<\/table>\n<\/div>\n<div class=\"fusion-sep-clear\"><\/div><div class=\"fusion-separator fusion-full-width-sep sep-none\" style=\"margin-left: auto;margin-right: auto;margin-top:20px;margin-bottom:0px;\"><\/div><div class=\"fusion-clearfix\"><\/div>\n\n\t\t\t<\/div>\n\t\t<\/div><div  class=\"fusion-layout-column fusion_builder_column fusion_builder_column_1_4  fusion-one-fourth fusion-column-last 1_4\"  style='margin-top:0px;margin-bottom:20px;width:22%'>\n\t\t\t<div class=\"fusion-column-wrapper\" style=\"background-color:#ebedf0;padding: 15px 25px;background-position:left top;background-repeat:no-repeat;-webkit-background-size:cover;-moz-background-size:cover;-o-background-size:cover;background-size:cover;\"  data-bg-url=\"\">\n\t\t\t\t<h2 style=\"text-align: left;\">Details<\/h2>\n<p style=\"text-align: left;\"><strong>Date<br \/>\n<\/strong>March 24th\/25th, 2007<\/p>\n<p style=\"text-align: left;\"><strong>Title<br \/>\n<\/strong>A Roadmap for Portugal: Science, Technology and Innovation<\/p>\n<p><strong>City<br \/>\n<\/strong>New York City, NY, USA<\/p>\n<p style=\"text-align: left;\"><strong>Venue<br \/>\n<\/strong>Columbia University, NY, USA<\/p>\n<p style=\"text-align: left;\"><strong>Website<br \/>\n<\/strong>n\/a<\/p>\n<h2 style=\"text-align: left;\">Editions<\/h2>\n<div class=\"fusion-widget-area fusion-widget-area-1 fusion-content-widget-area\"><div id=\"nav_menu-5\" class=\"widget widget_nav_menu\"><div class=\"menu-arquivo-de-eventos-container\"><ul id=\"menu-arquivo-de-eventos\" class=\"menu\"><li id=\"menu-item-2281\" class=\"menu-item menu-item-type-post_type menu-item-object-page menu-item-2281\"><a href=\"https:\/\/www.paps.pt\/pt-pt\/paps-forum\/\">PAPS Forum<\/a><\/li>\n<li id=\"menu-item-2283\" class=\"menu-item menu-item-type-post_type menu-item-object-page menu-item-2283\"><a href=\"https:\/\/www.paps.pt\/pt-pt\/papspeakers\/\">PAPSpeakers<\/a><\/li>\n<li id=\"menu-item-2282\" class=\"menu-item menu-item-type-post_type menu-item-object-page menu-item-2282\"><a href=\"https:\/\/www.paps.pt\/pt-pt\/paps-meets\/\">PAPS Meets<\/a><\/li>\n<li id=\"menu-item-2280\" class=\"menu-item menu-item-type-post_type menu-item-object-page menu-item-2280\"><a href=\"https:\/\/www.paps.pt\/pt-pt\/grape\/\">GraPE<\/a><\/li>\n<\/ul><\/div><\/div><div class=\"fusion-additional-widget-content\"><\/div><\/div><div class=\"fusion-clearfix\"><\/div>\n\n\t\t\t<\/div>\n\t\t<\/div><\/div><\/div><div id=\"sponsors\"><div  class=\"fusion-fullwidth fullwidth-box nonhundred-percent-fullwidth\"  style='background-color: rgba(255,255,255,0);background-position: left top;background-repeat: no-repeat;padding-top:60px;padding-right:0px;padding-bottom:20px;padding-left:0px;border-top-width:0px;border-bottom-width:0px;border-color:#eae9e9;border-top-style:solid;border-bottom-style:solid;'><div class=\"fusion-builder-row fusion-row \"><div  class=\"fusion-layout-column fusion_builder_column fusion_builder_column_1_1  fusion-one-full fusion-column-first fusion-column-last 1_1\"  style='margin-top:0px;margin-bottom:20px;'>\n\t\t\t<div class=\"fusion-column-wrapper\" style=\"background-position:left top;background-repeat:no-repeat;-webkit-background-size:cover;-moz-background-size:cover;-o-background-size:cover;background-size:cover;\"  data-bg-url=\"\">\n\t\t\t\t<h2>Sponsors<\/h2>\n<p>\u2013 Funda\u00e7\u00e3o Luso-Americana<br \/>\n\u2013\u00a0Funda\u00e7\u00e3o para a Ci\u00eancia e Tecnologia<br \/>\n\u2013 Funda\u00e7\u00e3o Champalimaud<br \/>\n\u2013 Alert<br \/>\n\u2013 EDP<br \/>\n\u2013 Microsoft<br \/>\n\u2013 Hovione<br \/>\n\u2013 TAP Portugal<br \/>\n\u2013 ICEP Portugal<\/p>\n<div class=\"fusion-clearfix\"><\/div>\n\n\t\t\t<\/div>\n\t\t<\/div><\/div><\/div><\/div><\/p>\n","protected":false},"excerpt":{"rendered":"","protected":false},"author":8,"featured_media":0,"parent":0,"menu_order":0,"comment_status":"closed","ping_status":"closed","template":"100-width.php","meta":{"footnotes":""},"class_list":["post-2011","page","type-page","status-publish","hentry"],"_links":{"self":[{"href":"https:\/\/www.paps.pt\/pt-pt\/wp-json\/wp\/v2\/pages\/2011","targetHints":{"allow":["GET"]}}],"collection":[{"href":"https:\/\/www.paps.pt\/pt-pt\/wp-json\/wp\/v2\/pages"}],"about":[{"href":"https:\/\/www.paps.pt\/pt-pt\/wp-json\/wp\/v2\/types\/page"}],"author":[{"embeddable":true,"href":"https:\/\/www.paps.pt\/pt-pt\/wp-json\/wp\/v2\/users\/8"}],"replies":[{"embeddable":true,"href":"https:\/\/www.paps.pt\/pt-pt\/wp-json\/wp\/v2\/comments?post=2011"}],"version-history":[{"count":1,"href":"https:\/\/www.paps.pt\/pt-pt\/wp-json\/wp\/v2\/pages\/2011\/revisions"}],"predecessor-version":[{"id":2012,"href":"https:\/\/www.paps.pt\/pt-pt\/wp-json\/wp\/v2\/pages\/2011\/revisions\/2012"}],"wp:attachment":[{"href":"https:\/\/www.paps.pt\/pt-pt\/wp-json\/wp\/v2\/media?parent=2011"}],"curies":[{"name":"wp","href":"https:\/\/api.w.org\/{rel}","templated":true}]}}