{"id":2013,"date":"2017-03-31T22:33:42","date_gmt":"2017-03-31T22:33:42","guid":{"rendered":"http:\/\/www.papsonline.org\/?page_id=2013\/"},"modified":"2017-03-31T22:33:42","modified_gmt":"2017-03-31T22:33:42","slug":"paps-forum-x-2009","status":"publish","type":"page","link":"https:\/\/www.paps.pt\/pt-pt\/paps-forum-x-2009\/","title":{"rendered":"PAPS Forum X (2009)"},"content":{"rendered":"<p><div  class=\"fusion-fullwidth fullwidth-box fusion-parallax-none nonhundred-percent-fullwidth fusion-equal-height-columns\"  style='background-color: #ebedf0;background-image: url(\"http:\/\/www.paps.pt\/wp-content\/uploads\/2016\/09\/paps-losangeles-banner.jpg\");background-position: center center;background-repeat: no-repeat;padding-top:20px;padding-right:0px;padding-left:0px;border-top-width:0px;border-bottom-width:0px;border-color:#eae9e9;border-top-style:solid;border-bottom-style:solid;-webkit-background-size:cover;-moz-background-size:cover;-o-background-size:cover;background-size:cover;background-attachment:none;'><div class=\"fusion-builder-row fusion-row \"><div  class=\"fusion-layout-column fusion_builder_column fusion_builder_column_1_1  fusion-one-full fusion-column-first fusion-column-last 1_1\"  style='margin-top:0px;margin-bottom:15px;'>\n\t\t\t<div class=\"fusion-column-wrapper\" style=\"background-position:left top;background-repeat:no-repeat;-webkit-background-size:cover;-moz-background-size:cover;-o-background-size:cover;background-size:cover;\"  data-bg-url=\"\">\n\t\t\t\t<div class=\"fusion-column-content-centered\"><div class=\"fusion-column-content\"><div class=\"fusion-title title fusion-sep-none fusion-title-size-one\" style=\"margin-top:0px;margin-bottom:0px;\"><h1 class=\"title-heading-left\"><h1 class=\"white\">PAPS FORUM X (2009)<\/h1><\/h1><\/div><\/div><\/div><div class=\"fusion-clearfix\"><\/div>\n\n\t\t\t<\/div>\n\t\t<\/div><\/div><\/div><div  class=\"fusion-fullwidth fullwidth-box nonhundred-percent-fullwidth\"  style='background-color: rgba(255,255,255,0);background-position: left top;background-repeat: no-repeat;padding-top:40px;padding-right:0px;padding-bottom:20px;padding-left:0px;border-top-width:0px;border-bottom-width:0px;border-color:#eae9e9;border-top-style:solid;border-bottom-style:solid;'><div class=\"fusion-builder-row fusion-row \"><div  class=\"fusion-layout-column fusion_builder_column fusion_builder_column_3_4  fusion-three-fourth fusion-column-first 3_4\"  style='margin-top:0px;margin-bottom:20px;width:74%; margin-right: 4%;'>\n\t\t\t<div class=\"fusion-column-wrapper\" style=\"background-position:left top;background-repeat:no-repeat;-webkit-background-size:cover;-moz-background-size:cover;-o-background-size:cover;background-size:cover;\"  data-bg-url=\"\">\n\t\t\t\t<h2>Program<\/h2>\n<h2>April 18, 2009<\/h2>\n\n<div class=\"table-1\">\n<table width=\"100%\">\n<tbody>\n<tr>\n<td align=\"left\">8:30 am<\/td>\n<td align=\"left\">Registration\/Breakfast<\/td>\n<\/tr>\n<tr>\n<td align=\"left\">9:00 am<\/td>\n<td align=\"left\">Welcoming Remarks<br \/>\nJo\u00e3o Cruz &#8211; President PAPS<\/td>\n<\/tr>\n<tr>\n<td align=\"left\">9:30 am<\/td>\n<td align=\"left\"><strong>Session 1\u00a0&#8211; Key Note Speaker 1<\/strong><br \/>\n&#8220;The Changing Face of Neuroscience&#8221; by Ant\u00f3nio Dam\u00e1sio<br \/>\nDavid Dornsife Professor of Neuroscience<br \/>\nDirector, Brain and Creativity Institute University of Southern California<\/td>\n<\/tr>\n<tr>\n<td align=\"left\">10:30 am<\/td>\n<td align=\"left\">Coffee Break<\/td>\n<\/tr>\n<tr>\n<td align=\"left\">11:00 am<\/td>\n<td align=\"left\"><strong>Session 2 &#8211; &#8220;New Challenges for the Future&#8221;<\/strong><br \/>\nRui Grilo &#8211; Deputy Coordinator of the Portuguese Technological Plan<br \/>\nTorben Rankine &#8211; Country Manager, Leadership Business Consulting<br \/>\nPaulo Tabuada &#8211; Cyber-Physical Systems Laboratory, UCLA<br \/>\nFrancisco Veloso &#8211; Technology &amp; Entrepeneurship, Carnegie Mellon University<br \/>\n<strong>Moderator:<\/strong> Vitor Gon\u00e7alves &#8211; International Correspondent in Washington, RTP<\/td>\n<\/tr>\n<tr>\n<td align=\"left\">12:45 pm<\/td>\n<td align=\"left\">Lunch<\/td>\n<\/tr>\n<tr>\n<td align=\"left\">2:15 pm<\/td>\n<td align=\"left\"><strong>Session 3\u00a0&#8211; Key Note Speaker 2<br \/>\n<\/strong>&#8220;The Challenges of Going Global&#8221; by Jos\u00e9 F. P. dos Santos<br \/>\nProfessor of Practice in Global Management &#8211; INSEAD (Fontainebleau)<br \/>\nProfessor Catedr\u00e1tico Convidado &#8211; UCP (Porto)<\/td>\n<\/tr>\n<tr>\n<td align=\"left\">3:15 pm<\/td>\n<td align=\"left\">Coffee Break<\/td>\n<\/tr>\n<tr>\n<td align=\"left\">4:45 pm<\/td>\n<td align=\"left\"><strong>Session 5\u00a0&#8211; &#8220;Networking and the role of Social Networks&#8221;\u00a0<\/strong><br \/>\nTiago Carvalho &#8211; Papaformigas<br \/>\nRossana Henriques &#8211; Vice-President PAPS<br \/>\nRaquel Oliveira &#8211; President PARSUK<br \/>\nAngela Sim\u00f5es &#8211; Executive Committee PALCUS<br \/>\n<strong>Moderator:<\/strong> B\u00e1rbara de Oliveira <span class=\"il\">Pinto &#8211; <\/span>International Correspondent in Los Angeles, RTP<\/td>\n<\/tr>\n<tr>\n<td align=\"left\">6:30 pm<\/td>\n<td align=\"left\">Closing Remarks<\/td>\n<\/tr>\n<tr>\n<td align=\"left\">7:00 pm<\/td>\n<td align=\"left\"><strong>Cocktail\/Dinner &#8211;\u00a0 Key Note Speaker 4<\/strong><br \/>\nAnt\u00f3nio Murta &#8211; Vice-President of Retail Services at Wipro<\/td>\n<\/tr>\n<\/tbody>\n<\/table>\n<\/div>\n<div class=\"fusion-sep-clear\"><\/div><div class=\"fusion-separator fusion-full-width-sep sep-none\" style=\"margin-left: auto;margin-right: auto;margin-top:20px;margin-bottom:0px;\"><\/div><h2>April 19, 2009<\/h2>\n\n<div class=\"table-1\">\n<table width=\"100%\">\n<tbody>\n<tr>\n<td align=\"left\">8:30\u00a0&#8211;\u00a010:30 am<\/td>\n<td align=\"left\">PAPS General Meeting<\/td>\n<\/tr>\n<\/tbody>\n<\/table>\n<\/div>\n<div class=\"fusion-sep-clear\"><\/div><div class=\"fusion-separator fusion-full-width-sep sep-none\" style=\"margin-left: auto;margin-right: auto;margin-top:20px;margin-bottom:0px;\"><\/div><div class=\"fusion-clearfix\"><\/div>\n\n\t\t\t<\/div>\n\t\t<\/div><div  class=\"fusion-layout-column fusion_builder_column fusion_builder_column_1_4  fusion-one-fourth fusion-column-last 1_4\"  style='margin-top:0px;margin-bottom:20px;width:22%'>\n\t\t\t<div class=\"fusion-column-wrapper\" style=\"background-color:#ebedf0;padding: 15px 25px;background-position:left top;background-repeat:no-repeat;-webkit-background-size:cover;-moz-background-size:cover;-o-background-size:cover;background-size:cover;\"  data-bg-url=\"\">\n\t\t\t\t<h2 style=\"text-align: left;\">Details<\/h2>\n<p style=\"text-align: left;\"><strong>Date<br \/>\n<\/strong>April 18-19, 2009<\/p>\n<p style=\"text-align: left;\"><strong>Title<br \/>\n<\/strong>The Next Step: New Challenges for the Future<\/p>\n<p><strong>City<br \/>\n<\/strong>Los Angeles, CA, USA<\/p>\n<p style=\"text-align: left;\"><strong>Venue<br \/>\n<\/strong>Jules Stein Auditorium, University of California Los Angeles, Los Angeles, CA, USA<\/p>\n<p style=\"text-align: left;\"><strong>Website<br \/>\n<\/strong>n\/a<\/p>\n<h2 style=\"text-align: left;\">Editions<\/h2>\n<div class=\"fusion-widget-area fusion-widget-area-1 fusion-content-widget-area\"><div id=\"nav_menu-5\" class=\"widget widget_nav_menu\"><div class=\"menu-arquivo-de-eventos-container\"><ul id=\"menu-arquivo-de-eventos\" class=\"menu\"><li id=\"menu-item-2281\" class=\"menu-item menu-item-type-post_type menu-item-object-page menu-item-2281\"><a href=\"https:\/\/www.paps.pt\/pt-pt\/paps-forum\/\">PAPS Forum<\/a><\/li>\n<li id=\"menu-item-2283\" class=\"menu-item menu-item-type-post_type menu-item-object-page menu-item-2283\"><a href=\"https:\/\/www.paps.pt\/pt-pt\/papspeakers\/\">PAPSpeakers<\/a><\/li>\n<li id=\"menu-item-2282\" class=\"menu-item menu-item-type-post_type menu-item-object-page menu-item-2282\"><a href=\"https:\/\/www.paps.pt\/pt-pt\/paps-meets\/\">PAPS Meets<\/a><\/li>\n<li id=\"menu-item-2280\" class=\"menu-item menu-item-type-post_type menu-item-object-page menu-item-2280\"><a href=\"https:\/\/www.paps.pt\/pt-pt\/grape\/\">GraPE<\/a><\/li>\n<\/ul><\/div><\/div><div class=\"fusion-additional-widget-content\"><\/div><\/div><div class=\"fusion-clearfix\"><\/div>\n\n\t\t\t<\/div>\n\t\t<\/div><\/div><\/div><div id=\"sponsors\"><div  class=\"fusion-fullwidth fullwidth-box nonhundred-percent-fullwidth\"  style='background-color: rgba(255,255,255,0);background-position: left top;background-repeat: no-repeat;padding-top:60px;padding-right:0px;padding-bottom:20px;padding-left:0px;border-top-width:0px;border-bottom-width:0px;border-color:#eae9e9;border-top-style:solid;border-bottom-style:solid;'><div class=\"fusion-builder-row fusion-row \"><div  class=\"fusion-layout-column fusion_builder_column fusion_builder_column_1_1  fusion-one-full fusion-column-first fusion-column-last 1_1\"  style='margin-top:0px;margin-bottom:20px;'>\n\t\t\t<div class=\"fusion-column-wrapper\" style=\"background-position:left top;background-repeat:no-repeat;-webkit-background-size:cover;-moz-background-size:cover;-o-background-size:cover;background-size:cover;\"  data-bg-url=\"\">\n\t\t\t\t<h2>Sponsors<\/h2>\n<p>\u2013 Funda\u00e7\u00e3o\u00a0para a Ci\u00eancia e Tecnologia<br \/>\n\u2013 EDP Renewables<br \/>\n\u2013 Leadership Business Consulting<br \/>\n\u2013 Funda\u00e7\u00e3o Luso-Am\u00e9rica<br \/>\n\u2013 Wipro<br \/>\n\u2013 Plano Tecnol\u00f3gico Inovar Portugal<br \/>\n\u2013 Dish Network<br \/>\n\u2013 BES<br \/>\n\u2013 McKinsey &amp; Company<\/p>\n<div class=\"fusion-clearfix\"><\/div>\n\n\t\t\t<\/div>\n\t\t<\/div><\/div><\/div><\/div><\/p>\n","protected":false},"excerpt":{"rendered":"","protected":false},"author":8,"featured_media":0,"parent":0,"menu_order":0,"comment_status":"closed","ping_status":"closed","template":"100-width.php","meta":{"footnotes":""},"class_list":["post-2013","page","type-page","status-publish","hentry"],"_links":{"self":[{"href":"https:\/\/www.paps.pt\/pt-pt\/wp-json\/wp\/v2\/pages\/2013","targetHints":{"allow":["GET"]}}],"collection":[{"href":"https:\/\/www.paps.pt\/pt-pt\/wp-json\/wp\/v2\/pages"}],"about":[{"href":"https:\/\/www.paps.pt\/pt-pt\/wp-json\/wp\/v2\/types\/page"}],"author":[{"embeddable":true,"href":"https:\/\/www.paps.pt\/pt-pt\/wp-json\/wp\/v2\/users\/8"}],"replies":[{"embeddable":true,"href":"https:\/\/www.paps.pt\/pt-pt\/wp-json\/wp\/v2\/comments?post=2013"}],"version-history":[{"count":1,"href":"https:\/\/www.paps.pt\/pt-pt\/wp-json\/wp\/v2\/pages\/2013\/revisions"}],"predecessor-version":[{"id":2014,"href":"https:\/\/www.paps.pt\/pt-pt\/wp-json\/wp\/v2\/pages\/2013\/revisions\/2014"}],"wp:attachment":[{"href":"https:\/\/www.paps.pt\/pt-pt\/wp-json\/wp\/v2\/media?parent=2013"}],"curies":[{"name":"wp","href":"https:\/\/api.w.org\/{rel}","templated":true}]}}