{"id":2017,"date":"2017-03-31T22:36:10","date_gmt":"2017-03-31T22:36:10","guid":{"rendered":"http:\/\/www.papsonline.org\/?page_id=2017\/"},"modified":"2017-03-31T22:36:10","modified_gmt":"2017-03-31T22:36:10","slug":"paps-forum-xii-2011","status":"publish","type":"page","link":"https:\/\/www.paps.pt\/pt-pt\/paps-forum-xii-2011\/","title":{"rendered":"PAPS Forum XII (2011)"},"content":{"rendered":"<p><div  class=\"fusion-fullwidth fullwidth-box fusion-parallax-none nonhundred-percent-fullwidth fusion-equal-height-columns\"  style='background-color: #ebedf0;background-image: url(\"http:\/\/www.paps.pt\/wp-content\/uploads\/2016\/09\/paps-newyork-banner.jpg\");background-position: center center;background-repeat: no-repeat;padding-top:20px;padding-right:0px;padding-left:0px;border-top-width:0px;border-bottom-width:0px;border-color:#eae9e9;border-top-style:solid;border-bottom-style:solid;-webkit-background-size:cover;-moz-background-size:cover;-o-background-size:cover;background-size:cover;background-attachment:none;'><div class=\"fusion-builder-row fusion-row \"><div  class=\"fusion-layout-column fusion_builder_column fusion_builder_column_1_1  fusion-one-full fusion-column-first fusion-column-last 1_1\"  style='margin-top:0px;margin-bottom:15px;'>\n\t\t\t<div class=\"fusion-column-wrapper\" style=\"background-position:left top;background-repeat:no-repeat;-webkit-background-size:cover;-moz-background-size:cover;-o-background-size:cover;background-size:cover;\"  data-bg-url=\"\">\n\t\t\t\t<div class=\"fusion-column-content-centered\"><div class=\"fusion-column-content\"><div class=\"fusion-title title fusion-sep-none fusion-title-size-one\" style=\"margin-top:0px;margin-bottom:0px;\"><h1 class=\"title-heading-left\"><h1 class=\"white\">PAPS FORUM XII (2011)<\/h1><\/h1><\/div><\/div><\/div><div class=\"fusion-clearfix\"><\/div>\n\n\t\t\t<\/div>\n\t\t<\/div><\/div><\/div><div  class=\"fusion-fullwidth fullwidth-box nonhundred-percent-fullwidth\"  style='background-color: rgba(255,255,255,0);background-position: left top;background-repeat: no-repeat;padding-top:40px;padding-right:0px;padding-bottom:20px;padding-left:0px;border-top-width:0px;border-bottom-width:0px;border-color:#eae9e9;border-top-style:solid;border-bottom-style:solid;'><div class=\"fusion-builder-row fusion-row \"><div  class=\"fusion-layout-column fusion_builder_column fusion_builder_column_3_4  fusion-three-fourth fusion-column-first 3_4\"  style='margin-top:0px;margin-bottom:20px;width:74%; margin-right: 4%;'>\n\t\t\t<div class=\"fusion-column-wrapper\" style=\"background-position:left top;background-repeat:no-repeat;-webkit-background-size:cover;-moz-background-size:cover;-o-background-size:cover;background-size:cover;\"  data-bg-url=\"\">\n\t\t\t\t<h2>Program<\/h2>\n<h2>April 16, 2011<\/h2>\n\n<div class=\"table-1\">\n<table width=\"100%\">\n<tbody>\n<tr>\n<td align=\"left\">8:30 am<\/td>\n<td align=\"left\">Registration and Breakfast<\/td>\n<\/tr>\n<tr>\n<td align=\"left\">9:00 am<\/td>\n<td align=\"left\"><strong>Welcoming Remarks<br \/>\n<\/strong>Rog\u00e9rio Candeias |\u00a0<em>PAPS President<br \/>\n<\/em> Maria Am\u00e9lia Paiva<em> |\u00a0Newark Portuguese General Consul<\/em><\/td>\n<\/tr>\n<tr>\n<td align=\"left\">9:15 am<\/td>\n<td align=\"left\"><strong>Special Session\u00a01<br \/>\n<\/strong>Ricardo Marv\u00e3o | <em>Beta-i Co-Founder, Evolve CEO &amp; Co-Founder<\/em><br \/>\n&#8220;<span class=\"fsm\">The Beta-i Association<\/span><span class=\"fsm\">&#8220;<\/span><strong>\u00a0<\/strong><\/td>\n<\/tr>\n<tr>\n<td align=\"left\">9:30 am<\/td>\n<td align=\"left\"><strong>Special Session\u00a02<br \/>\n<\/strong>Izabella Zandberg | <em>Project Manager, EURAXESS Links USA<br \/>\n<\/em>\u00a0&#8220;The EURAXESS Portal &#8211; A One-Stop Resource on Research Opportunities in Europe&#8221;<\/td>\n<\/tr>\n<tr>\n<td align=\"left\">10:00 am<\/td>\n<td align=\"left\">Coffee Break<\/td>\n<\/tr>\n<tr>\n<td align=\"left\">10:30 am<\/td>\n<td align=\"left\"><strong>Session 1<\/strong>\u00a0<strong>&#8211; <\/strong><em><strong>Portuguese Science: The Way Forward<\/strong><br \/>\n<\/em>Moderator: Pedro Concei\u00e7\u00e3o, <em>Chief-Economist, Regional Bureau for Africa, UNDP<\/em><br \/>\nRos\u00e1lia Vargas | <em>President of Ci\u00eancia Viva Centers<\/em><br \/>\nJo\u00e3o Cara\u00e7a | <em>Director of the Science Department of the Calouste Gulbenkian Foundation<\/em><em><br \/>\n<\/em>Aires Soares | <em>Head Science Counselor at the EU Delegation in Washington, DC<br \/>\n<\/em>Jonathan Davies | <em>Research Associate at the LLE, University of Rochester<\/em><em>\u00a0<\/em><\/td>\n<\/tr>\n<tr>\n<td align=\"left\">12:30 pm<\/td>\n<td align=\"left\">Lunch<\/td>\n<\/tr>\n<tr>\n<td align=\"left\">2:00 pm<\/td>\n<td align=\"left\"><strong>Session 2<\/strong>\u00a0<strong>&#8211; <\/strong><em><strong>Impact of the Diaspora on the Portuguese Economy<\/strong><br \/>\n<\/em>Moderator: M\u00e1rio Crespo, SIC<br \/>\nAnt\u00f3nio Sim\u00f5es | <em>HSBC<\/em>, <em>Global Head of Strategy<\/em><br \/>\nAnt\u00f3nio C\u00e2mara<em> |\u00a0YDreams, CEO<\/em><br \/>\n<span class=\"Entrada\">Jos\u00e9 Gra\u00e7a Medeiros | <em>MCG &#8211; Mind for Metal<\/em><\/span><em>, Executive Director<\/em><br \/>\n<span class=\"Entrada\">Jo\u00e3o Metelo |\u00a0<em>Horizon Wind Energy (EDP Renewables Group), CFO<\/em><\/span><\/td>\n<\/tr>\n<tr>\n<td align=\"left\">4:00 pm<\/td>\n<td align=\"left\">Coffee Break<\/td>\n<\/tr>\n<tr>\n<td align=\"left\">4:30 pm<\/td>\n<td align=\"left\"><strong>Session 3<\/strong>\u00a0<strong>&#8211; <\/strong><em><strong>Portugal: The Brand<\/strong><br \/>\n<\/em>Moderator: On\u00e9simo T. de Almeida, <em>Professor at Brown University<\/em><br \/>\nRui Boavista Marques | <em>AICEP New York Director<\/em><br \/>\nAndr\u00e9 da Loba | <em>Illustrator<\/em><br \/>\nCarlos Coelho | <em>Ivity Brand Corp Founder and CEO<\/em><\/td>\n<\/tr>\n<tr>\n<td align=\"left\">6:30 pm<\/td>\n<td align=\"left\"><strong>Closing Session<br \/>\n<\/strong>Manuel Heitor |\u00a0<em>Secretary of State for Science, Technology and Higher Education<\/em><\/td>\n<\/tr>\n<tr>\n<td align=\"left\">7:15 pm<\/td>\n<td align=\"left\"><strong>Closing Remarks<\/strong><\/td>\n<\/tr>\n<tr>\n<td align=\"left\">7:30 pm<\/td>\n<td align=\"left\"><strong>Cocktail <em>NYU Langone Medical Center Smilow Lobby<\/em><\/strong><\/td>\n<\/tr>\n<tr>\n<td align=\"left\">8:00 pm<\/td>\n<td align=\"left\"><strong>Dinner <\/strong><em>NYU Langone Medical Center Faculty Dining Room<br \/>\n<\/em><strong>Keynote Speaker: \u00a0<\/strong>Maria Jo\u00e3o Valente Rosa | <em>Pordata Director<br \/>\n<\/em><strong>Award Ceremony:\u00a0<\/strong>PAPS-LBC Leadership Award 2010 by Torben Rankine, <em>LBC<\/em><\/td>\n<\/tr>\n<\/tbody>\n<\/table>\n<\/div>\n<div class=\"fusion-sep-clear\"><\/div><div class=\"fusion-separator fusion-full-width-sep sep-none\" style=\"margin-left: auto;margin-right: auto;margin-top:20px;margin-bottom:0px;\"><\/div><h2>April 17, 2011<\/h2>\n\n<div class=\"table-1\">\n<table width=\"100%\">\n<tbody>\n<tr>\n<td align=\"left\">8:30am<\/td>\n<td align=\"left\">Breakfast and Travel Expenses Support processing [<em>Lecture Hall F<\/em>]<\/td>\n<\/tr>\n<tr>\n<td align=\"left\">9:00am<\/td>\n<td align=\"left\">PAPS General Assembly Meeting \/ Election of the new PAPS Executive Committee, Presiding Board of the General Assembly and Audit Committee<\/td>\n<\/tr>\n<tr>\n<td align=\"left\">11:00am<\/td>\n<td align=\"left\">Conclusion of the XII PAPS Forum<\/td>\n<\/tr>\n<\/tbody>\n<\/table>\n<\/div>\n<div class=\"fusion-sep-clear\"><\/div><div class=\"fusion-separator fusion-full-width-sep sep-none\" style=\"margin-left: auto;margin-right: auto;margin-top:20px;margin-bottom:0px;\"><\/div><div class=\"fusion-clearfix\"><\/div>\n\n\t\t\t<\/div>\n\t\t<\/div><div  class=\"fusion-layout-column fusion_builder_column fusion_builder_column_1_4  fusion-one-fourth fusion-column-last 1_4\"  style='margin-top:0px;margin-bottom:20px;width:22%'>\n\t\t\t<div class=\"fusion-column-wrapper\" style=\"background-color:#ebedf0;padding: 15px 25px;background-position:left top;background-repeat:no-repeat;-webkit-background-size:cover;-moz-background-size:cover;-o-background-size:cover;background-size:cover;\"  data-bg-url=\"\">\n\t\t\t\t<h2 style=\"text-align: left;\">Details<\/h2>\n<p style=\"text-align: left;\"><strong>Date<br \/>\n<\/strong>April 16-17, 2011<\/p>\n<p style=\"text-align: left;\"><strong>Title<br \/>\n<\/strong>Harvesting the Globalized Portuguese Talent<\/p>\n<p><strong>City<br \/>\n<\/strong>New York City, NY, USA<\/p>\n<p style=\"text-align: left;\"><strong>Venue<br \/>\n<\/strong>Schwartz Lecture Hall F at the NYU Langone Medical Centre, New York, NY, USA<\/p>\n<p style=\"text-align: left;\"><strong>Website<br \/>\n<\/strong>n\/a<\/p>\n<h2 style=\"text-align: left;\">Editions<\/h2>\n<div class=\"fusion-widget-area fusion-widget-area-1 fusion-content-widget-area\"><div id=\"nav_menu-5\" class=\"widget widget_nav_menu\"><div class=\"menu-arquivo-de-eventos-container\"><ul id=\"menu-arquivo-de-eventos\" class=\"menu\"><li id=\"menu-item-2281\" class=\"menu-item menu-item-type-post_type menu-item-object-page menu-item-2281\"><a href=\"https:\/\/www.paps.pt\/pt-pt\/paps-forum\/\">PAPS Forum<\/a><\/li>\n<li id=\"menu-item-2283\" class=\"menu-item menu-item-type-post_type menu-item-object-page menu-item-2283\"><a href=\"https:\/\/www.paps.pt\/pt-pt\/papspeakers\/\">PAPSpeakers<\/a><\/li>\n<li id=\"menu-item-2282\" class=\"menu-item menu-item-type-post_type menu-item-object-page menu-item-2282\"><a href=\"https:\/\/www.paps.pt\/pt-pt\/paps-meets\/\">PAPS Meets<\/a><\/li>\n<li id=\"menu-item-2280\" class=\"menu-item menu-item-type-post_type menu-item-object-page menu-item-2280\"><a href=\"https:\/\/www.paps.pt\/pt-pt\/grape\/\">GraPE<\/a><\/li>\n<\/ul><\/div><\/div><div class=\"fusion-additional-widget-content\"><\/div><\/div><div class=\"fusion-clearfix\"><\/div>\n\n\t\t\t<\/div>\n\t\t<\/div><\/div><\/div><div id=\"sponsors\"><div  class=\"fusion-fullwidth fullwidth-box nonhundred-percent-fullwidth\"  style='background-color: rgba(255,255,255,0);background-position: left top;background-repeat: no-repeat;padding-top:60px;padding-right:0px;padding-bottom:20px;padding-left:0px;border-top-width:0px;border-bottom-width:0px;border-color:#eae9e9;border-top-style:solid;border-bottom-style:solid;'><div class=\"fusion-builder-row fusion-row \"><div  class=\"fusion-layout-column fusion_builder_column fusion_builder_column_1_1  fusion-one-full fusion-column-first fusion-column-last 1_1\"  style='margin-top:0px;margin-bottom:20px;'>\n\t\t\t<div class=\"fusion-column-wrapper\" style=\"background-position:left top;background-repeat:no-repeat;-webkit-background-size:cover;-moz-background-size:cover;-o-background-size:cover;background-size:cover;\"  data-bg-url=\"\">\n\t\t\t\t<h2>Sponsors<\/h2>\n<p>\u2013\u00a0Presid\u00eancia da Rep\u00fablica Portuguesa<br \/>\n\u2013 Funda\u00e7\u00e3o Calouste Gulbenkian<br \/>\n\u2013 Funda\u00e7\u00e3o Francisco Manuel dos Santos<br \/>\n\u2013 FCT, Funda\u00e7\u00e3o para a Ci\u00eancia e a Tecnologia<br \/>\n\u2013 MCTES, Minist\u00e9rio da Ci\u00eancia, Tecnologia e Ensino Superior<br \/>\n\u2013 EDP, Energias de Portugal<br \/>\n\u2013 Ci\u00eancia Viva, Ag\u00eancia Nacional para a Cultura Cient\u00edfica e Tecnol\u00f3gica<br \/>\n\u2013 TAP Portugal<br \/>\n\u2013 MIT Portugal<br \/>\n\u2013 IPFN, Instituto de Plasmas e Fus\u00e3o Nuclear<br \/>\n\u2013 Multiwave<br \/>\n\u2013 Banco Esp\u00edrito Santo<br \/>\n\u2013 NZYTech, Genes &amp; Enzymes<br \/>\n\u2013 Vista Alegre<\/p>\n<div class=\"fusion-clearfix\"><\/div>\n\n\t\t\t<\/div>\n\t\t<\/div><\/div><\/div><\/div><\/p>\n","protected":false},"excerpt":{"rendered":"","protected":false},"author":8,"featured_media":0,"parent":0,"menu_order":0,"comment_status":"closed","ping_status":"closed","template":"100-width.php","meta":{"footnotes":""},"class_list":["post-2017","page","type-page","status-publish","hentry"],"_links":{"self":[{"href":"https:\/\/www.paps.pt\/pt-pt\/wp-json\/wp\/v2\/pages\/2017","targetHints":{"allow":["GET"]}}],"collection":[{"href":"https:\/\/www.paps.pt\/pt-pt\/wp-json\/wp\/v2\/pages"}],"about":[{"href":"https:\/\/www.paps.pt\/pt-pt\/wp-json\/wp\/v2\/types\/page"}],"author":[{"embeddable":true,"href":"https:\/\/www.paps.pt\/pt-pt\/wp-json\/wp\/v2\/users\/8"}],"replies":[{"embeddable":true,"href":"https:\/\/www.paps.pt\/pt-pt\/wp-json\/wp\/v2\/comments?post=2017"}],"version-history":[{"count":1,"href":"https:\/\/www.paps.pt\/pt-pt\/wp-json\/wp\/v2\/pages\/2017\/revisions"}],"predecessor-version":[{"id":2018,"href":"https:\/\/www.paps.pt\/pt-pt\/wp-json\/wp\/v2\/pages\/2017\/revisions\/2018"}],"wp:attachment":[{"href":"https:\/\/www.paps.pt\/pt-pt\/wp-json\/wp\/v2\/media?parent=2017"}],"curies":[{"name":"wp","href":"https:\/\/api.w.org\/{rel}","templated":true}]}}