{"id":2019,"date":"2017-03-31T22:36:52","date_gmt":"2017-03-31T22:36:52","guid":{"rendered":"http:\/\/www.papsonline.org\/?page_id=2019\/"},"modified":"2017-03-31T22:36:52","modified_gmt":"2017-03-31T22:36:52","slug":"paps-forum-xiii-2012","status":"publish","type":"page","link":"https:\/\/www.paps.pt\/pt-pt\/paps-forum-xiii-2012\/","title":{"rendered":"PAPS Forum XIII (2012)"},"content":{"rendered":"<p><div  class=\"fusion-fullwidth fullwidth-box fusion-parallax-none nonhundred-percent-fullwidth fusion-equal-height-columns\"  style='background-color: #ebedf0;background-image: url(\"http:\/\/www.paps.pt\/wp-content\/uploads\/2017\/01\/paps-toronto-blue-banner.jpg\");background-position: center center;background-repeat: no-repeat;padding-top:20px;padding-right:0px;padding-left:0px;border-top-width:0px;border-bottom-width:0px;border-color:#eae9e9;border-top-style:solid;border-bottom-style:solid;-webkit-background-size:cover;-moz-background-size:cover;-o-background-size:cover;background-size:cover;background-attachment:none;'><div class=\"fusion-builder-row fusion-row \"><div  class=\"fusion-layout-column fusion_builder_column fusion_builder_column_1_1  fusion-one-full fusion-column-first fusion-column-last 1_1\"  style='margin-top:0px;margin-bottom:15px;'>\n\t\t\t<div class=\"fusion-column-wrapper\" style=\"background-position:left top;background-repeat:no-repeat;-webkit-background-size:cover;-moz-background-size:cover;-o-background-size:cover;background-size:cover;\"  data-bg-url=\"\">\n\t\t\t\t<div class=\"fusion-column-content-centered\"><div class=\"fusion-column-content\"><div class=\"fusion-title title fusion-sep-none fusion-title-size-one\" style=\"margin-top:0px;margin-bottom:0px;\"><h1 class=\"title-heading-left\"><h1 class=\"white\">PAPS FORUM XIII (2012)<\/h1><\/h1><\/div><\/div><\/div><div class=\"fusion-clearfix\"><\/div>\n\n\t\t\t<\/div>\n\t\t<\/div><\/div><\/div><div  class=\"fusion-fullwidth fullwidth-box nonhundred-percent-fullwidth\"  style='background-color: rgba(255,255,255,0);background-position: left top;background-repeat: no-repeat;padding-top:40px;padding-right:0px;padding-bottom:20px;padding-left:0px;border-top-width:0px;border-bottom-width:0px;border-color:#eae9e9;border-top-style:solid;border-bottom-style:solid;'><div class=\"fusion-builder-row fusion-row \"><div  class=\"fusion-layout-column fusion_builder_column fusion_builder_column_3_4  fusion-three-fourth fusion-column-first 3_4\"  style='margin-top:0px;margin-bottom:20px;width:74%; margin-right: 4%;'>\n\t\t\t<div class=\"fusion-column-wrapper\" style=\"background-position:left top;background-repeat:no-repeat;-webkit-background-size:cover;-moz-background-size:cover;-o-background-size:cover;background-size:cover;\"  data-bg-url=\"\">\n\t\t\t\t<h2>Program<\/h2>\n<h2>April 14, 2012<\/h2>\n\n<div class=\"table-1\">\n<table width=\"100%\">\n<tbody>\n<tr>\n<td align=\"left\">8:00am\u00a0&#8211;\u00a09:00am<\/td>\n<td align=\"left\">Breakfast &amp; Registration<\/td>\n<\/tr>\n<tr>\n<td align=\"left\">9:00am\u00a0&#8211;\u00a09:15am<\/td>\n<td align=\"left\"><strong>Welcome:<\/strong>\u00a0Ricardo Vidal | PAPS President<br \/>\nPedro Moitinho de Almeida | Portuguese Embassador in Canada<\/td>\n<\/tr>\n<tr>\n<td align=\"left\">9:15am\u00a0&#8211;\u00a010:00am<\/td>\n<td align=\"left\"><strong>Keynote Session<\/strong>: Claudio Sunkel | Director of IBMC, Porto<br \/>\n\u201cMore than a decade of Scientific Development in Portugal: past, present and an uncertain future\u201d<\/td>\n<\/tr>\n<tr>\n<td align=\"left\">10:30am\u00a0&#8211;\u00a012:00pm<\/td>\n<td align=\"left\"><strong>First session:<\/strong>\u00a0\u00a0<strong><em>Innovation: Portuguese footsteps in a global world of Science, Engineering and Technology<br \/>\n<\/em>Moderator:<\/strong> Vasco Trigo | Journalist, Radio e Televis\u00e3o de Portugal (RTP), Lisbon<br \/>\nAnt\u00f3nio Coutinho | Director of Instituto Gulbenkian de Ci\u00eancia, Oeiras<br \/>\nClaudio Sunkel | Director of IBMC, Porto<br \/>\nMiguel Soares | Principal Investigator at Instituto Gulbenkian de Ci\u00eancia, Oeiras<br \/>\nJo\u00e3o Xavier | Principal Investigator at Memorial Sloan-Kettering Cancer Center, New York<\/td>\n<\/tr>\n<tr>\n<td align=\"left\">12:00pm\u00a0&#8211;\u00a01:30pm<\/td>\n<td align=\"left\">Lunch (with local Portuguese artists exhibition)<\/td>\n<\/tr>\n<tr>\n<td align=\"left\">1:30pm\u00a0&#8211;\u00a03:00pm<\/td>\n<td align=\"left\"><strong>Second session:<\/strong>\u00a0<strong><em>Entrepreneurism and Leadership<\/em><\/strong><em>:\u00a0<strong>Adapting to changing markets rising from disruptive technologies<\/strong><\/em><strong><br \/>\nModerator:<\/strong> Ana Och\u00f4a | Chief Representative Officer of Caixa Geral de Dep\u00f3sitos, Toronto<br \/>\nTiago Forjaz\u00a0| Founder of \u201cFunda\u00e7\u00e3o Talento\u201d, Lisbon<br \/>\nNuno Guedes | Professor at Universidade Cat\u00f3lica Portuguesa, Lisbon<br \/>\nJo\u00e3o Maciel | Technology Development Director at\u00a0<em>EDP<\/em>, Lisbon<br \/>\nWilson Teixeira | President of Able Translations, Ontario<\/td>\n<\/tr>\n<tr>\n<td align=\"left\">3:00pm\/3:30pm<\/td>\n<td align=\"left\">Coffee break<\/td>\n<\/tr>\n<tr>\n<td align=\"left\">3:30pm\/5:00pm<\/td>\n<td align=\"left\"><strong>Third Session:<\/strong>\u00a0<strong><em>Art, Culture and Communication<\/em><\/strong><em>:\u00a0<strong>Growing Portuguese presence in the world&#8217;s cultural landscape<br \/>\n<\/strong><\/em>Clara Pinto Correia |\u00a0Scientist, writer and specialist in History of Science<br \/>\nPedro Gadanho | Contemporary Architecture &amp; Curator at MoMa, New York<br \/>\nManuel Lima | Senior UX Design Lead\u00a0at\u00a0Microsoft, New York<\/td>\n<\/tr>\n<tr>\n<td align=\"left\">5:00pm\/6:00pm<\/td>\n<td align=\"left\"><strong>Keynote\u00a0<\/strong><strong>Session<\/strong>: Ant\u00f3nio Coutinho | Director of Instituto Gulbenkian de Ci\u00eancia, Oeiras<\/td>\n<\/tr>\n<tr>\n<td align=\"left\">6:00pm\/6:45pm<\/td>\n<td align=\"left\"><strong>Closing Remarks<\/strong><strong>\u00a0<\/strong><\/td>\n<\/tr>\n<tr>\n<td align=\"left\">6:45pm\/8:00pm<\/td>\n<td align=\"left\"><strong>Reception<br \/>\n<\/strong>Award Ceremony:<a href=\"http:\/\/www.paps.pt\/award\/2011home\">\u00a0<\/a>PAPS-LBC Leadership Award 2011 &#8211; Torben Rankine, LBC<\/td>\n<\/tr>\n<\/tbody>\n<\/table>\n<\/div>\n<div class=\"fusion-sep-clear\"><\/div><div class=\"fusion-separator fusion-full-width-sep sep-none\" style=\"margin-left: auto;margin-right: auto;margin-top:20px;margin-bottom:0px;\"><\/div><h2>April 15, 2012<\/h2>\n\n<div class=\"table-1\">\n<table width=\"100%\">\n<tbody>\n<tr>\n<td align=\"left\">8:00am\u00a0&#8211;\u00a09:00am<\/td>\n<td align=\"left\">Breakfast and Travel Expenses Support processing<\/td>\n<\/tr>\n<tr>\n<td align=\"left\">9:00am &#8211; 9:15am<\/td>\n<td align=\"left\">PAPS General assembly Meeting \/ Election of the new PAPS Executive Committee Presiding Board of the General Assembly and audit Committee<\/td>\n<\/tr>\n<tr>\n<td align=\"left\">11:00am<\/td>\n<td align=\"left\">Conclusion of the XIII PAPS Forum<\/td>\n<\/tr>\n<\/tbody>\n<\/table>\n<\/div>\n<div class=\"fusion-sep-clear\"><\/div><div class=\"fusion-separator fusion-full-width-sep sep-none\" style=\"margin-left: auto;margin-right: auto;margin-top:20px;margin-bottom:0px;\"><\/div><div class=\"fusion-clearfix\"><\/div>\n\n\t\t\t<\/div>\n\t\t<\/div><div  class=\"fusion-layout-column fusion_builder_column fusion_builder_column_1_4  fusion-one-fourth fusion-column-last 1_4\"  style='margin-top:0px;margin-bottom:20px;width:22%'>\n\t\t\t<div class=\"fusion-column-wrapper\" style=\"background-color:#ebedf0;padding: 15px 25px;background-position:left top;background-repeat:no-repeat;-webkit-background-size:cover;-moz-background-size:cover;-o-background-size:cover;background-size:cover;\"  data-bg-url=\"\">\n\t\t\t\t<h2 style=\"text-align: left;\">Details<\/h2>\n<p style=\"text-align: left;\"><strong>Date<br \/>\n<\/strong>April 14-15, 2012<\/p>\n<p style=\"text-align: left;\"><strong>Title<br \/>\n<\/strong>A Portuguese Renaissance &#8211; a decade of scientific and cultural growth<\/p>\n<p><strong>City<br \/>\n<\/strong>Toronto, Canada<\/p>\n<p style=\"text-align: left;\"><strong>Venue<br \/>\n<\/strong>University of Toronto, Canada<\/p>\n<p style=\"text-align: left;\"><strong>Website<br \/>\n<\/strong>n\/a<\/p>\n<h2 style=\"text-align: left;\">Editions<\/h2>\n<div class=\"fusion-widget-area fusion-widget-area-1 fusion-content-widget-area\"><div id=\"nav_menu-5\" class=\"widget widget_nav_menu\"><div class=\"menu-arquivo-de-eventos-container\"><ul id=\"menu-arquivo-de-eventos\" class=\"menu\"><li id=\"menu-item-2281\" class=\"menu-item menu-item-type-post_type menu-item-object-page menu-item-2281\"><a href=\"https:\/\/www.paps.pt\/pt-pt\/paps-forum\/\">PAPS Forum<\/a><\/li>\n<li id=\"menu-item-2283\" class=\"menu-item menu-item-type-post_type menu-item-object-page menu-item-2283\"><a href=\"https:\/\/www.paps.pt\/pt-pt\/papspeakers\/\">PAPSpeakers<\/a><\/li>\n<li id=\"menu-item-2282\" class=\"menu-item menu-item-type-post_type menu-item-object-page menu-item-2282\"><a href=\"https:\/\/www.paps.pt\/pt-pt\/paps-meets\/\">PAPS Meets<\/a><\/li>\n<li id=\"menu-item-2280\" class=\"menu-item menu-item-type-post_type menu-item-object-page menu-item-2280\"><a href=\"https:\/\/www.paps.pt\/pt-pt\/grape\/\">GraPE<\/a><\/li>\n<\/ul><\/div><\/div><div class=\"fusion-additional-widget-content\"><\/div><\/div><div class=\"fusion-clearfix\"><\/div>\n\n\t\t\t<\/div>\n\t\t<\/div><\/div><\/div><div id=\"sponsors\"><div  class=\"fusion-fullwidth fullwidth-box nonhundred-percent-fullwidth\"  style='background-color: rgba(255,255,255,0);background-position: left top;background-repeat: no-repeat;padding-top:60px;padding-right:0px;padding-bottom:20px;padding-left:0px;border-top-width:0px;border-bottom-width:0px;border-color:#eae9e9;border-top-style:solid;border-bottom-style:solid;'><div class=\"fusion-builder-row fusion-row \"><div  class=\"fusion-layout-column fusion_builder_column fusion_builder_column_1_1  fusion-one-full fusion-column-first fusion-column-last 1_1\"  style='margin-top:0px;margin-bottom:20px;'>\n\t\t\t<div class=\"fusion-column-wrapper\" style=\"background-position:left top;background-repeat:no-repeat;-webkit-background-size:cover;-moz-background-size:cover;-o-background-size:cover;background-size:cover;\"  data-bg-url=\"\">\n\t\t\t\t<h2>Sponsors<\/h2>\n<p>\u2013 Ci\u00eancia Viva, Ag\u00eancia Nacional para a Cultura Cient\u00edfica e Tecnol\u00f3gica<br \/>\n\u2013 TAP Portugal<br \/>\n\u2013 Banco Esp\u00edrito Santo<br \/>\n\u2013 Able Transport Ltd.<br \/>\n\u2013 Caixa Geral de Dep\u00f3sitos<\/p>\n<div class=\"fusion-clearfix\"><\/div>\n\n\t\t\t<\/div>\n\t\t<\/div><\/div><\/div><\/div><\/p>\n","protected":false},"excerpt":{"rendered":"","protected":false},"author":8,"featured_media":0,"parent":0,"menu_order":0,"comment_status":"closed","ping_status":"closed","template":"100-width.php","meta":{"footnotes":""},"class_list":["post-2019","page","type-page","status-publish","hentry"],"_links":{"self":[{"href":"https:\/\/www.paps.pt\/pt-pt\/wp-json\/wp\/v2\/pages\/2019","targetHints":{"allow":["GET"]}}],"collection":[{"href":"https:\/\/www.paps.pt\/pt-pt\/wp-json\/wp\/v2\/pages"}],"about":[{"href":"https:\/\/www.paps.pt\/pt-pt\/wp-json\/wp\/v2\/types\/page"}],"author":[{"embeddable":true,"href":"https:\/\/www.paps.pt\/pt-pt\/wp-json\/wp\/v2\/users\/8"}],"replies":[{"embeddable":true,"href":"https:\/\/www.paps.pt\/pt-pt\/wp-json\/wp\/v2\/comments?post=2019"}],"version-history":[{"count":1,"href":"https:\/\/www.paps.pt\/pt-pt\/wp-json\/wp\/v2\/pages\/2019\/revisions"}],"predecessor-version":[{"id":2020,"href":"https:\/\/www.paps.pt\/pt-pt\/wp-json\/wp\/v2\/pages\/2019\/revisions\/2020"}],"wp:attachment":[{"href":"https:\/\/www.paps.pt\/pt-pt\/wp-json\/wp\/v2\/media?parent=2019"}],"curies":[{"name":"wp","href":"https:\/\/api.w.org\/{rel}","templated":true}]}}