{"id":2021,"date":"2017-03-31T22:37:31","date_gmt":"2017-03-31T22:37:31","guid":{"rendered":"http:\/\/www.papsonline.org\/?page_id=2021\/"},"modified":"2017-03-31T22:37:31","modified_gmt":"2017-03-31T22:37:31","slug":"paps-forum-xiv-2013","status":"publish","type":"page","link":"https:\/\/www.paps.pt\/pt-pt\/paps-forum-xiv-2013\/","title":{"rendered":"PAPS Forum XIV (2013)"},"content":{"rendered":"<p><div  class=\"fusion-fullwidth fullwidth-box fusion-parallax-none nonhundred-percent-fullwidth fusion-equal-height-columns\"  style='background-color: #ebedf0;background-image: url(\"http:\/\/www.paps.pt\/wp-content\/uploads\/2017\/01\/paps-boston-yellow-banner.jpg\");background-position: center center;background-repeat: no-repeat;padding-top:20px;padding-right:0px;padding-left:0px;border-top-width:0px;border-bottom-width:0px;border-color:#eae9e9;border-top-style:solid;border-bottom-style:solid;-webkit-background-size:cover;-moz-background-size:cover;-o-background-size:cover;background-size:cover;background-attachment:none;'><div class=\"fusion-builder-row fusion-row \"><div  class=\"fusion-layout-column fusion_builder_column fusion_builder_column_1_1  fusion-one-full fusion-column-first fusion-column-last 1_1\"  style='margin-top:0px;margin-bottom:15px;'>\n\t\t\t<div class=\"fusion-column-wrapper\" style=\"background-position:left top;background-repeat:no-repeat;-webkit-background-size:cover;-moz-background-size:cover;-o-background-size:cover;background-size:cover;\"  data-bg-url=\"\">\n\t\t\t\t<div class=\"fusion-column-content-centered\"><div class=\"fusion-column-content\"><div class=\"fusion-title title fusion-sep-none fusion-title-size-one\" style=\"margin-top:0px;margin-bottom:0px;\"><h1 class=\"title-heading-left\"><h1 class=\"white\">PAPS FORUM XIV (2013)<\/h1><\/h1><\/div><\/div><\/div><div class=\"fusion-clearfix\"><\/div>\n\n\t\t\t<\/div>\n\t\t<\/div><\/div><\/div><div  class=\"fusion-fullwidth fullwidth-box nonhundred-percent-fullwidth\"  style='background-color: rgba(255,255,255,0);background-position: left top;background-repeat: no-repeat;padding-top:40px;padding-right:0px;padding-bottom:20px;padding-left:0px;border-top-width:0px;border-bottom-width:0px;border-color:#eae9e9;border-top-style:solid;border-bottom-style:solid;'><div class=\"fusion-builder-row fusion-row \"><div  class=\"fusion-layout-column fusion_builder_column fusion_builder_column_3_4  fusion-three-fourth fusion-column-first 3_4\"  style='margin-top:0px;margin-bottom:20px;width:74%; margin-right: 4%;'>\n\t\t\t<div class=\"fusion-column-wrapper\" style=\"background-position:left top;background-repeat:no-repeat;-webkit-background-size:cover;-moz-background-size:cover;-o-background-size:cover;background-size:cover;\"  data-bg-url=\"\">\n\t\t\t\t<h2>Program<\/h2>\n<h2>May 10, 2013<\/h2>\n\n<div class=\"table-1\">\n<table width=\"100%\">\n<tbody>\n<tr>\n<td align=\"left\">4:00pm<\/td>\n<td align=\"left\">Registration<\/td>\n<\/tr>\n<tr>\n<td align=\"left\">7:30pm<\/td>\n<td align=\"left\">Informal Networking<\/td>\n<\/tr>\n<\/tbody>\n<\/table>\n<\/div>\n<div class=\"fusion-sep-clear\"><\/div><div class=\"fusion-separator fusion-full-width-sep sep-none\" style=\"margin-left: auto;margin-right: auto;margin-top:20px;margin-bottom:0px;\"><\/div><h2>May 11, 2013<\/h2>\n\n<div class=\"table-1\">\n<table width=\"100%\">\n<tbody>\n<tr>\n<td align=\"left\">8:00am<\/td>\n<td align=\"left\">Breakfast + Registration<\/td>\n<\/tr>\n<tr>\n<td align=\"left\">9:00am<\/td>\n<td align=\"left\"><strong>Opening Remarks<\/strong><br \/>\nJoao Incio, <em>PAPS President<br \/>\n<\/em>Irina Ramos, <em>PAPS Vice-President<\/em><br \/>\nNuno Brito, <em>Ambassador of Portugal in the US<\/em><\/td>\n<\/tr>\n<tr>\n<td align=\"left\">9:30am<\/td>\n<td align=\"left\"><strong>Session 1\u00a0| ECONOMY<br \/>\n<\/strong><em>With the participation of\u2026<\/em><br \/>\nDaniel Bessa, <em>President of COTEC Portugal<\/em><br \/>\nManuel Adelino, <em>Duke University<\/em><br \/>\nRui Albuquerque, <em>Boston University<br \/>\n<\/em><strong>Topics<\/strong><br \/>\n\u2013\u00a0How does global Economy and Portugal\u2019s Economic status impact PAPS members?<br \/>\n\u2013 Portuguese brand and Portuguese Diaspora \u2013 what are the benefits?<br \/>\n\u2013 Business relations Portugal-North America \u2013 The past, the present and the future<\/td>\n<\/tr>\n<tr>\n<td align=\"left\">11:00am<\/td>\n<td align=\"left\">Coffee Break<\/td>\n<\/tr>\n<tr>\n<td align=\"left\">11:30am<\/td>\n<td align=\"left\"><strong>Session 2a\u00a0| ENTREPRENEURSHIP<\/strong><br \/>\nPORTUGUESE BUSINESSES IN NORTH AMERICA<br \/>\nCo-hosted by PAPS and Portuguese Business Links<br \/>\n<em>With the participation of\u2026<\/em><br \/>\nRui Boavista Marques, <em>AICEP North America<\/em><br \/>\nPaul Afonso, <em>Brown Rudnick LLP<\/em><br \/>\nBernardo Goarmon, <em>CFO EDP Renewables North America<\/em><br \/>\nTony LaFuente, <em>Flagraphics and Alderman Somerville<\/em><br \/>\nJos\u00e9 Xavier, <em>WeDo Technologies<br \/>\nShort Q&amp;A<\/em><\/td>\n<\/tr>\n<tr>\n<td align=\"left\">12:30pm<\/td>\n<td align=\"left\">Lunch<\/td>\n<\/tr>\n<tr>\n<td align=\"left\">1:00pm<\/td>\n<td align=\"left\"><strong>Session 2b\u00a0| ENTREPRENEURSHIP<\/strong><br \/>\nRicardo Mesquita, <em>Beta-i; LetsBonus<\/em><br \/>\nAlexandre Oliveira, <em>Storytree<\/em><br \/>\nTiago Paiva, <em>Talkdesk<\/em><br \/>\nJoaquim Valente, <em>Playnify<br \/>\n<\/em><strong>Topics<\/strong><br \/>\n\u2013 Brief presentations in the form of an \u201celevator pitch\u201d<br \/>\n\u2013 Discussion on how ideas turn into businesses<br \/>\n\u2013 Being an entrepreneur in Portugal or North America \u2013 Challenges and opportunities<br \/>\n\u2013 Panel of discussion Session 2a + 2b<\/td>\n<\/tr>\n<tr>\n<td align=\"left\">3:00pm<\/td>\n<td align=\"left\"><strong>WORKSHOPS<\/strong><br \/>\n1. Immigration Law and Practical Information Session<br \/>\nCarolyn Mikula, <em>Carolyn Mikula Law<\/em><br \/>\nPaulo Martins, <em>Portuguese Consulate of Boston<br \/>\n<\/em>2. Career Coaching Workshop<br \/>\nLauren Celano, <em>Propel Careers<br \/>\n<\/em>3. Public Speaking and Leadership Workshop<br \/>\nDeborah Siwik, <em>Boston Medical Center Toastmasters<\/em><br \/>\nYolanta Kovalko, <em>Boston Medical Center Toastmasters<br \/>\n<\/em>4. \u201cTurning ideas into businesses\u201d Workshop<br \/>\nRicardo Mesquita, <em>Beta-i, LetsBonus<br \/>\n<\/em>5. Patent Law<br \/>\nCarla Mouta, <em>Finnegan<\/em><\/td>\n<\/tr>\n<tr>\n<td align=\"left\">5:00pm<\/td>\n<td align=\"left\">Coffee Break<\/td>\n<\/tr>\n<tr>\n<td align=\"left\">5:30pm<\/td>\n<td align=\"left\"><strong>Session 3\u00a0| SCIENCE \u2013 ACADEMIA and INNOVATION<br \/>\n<\/strong><em>With the participation of\u2026<\/em><br \/>\nEduardo Carrega Mar\u00e7al Grilo, <em>Funda\u00e7\u00e3o Calouste Gulbenkian<\/em><br \/>\nAnt\u00f3nio Moreira, <em>University of Maryland<\/em><br \/>\nGeorge Perry, <em>University of Texas<\/em><br \/>\nVinit Nijhawan, <em>Boston University<\/em><br \/>\nNuno Afonso, <em>TechnoPhage and TechnoZeb co-founder<br \/>\n<\/em><strong>Topics<\/strong><br \/>\n\u2013 Moving an idea from academia into business \u2013 Challenges and Opportunities in Portugal and North America<br \/>\n\u2013 Being a science entrepreneur in Portugal or North America \u2013 Challenges and opportunities<br \/>\n\u2013 What does it take to commercialize an idea or technology conceived in the laboratory to different markets?<\/td>\n<\/tr>\n<tr>\n<td align=\"left\">7:00pm<\/td>\n<td align=\"left\"><strong>Boston Portuguese Festival<\/strong><br \/>\nPaulo Martins, <em>BPF organizing committee<\/em><\/td>\n<\/tr>\n<tr>\n<td align=\"left\">7:15pm<\/td>\n<td align=\"left\"><strong>Final Remarks \u2013 PAPS XV anniversary \u2013 \u201cPAPS Now and Then\u201d<\/strong><br \/>\nJo\u00e3o Incio, PAPS President<\/td>\n<\/tr>\n<tr>\n<td align=\"left\">9:00pm<\/td>\n<td align=\"left\">Dinner\/Reception at Sunset Cafe, 851 Cambridge Street, Cambridge, MA<\/td>\n<\/tr>\n<\/tbody>\n<\/table>\n<\/div>\n<div class=\"fusion-sep-clear\"><\/div><div class=\"fusion-separator fusion-full-width-sep sep-none\" style=\"margin-left: auto;margin-right: auto;margin-top:20px;margin-bottom:0px;\"><\/div><h2>May 12, 2013<\/h2>\n\n<div class=\"table-1\">\n<table width=\"100%\">\n<tbody>\n<tr>\n<td align=\"left\">9:00am<\/td>\n<td align=\"left\">Activities Report and Accounting of PAPS Executive Commission 2012-2013<\/td>\n<\/tr>\n<tr>\n<td align=\"left\">10:00am<\/td>\n<td align=\"left\">Presentation of candidates for PAPS Executive Commission for 2013-14 and Elections<\/td>\n<\/tr>\n<tr>\n<td align=\"left\">11:00am<\/td>\n<td align=\"left\">Other Proposals<\/td>\n<\/tr>\n<tr>\n<td align=\"left\">12:00pm<\/td>\n<td align=\"left\">Lunch<\/td>\n<\/tr>\n<tr>\n<td align=\"left\">1:00pm<\/td>\n<td align=\"left\">Social activity post-forum<\/td>\n<\/tr>\n<\/tbody>\n<\/table>\n<\/div>\n<div class=\"fusion-clearfix\"><\/div>\n\n\t\t\t<\/div>\n\t\t<\/div><div  class=\"fusion-layout-column fusion_builder_column fusion_builder_column_1_4  fusion-one-fourth fusion-column-last 1_4\"  style='margin-top:0px;margin-bottom:20px;width:22%'>\n\t\t\t<div class=\"fusion-column-wrapper\" style=\"background-color:#ebedf0;padding: 15px 25px;background-position:left top;background-repeat:no-repeat;-webkit-background-size:cover;-moz-background-size:cover;-o-background-size:cover;background-size:cover;\"  data-bg-url=\"\">\n\t\t\t\t<h2 style=\"text-align: left;\">Details<\/h2>\n<p style=\"text-align: left;\"><strong>Date<br \/>\n<\/strong>May 10-12, 2013<\/p>\n<p style=\"text-align: left;\"><strong>Title<br \/>\n<\/strong>PAPS: Bringing Portugal to New Heights<\/p>\n<p><strong>City<br \/>\n<\/strong>Boston, MA, USA<\/p>\n<p style=\"text-align: left;\"><strong>Venue<br \/>\n<\/strong>Tang Building \u2013 Wong Auditorium, Massachusetts Institute of Technology, Boston, MA, USA<\/p>\n<p style=\"text-align: left;\"><strong>Website<br \/>\n<\/strong>n\/a<\/p>\n<h2 style=\"text-align: left;\">Editions<\/h2>\n<div class=\"fusion-widget-area fusion-widget-area-1 fusion-content-widget-area\"><div id=\"nav_menu-5\" class=\"widget widget_nav_menu\"><div class=\"menu-arquivo-de-eventos-container\"><ul id=\"menu-arquivo-de-eventos\" class=\"menu\"><li id=\"menu-item-2281\" class=\"menu-item menu-item-type-post_type menu-item-object-page menu-item-2281\"><a href=\"https:\/\/www.paps.pt\/pt-pt\/paps-forum\/\">PAPS Forum<\/a><\/li>\n<li id=\"menu-item-2283\" class=\"menu-item menu-item-type-post_type menu-item-object-page menu-item-2283\"><a href=\"https:\/\/www.paps.pt\/pt-pt\/papspeakers\/\">PAPSpeakers<\/a><\/li>\n<li id=\"menu-item-2282\" class=\"menu-item menu-item-type-post_type menu-item-object-page menu-item-2282\"><a href=\"https:\/\/www.paps.pt\/pt-pt\/paps-meets\/\">PAPS Meets<\/a><\/li>\n<li id=\"menu-item-2280\" class=\"menu-item menu-item-type-post_type menu-item-object-page menu-item-2280\"><a href=\"https:\/\/www.paps.pt\/pt-pt\/grape\/\">GraPE<\/a><\/li>\n<\/ul><\/div><\/div><div class=\"fusion-additional-widget-content\"><\/div><\/div><div class=\"fusion-clearfix\"><\/div>\n\n\t\t\t<\/div>\n\t\t<\/div><\/div><\/div><div id=\"sponsors\"><div  class=\"fusion-fullwidth fullwidth-box nonhundred-percent-fullwidth\"  style='background-color: rgba(255,255,255,0);background-position: left top;background-repeat: no-repeat;padding-top:60px;padding-right:0px;padding-bottom:20px;padding-left:0px;border-top-width:0px;border-bottom-width:0px;border-color:#eae9e9;border-top-style:solid;border-bottom-style:solid;'><div class=\"fusion-builder-row fusion-row \"><div  class=\"fusion-layout-column fusion_builder_column fusion_builder_column_1_1  fusion-one-full fusion-column-first fusion-column-last 1_1\"  style='margin-top:0px;margin-bottom:20px;'>\n\t\t\t<div class=\"fusion-column-wrapper\" style=\"background-position:left top;background-repeat:no-repeat;-webkit-background-size:cover;-moz-background-size:cover;-o-background-size:cover;background-size:cover;\"  data-bg-url=\"\">\n\t\t\t\t<h2>Sponsors<\/h2>\n<p>\u2013 FCT, Funda\u00e7\u00e3o para a Ci\u00eancia e a Tecnologia<br \/>\n\u2013 FLAD, Funda\u00e7\u00e3o Luso-Americana para o Desenvolvimento<br \/>\n\u2013 EDP Renov\u00e1veis<br \/>\n\u2013 WEDO Technologies<br \/>\n\u2013 BluePharma, Ind\u00fastria Farmac\u00eautica, S.A.<br \/>\n\u2013 Boston Portuguese Festival<br \/>\n\u2013 NOPA, National Organization of Portuguese-Americans<br \/>\n\u2013 SATA<br \/>\n\u2013 Portuguese Student Association, MIT Portugal<br \/>\n\u2013 Sunset Cafe<br \/>\n\u2013 Bon Appetit caterers<\/p>\n<div class=\"fusion-clearfix\"><\/div>\n\n\t\t\t<\/div>\n\t\t<\/div><\/div><\/div><\/div><\/p>\n","protected":false},"excerpt":{"rendered":"","protected":false},"author":8,"featured_media":0,"parent":0,"menu_order":0,"comment_status":"closed","ping_status":"closed","template":"100-width.php","meta":{"footnotes":""},"class_list":["post-2021","page","type-page","status-publish","hentry"],"_links":{"self":[{"href":"https:\/\/www.paps.pt\/pt-pt\/wp-json\/wp\/v2\/pages\/2021","targetHints":{"allow":["GET"]}}],"collection":[{"href":"https:\/\/www.paps.pt\/pt-pt\/wp-json\/wp\/v2\/pages"}],"about":[{"href":"https:\/\/www.paps.pt\/pt-pt\/wp-json\/wp\/v2\/types\/page"}],"author":[{"embeddable":true,"href":"https:\/\/www.paps.pt\/pt-pt\/wp-json\/wp\/v2\/users\/8"}],"replies":[{"embeddable":true,"href":"https:\/\/www.paps.pt\/pt-pt\/wp-json\/wp\/v2\/comments?post=2021"}],"version-history":[{"count":1,"href":"https:\/\/www.paps.pt\/pt-pt\/wp-json\/wp\/v2\/pages\/2021\/revisions"}],"predecessor-version":[{"id":2022,"href":"https:\/\/www.paps.pt\/pt-pt\/wp-json\/wp\/v2\/pages\/2021\/revisions\/2022"}],"wp:attachment":[{"href":"https:\/\/www.paps.pt\/pt-pt\/wp-json\/wp\/v2\/media?parent=2021"}],"curies":[{"name":"wp","href":"https:\/\/api.w.org\/{rel}","templated":true}]}}