{"id":2025,"date":"2017-03-31T22:38:52","date_gmt":"2017-03-31T22:38:52","guid":{"rendered":"http:\/\/www.papsonline.org\/?page_id=2025\/"},"modified":"2017-03-31T22:38:52","modified_gmt":"2017-03-31T22:38:52","slug":"paps-forum-xvi-2016","status":"publish","type":"page","link":"https:\/\/www.paps.pt\/pt-pt\/paps-forum-xvi-2016\/","title":{"rendered":"PAPS Forum XVI (2016)"},"content":{"rendered":"<p><div  class=\"fusion-fullwidth fullwidth-box fusion-parallax-none nonhundred-percent-fullwidth fusion-equal-height-columns\"  style='background-color: #ebedf0;background-image: url(\"http:\/\/www.paps.pt\/wp-content\/uploads\/2017\/01\/paps-nyc-green-banner-1.jpg\");background-position: center center;background-repeat: no-repeat;padding-top:20px;padding-right:0px;padding-left:0px;border-top-width:0px;border-bottom-width:0px;border-color:#eae9e9;border-top-style:solid;border-bottom-style:solid;-webkit-background-size:cover;-moz-background-size:cover;-o-background-size:cover;background-size:cover;background-attachment:none;'><div class=\"fusion-builder-row fusion-row \"><div  class=\"fusion-layout-column fusion_builder_column fusion_builder_column_1_1  fusion-one-full fusion-column-first fusion-column-last 1_1\"  style='margin-top:0px;margin-bottom:15px;'>\n\t\t\t<div class=\"fusion-column-wrapper\" style=\"background-position:left top;background-repeat:no-repeat;-webkit-background-size:cover;-moz-background-size:cover;-o-background-size:cover;background-size:cover;\"  data-bg-url=\"\">\n\t\t\t\t<div class=\"fusion-column-content-centered\"><div class=\"fusion-column-content\"><div class=\"fusion-title title fusion-sep-none fusion-title-size-one\" style=\"margin-top:0px;margin-bottom:0px;\"><h1 class=\"title-heading-left\"><h1 class=\"white\">PAPS FORUM XVI (2016)<\/h1><\/h1><\/div><\/div><\/div><div class=\"fusion-clearfix\"><\/div>\n\n\t\t\t<\/div>\n\t\t<\/div><\/div><\/div><div  class=\"fusion-fullwidth fullwidth-box nonhundred-percent-fullwidth\"  style='background-color: rgba(255,255,255,0);background-position: left top;background-repeat: no-repeat;padding-top:40px;padding-right:0px;padding-bottom:20px;padding-left:0px;border-top-width:0px;border-bottom-width:0px;border-color:#eae9e9;border-top-style:solid;border-bottom-style:solid;'><div class=\"fusion-builder-row fusion-row \"><div  class=\"fusion-layout-column fusion_builder_column fusion_builder_column_3_4  fusion-three-fourth fusion-column-first 3_4\"  style='margin-top:0px;margin-bottom:20px;width:74%; margin-right: 4%;'>\n\t\t\t<div class=\"fusion-column-wrapper\" style=\"background-position:left top;background-repeat:no-repeat;-webkit-background-size:cover;-moz-background-size:cover;-o-background-size:cover;background-size:cover;\"  data-bg-url=\"\">\n\t\t\t\t<h2>Program<\/h2>\n<h2>September 22, 2016<\/h2>\n\n<div class=\"table-1\">\n<table width=\"100%\">\n<tbody>\n<tr>\n<td align=\"left\">12:00pm<\/td>\n<td align=\"left\">Lunch with President of Portugal Marcelo Rebelo de Sousa<\/td>\n<\/tr>\n<\/tbody>\n<\/table>\n<\/div>\n<div class=\"fusion-sep-clear\"><\/div><div class=\"fusion-separator fusion-full-width-sep sep-none\" style=\"margin-left: auto;margin-right: auto;margin-top:20px;margin-bottom:0px;\"><\/div><h2>September 24, 2016<\/h2>\n\n<div class=\"table-1\">\n<table width=\"100%\">\n<tbody>\n<tr>\n<td align=\"left\">8:00am<\/td>\n<td align=\"left\">Registration<\/td>\n<\/tr>\n<tr>\n<td align=\"left\">9:00am<\/td>\n<td align=\"left\"><strong>Opening<\/strong><br \/>\nSilvia Curado, Ph.D. &#8211; PAPS President<br \/>\nAugusto Santos Silva, Ph.D. &#8211; His Excellency the Portuguese Minister of Foreign Affairs<\/td>\n<\/tr>\n<tr>\n<td align=\"left\">9:45am<\/td>\n<td align=\"left\"><strong>Session 1 &#8211; The Power of Networks I<\/strong><br \/>\n\u2013 Manuel Lima, M.F.A. &#8211; Founder of VisualComplexity.com, Design Lead at Google and Professor of Data Visualization at Parsons School of Design<br \/>\n\u2013 David Simas, J.D. &#8211; Assistant to the President and Director of the Office of Political Strategy and Outreach<br \/>\n\u2013 Manuela Veloso, Ph.D. &#8211; Herbert A. Simon Professor in Computer Science and Robotics at Carnegie Mellon University<br \/>\n<strong>Round Table Discussion<\/strong><\/td>\n<\/tr>\n<tr>\n<td align=\"left\">11:15am<\/td>\n<td align=\"left\">Coffee Break<\/td>\n<\/tr>\n<tr>\n<td align=\"left\">10:45am<\/td>\n<td align=\"left\"><strong>Session 2 &#8211; The Power of Networks II<br \/>\n<\/strong>Nat\u00e1lia Luis, B.S. &#8211; Chairman and COO at M Luis Products &amp; M Luis Construction<br \/>\nGeorge Perry, Ph.D. &#8211; Dean of the College of Sciences and Professor of Biology at the University of Texas, San Antonio<br \/>\nPedro Concei\u00e7\u00e3o, Ph.D. &#8211; Director of Strategic Policy, Bureau for Policy and Programme Support, United Nations New York\/ Secretary of the First PAPS Executive Committee<br \/>\n<strong>Round Table Discussion<\/strong><\/td>\n<\/tr>\n<tr>\n<td align=\"left\">1:15pm<\/td>\n<td align=\"left\">Lunch<\/td>\n<\/tr>\n<tr>\n<td align=\"left\">2:30pm<\/td>\n<td align=\"left\"><strong>Session 3\u00a0&#8211; Carapaus de Corrida<br \/>\n<\/strong>Ricardo Vasconcelos, Ph.D. &#8211; Associate Professor of Portuguese at San Diego State University<br \/>\n&#8220;On Losers, Leaders, and Racing Horse Mackerels&#8221;<br \/>\n<strong>Artist Presentations<\/strong><\/td>\n<\/tr>\n<tr>\n<td align=\"left\">3:30pm<\/td>\n<td align=\"left\">Coffee Break<\/td>\n<\/tr>\n<tr>\n<td align=\"left\">3:45pm<\/td>\n<td align=\"left\"><strong>Session 4\u00a0&#8211; Connecting Networks with the Future &amp; Brainstorming<br \/>\n<\/strong>Vasco Rato, Ph.D. &#8211; President of Funda\u00e7\u00e3o Luso-Americana para o Desenvolvimento<br \/>\nIsabel Mota &#8211; Calouste Gulbenkian Foundation Trustee<br \/>\nDavid Mar\u00e7al, Ph.D. &#8211; Project Coordinator at Ci\u00eancia Viva<br \/>\n<strong>ROUNDTABLE\/BRAINSTORMING<\/strong><\/td>\n<\/tr>\n<tr>\n<td align=\"left\">7:00pm<\/td>\n<td align=\"left\"><strong>Closing Remarks<br \/>\n<\/strong>Domingos Fezas Vital &#8211; His Excellency the Ambassador of Portugal to the United States<\/td>\n<\/tr>\n<tr>\n<td align=\"left\">8:00pm<\/td>\n<td align=\"left\">Dinner<\/td>\n<\/tr>\n<\/tbody>\n<\/table>\n<\/div>\n<div class=\"fusion-sep-clear\"><\/div><div class=\"fusion-separator fusion-full-width-sep sep-none\" style=\"margin-left: auto;margin-right: auto;margin-top:20px;margin-bottom:0px;\"><\/div><h2>September 25, 2016<\/h2>\n\n<div class=\"table-1\">\n<table width=\"100%\">\n<tbody>\n<tr>\n<td align=\"left\">9:00am<\/td>\n<td align=\"left\">Breakfast<\/td>\n<\/tr>\n<tr>\n<td align=\"left\">9:30am<\/td>\n<td align=\"left\">PAPS General Assembly<\/td>\n<\/tr>\n<\/tbody>\n<\/table>\n<\/div>\n<div class=\"fusion-clearfix\"><\/div>\n\n\t\t\t<\/div>\n\t\t<\/div><div  class=\"fusion-layout-column fusion_builder_column fusion_builder_column_1_4  fusion-one-fourth fusion-column-last 1_4\"  style='margin-top:0px;margin-bottom:20px;width:22%'>\n\t\t\t<div class=\"fusion-column-wrapper\" style=\"background-color:#ebedf0;padding: 15px 25px;background-position:left top;background-repeat:no-repeat;-webkit-background-size:cover;-moz-background-size:cover;-o-background-size:cover;background-size:cover;\"  data-bg-url=\"\">\n\t\t\t\t<h2 style=\"text-align: left;\">Details<\/h2>\n<p style=\"text-align: left;\"><strong>Date<br \/>\n<\/strong>September 22, 24-25, 2016<\/p>\n<p style=\"text-align: left;\"><strong>Title<br \/>\n<\/strong>From 66 to 0 degrees of separation: the power of networks<\/p>\n<p><strong>City<br \/>\n<\/strong>New York City, NY, USA<\/p>\n<p style=\"text-align: left;\"><strong>Venue<br \/>\n<\/strong>Zuckerman Research Center Auditorium, Memorial Sloan-Kettering Cancer Center, NYC<\/p>\n<p><strong>Website<br \/>\n<\/strong>n\/a<\/p>\n<h2 style=\"text-align: left;\">Editions<\/h2>\n<div class=\"fusion-widget-area fusion-widget-area-1 fusion-content-widget-area\"><div id=\"nav_menu-5\" class=\"widget widget_nav_menu\"><div class=\"menu-arquivo-de-eventos-container\"><ul id=\"menu-arquivo-de-eventos\" class=\"menu\"><li id=\"menu-item-2281\" class=\"menu-item menu-item-type-post_type menu-item-object-page menu-item-2281\"><a href=\"https:\/\/www.paps.pt\/pt-pt\/paps-forum\/\">PAPS Forum<\/a><\/li>\n<li id=\"menu-item-2283\" class=\"menu-item menu-item-type-post_type menu-item-object-page menu-item-2283\"><a href=\"https:\/\/www.paps.pt\/pt-pt\/papspeakers\/\">PAPSpeakers<\/a><\/li>\n<li id=\"menu-item-2282\" class=\"menu-item menu-item-type-post_type menu-item-object-page menu-item-2282\"><a href=\"https:\/\/www.paps.pt\/pt-pt\/paps-meets\/\">PAPS Meets<\/a><\/li>\n<li id=\"menu-item-2280\" class=\"menu-item menu-item-type-post_type menu-item-object-page menu-item-2280\"><a href=\"https:\/\/www.paps.pt\/pt-pt\/grape\/\">GraPE<\/a><\/li>\n<\/ul><\/div><\/div><div class=\"fusion-additional-widget-content\"><\/div><\/div><div class=\"fusion-clearfix\"><\/div>\n\n\t\t\t<\/div>\n\t\t<\/div><\/div><\/div><div id=\"sponsors\"><div  class=\"fusion-fullwidth fullwidth-box nonhundred-percent-fullwidth\"  style='background-color: rgba(255,255,255,0);background-position: left top;background-repeat: no-repeat;padding-top:60px;padding-right:0px;padding-bottom:20px;padding-left:0px;border-top-width:0px;border-bottom-width:0px;border-color:#eae9e9;border-top-style:solid;border-bottom-style:solid;'><div class=\"fusion-builder-row fusion-row \"><div  class=\"fusion-layout-column fusion_builder_column fusion_builder_column_1_1  fusion-one-full fusion-column-first fusion-column-last 1_1\"  style='margin-top:0px;margin-bottom:20px;'>\n\t\t\t<div class=\"fusion-column-wrapper\" style=\"background-position:left top;background-repeat:no-repeat;-webkit-background-size:cover;-moz-background-size:cover;-o-background-size:cover;background-size:cover;\"  data-bg-url=\"\">\n\t\t\t\t<h2>Sponsors<\/h2>\n<p>\u2013 Funda\u00e7\u00e3o Calouste Gulbenkian<br \/>\n\u2013 TAP Portugal<br \/>\n\u2013 Minist\u00e9rio dos Neg\u00f3cios Estrangeiros da Rep\u00fablica Portuguesa &#8211; Dire\u00e7\u00e3o-Geral dos<br \/>\nAssuntos Consulares e das Comunidades Portuguesas<br \/>\n\u2013 Azores Airlines<br \/>\n\u2013 FCT, Funda\u00e7\u00e3o para a Ci\u00eancia e a Tecnologia<br \/>\n\u2013 EDP Renewables<br \/>\n\u2013 NOPA, The National Organization of Portuguese-Americans<br \/>\n\u2013 Banco Portugu\u00eas de Investimento<br \/>\n\u2013 Naved, Credit Union<br \/>\n\u2013 Luis Construction Co., Inc.<br \/>\n\u2013 FLAD, Funda\u00e7\u00e3o Luso-Americana para o Desenvolvimento<br \/>\n\u2013 WEDO Technologies<\/p>\n<div class=\"fusion-clearfix\"><\/div>\n\n\t\t\t<\/div>\n\t\t<\/div><\/div><\/div><\/div><\/p>\n","protected":false},"excerpt":{"rendered":"","protected":false},"author":8,"featured_media":0,"parent":0,"menu_order":0,"comment_status":"closed","ping_status":"closed","template":"100-width.php","meta":{"footnotes":""},"class_list":["post-2025","page","type-page","status-publish","hentry"],"_links":{"self":[{"href":"https:\/\/www.paps.pt\/pt-pt\/wp-json\/wp\/v2\/pages\/2025","targetHints":{"allow":["GET"]}}],"collection":[{"href":"https:\/\/www.paps.pt\/pt-pt\/wp-json\/wp\/v2\/pages"}],"about":[{"href":"https:\/\/www.paps.pt\/pt-pt\/wp-json\/wp\/v2\/types\/page"}],"author":[{"embeddable":true,"href":"https:\/\/www.paps.pt\/pt-pt\/wp-json\/wp\/v2\/users\/8"}],"replies":[{"embeddable":true,"href":"https:\/\/www.paps.pt\/pt-pt\/wp-json\/wp\/v2\/comments?post=2025"}],"version-history":[{"count":1,"href":"https:\/\/www.paps.pt\/pt-pt\/wp-json\/wp\/v2\/pages\/2025\/revisions"}],"predecessor-version":[{"id":2026,"href":"https:\/\/www.paps.pt\/pt-pt\/wp-json\/wp\/v2\/pages\/2025\/revisions\/2026"}],"wp:attachment":[{"href":"https:\/\/www.paps.pt\/pt-pt\/wp-json\/wp\/v2\/media?parent=2025"}],"curies":[{"name":"wp","href":"https:\/\/api.w.org\/{rel}","templated":true}]}}